{"id":2038,"date":"2025-01-03T09:13:53","date_gmt":"2025-01-03T08:13:53","guid":{"rendered":"https:\/\/evocert.pl\/?page_id=2038"},"modified":"2025-11-05T08:11:10","modified_gmt":"2025-11-05T07:11:10","slug":"brcgs-food-safety-znakowanie","status":"publish","type":"page","link":"https:\/\/evocert.pl\/pl\/brcgs-food-safety-znakowanie\/","title":{"rendered":"BRCGS Food Safety &#8211; znakowanie"},"content":{"rendered":"\n<div class=\"wp-block-group has-heading-color has-text-color has-link-color has-small-font-size wp-elements-9162f759661d97717eefe734eb971950 is-vertical is-content-justification-stretch is-layout-flex wp-container-core-group-is-layout-d8e33f2a wp-block-group-is-layout-flex\" style=\"padding-right:var(--wp--preset--spacing--60);padding-bottom:var(--wp--preset--spacing--70);padding-left:var(--wp--preset--spacing--30);line-height:1.6\">\n<h2 class=\"wp-block-heading has-custom-logo-color has-text-color has-link-color has-medium-font-size wp-elements-bc97e32b63f58284de0795d4ed1c6f01\">Zasady u\u017cywania logo BRCGS<\/h2>\n\n\n\n<p>Firmy z wa\u017cn\u0105 certyfikacj\u0105 mog\u0105 korzysta\u0107 z logo BRCGS na materia\u0142ach firmowych, takich jak dokumenty czy materia\u0142y marketingowe. Jego u\u017cycie podlega <strong>\u015bci\u015ble okre\u015blonym zasadom<\/strong>, kt\u00f3re maj\u0105 na celu zapobieganie wprowadzaniu w b\u0142\u0105d.<\/p>\n\n\n\n<p>G\u0142\u00f3wne zasady wykorzystywania logo:<\/p>\n\n\n\n<ul class=\"wp-block-list\">\n<li>logo <strong>nie mo\u017ce<\/strong> by\u0107 umieszczane na produktach ani ich opakowaniach,<\/li>\n\n\n\n<li><strong>nie wolno <\/strong>u\u017cywa\u0107 logo do promowania produkt\u00f3w kupowanych do dalszej odsprzeda\u017cy (produkt\u00f3w handlowych).<\/li>\n\n\n\n<li>je\u015bli certyfikat jest <strong>zawieszony, wygas\u0142y lub wycofany<\/strong> \u2013 logo nale\u017cy natychmiast usun\u0105\u0107 z u\u017cycia,<\/li>\n\n\n\n<li>logo mo\u017cna stosowa\u0107 tylko wtedy, gdy <strong>wszystkie produkty<\/strong> wytwarzane, przetwarzane, pakowane lub etykietowane w zak\u0142adzie znajduj\u0105 si\u0119 <strong>w zakresie certyfikacji<\/strong>.<\/li>\n<\/ul>\n\n\n\n<hr class=\"wp-block-separator has-text-color has-custom-logo-color has-alpha-channel-opacity has-custom-logo-background-color has-background is-style-wide\" style=\"margin-top:var(--wp--preset--spacing--40);margin-bottom:var(--wp--preset--spacing--40)\"\/>\n\n\n\n<p class=\"has-small-font-size\">Pe\u0142ne zasady i warunki u\u017cywania logo dost\u0119pne s\u0105 na stronie BRCGS: <a href=\"https:\/\/www.brcgs.com\/resources\/brcgs-brand-guidelines\/\">BRCGS Brand Guidelines<\/a>.<\/p>\n\n\n\n<p>Przed zastosowaniem logo zalecamy dok\u0142adne zapoznanie si\u0119 z dokumentem \u017ar\u00f3d\u0142owym. <\/p>\n<\/div>\n","protected":false},"excerpt":{"rendered":"<p>Zasady u\u017cywania logo BRCGS Firmy z wa\u017cn\u0105 certyfikacj\u0105 mog\u0105 korzysta\u0107 z logo BRCGS na materia\u0142ach firmowych, takich jak dokumenty czy materia\u0142y marketingowe. Jego u\u017cycie podlega \u015bci\u015ble okre\u015blonym zasadom, kt\u00f3re maj\u0105 na celu zapobieganie wprowadzaniu w b\u0142\u0105d. G\u0142\u00f3wne zasady wykorzystywania logo: Pe\u0142ne zasady i warunki u\u017cywania logo dost\u0119pne s\u0105 na stronie BRCGS: BRCGS Brand Guidelines. Przed [&hellip;]<\/p>\n","protected":false},"author":2,"featured_media":0,"parent":0,"menu_order":0,"comment_status":"closed","ping_status":"closed","template":"wp-custom-template-oferta-brc-food-safety-znakowanie","meta":{"footnotes":""},"class_list":["post-2038","page","type-page","status-publish","hentry"],"yoast_head":"<!-- This site is optimized with the Yoast SEO plugin v26.3 - https:\/\/yoast.com\/wordpress\/plugins\/seo\/ -->\n<title>BRCGS Food Safety - znakowanie - EVOCERT<\/title>\n<meta name=\"robots\" content=\"index, follow, max-snippet:-1, max-image-preview:large, max-video-preview:-1\" \/>\n<link rel=\"canonical\" href=\"https:\/\/evocert.pl\/pl\/brcgs-food-safety-znakowanie\/\" \/>\n<meta property=\"og:locale\" content=\"pl_PL\" \/>\n<meta property=\"og:type\" content=\"article\" \/>\n<meta property=\"og:title\" content=\"BRCGS Food Safety - znakowanie - EVOCERT\" \/>\n<meta property=\"og:description\" content=\"Zasady u\u017cywania logo BRCGS Firmy z wa\u017cn\u0105 certyfikacj\u0105 mog\u0105 korzysta\u0107 z logo BRCGS na materia\u0142ach firmowych, takich jak dokumenty czy materia\u0142y marketingowe. Jego u\u017cycie podlega \u015bci\u015ble okre\u015blonym zasadom, kt\u00f3re maj\u0105 na celu zapobieganie wprowadzaniu w b\u0142\u0105d. G\u0142\u00f3wne zasady wykorzystywania logo: Pe\u0142ne zasady i warunki u\u017cywania logo dost\u0119pne s\u0105 na stronie BRCGS: BRCGS Brand Guidelines. Przed [&hellip;]\" \/>\n<meta property=\"og:url\" content=\"https:\/\/evocert.pl\/pl\/brcgs-food-safety-znakowanie\/\" \/>\n<meta property=\"og:site_name\" content=\"EVOCERT\" \/>\n<meta property=\"article:modified_time\" content=\"2025-11-05T07:11:10+00:00\" \/>\n<meta property=\"og:image\" content=\"https:\/\/evocert.pl\/wp-content\/uploads\/2025\/01\/EVOCERT_logo_KOLOR_PNG.png\" \/>\n\t<meta property=\"og:image:width\" content=\"378\" \/>\n\t<meta property=\"og:image:height\" content=\"378\" \/>\n\t<meta property=\"og:image:type\" content=\"image\/png\" \/>\n<meta name=\"twitter:card\" content=\"summary_large_image\" \/>\n<meta name=\"twitter:label1\" content=\"Szacowany czas czytania\" \/>\n\t<meta name=\"twitter:data1\" content=\"1 minuta\" \/>\n<script type=\"application\/ld+json\" class=\"yoast-schema-graph\">{\"@context\":\"https:\/\/schema.org\",\"@graph\":[{\"@type\":\"WebPage\",\"@id\":\"https:\/\/evocert.pl\/brcgs-food-safety-znakowanie\/\",\"url\":\"https:\/\/evocert.pl\/brcgs-food-safety-znakowanie\/\",\"name\":\"BRCGS Food Safety - znakowanie - EVOCERT\",\"isPartOf\":{\"@id\":\"https:\/\/evocert.pl\/en\/#website\"},\"datePublished\":\"2025-01-03T08:13:53+00:00\",\"dateModified\":\"2025-11-05T07:11:10+00:00\",\"breadcrumb\":{\"@id\":\"https:\/\/evocert.pl\/brcgs-food-safety-znakowanie\/#breadcrumb\"},\"inLanguage\":\"pl-PL\",\"potentialAction\":[{\"@type\":\"ReadAction\",\"target\":[\"https:\/\/evocert.pl\/brcgs-food-safety-znakowanie\/\"]}]},{\"@type\":\"BreadcrumbList\",\"@id\":\"https:\/\/evocert.pl\/brcgs-food-safety-znakowanie\/#breadcrumb\",\"itemListElement\":[{\"@type\":\"ListItem\",\"position\":1,\"name\":\"Strona g\u0142\u00f3wna\",\"item\":\"https:\/\/evocert.pl\/en\/\"},{\"@type\":\"ListItem\",\"position\":2,\"name\":\"BRCGS Food Safety &#8211; znakowanie\"}]},{\"@type\":\"WebSite\",\"@id\":\"https:\/\/evocert.pl\/en\/#website\",\"url\":\"https:\/\/evocert.pl\/en\/\",\"name\":\"EVOCERT\",\"description\":\"Evolution in certification\",\"publisher\":{\"@id\":\"https:\/\/evocert.pl\/en\/#organization\"},\"potentialAction\":[{\"@type\":\"SearchAction\",\"target\":{\"@type\":\"EntryPoint\",\"urlTemplate\":\"https:\/\/evocert.pl\/en\/?s={search_term_string}\"},\"query-input\":{\"@type\":\"PropertyValueSpecification\",\"valueRequired\":true,\"valueName\":\"search_term_string\"}}],\"inLanguage\":\"pl-PL\"},{\"@type\":\"Organization\",\"@id\":\"https:\/\/evocert.pl\/en\/#organization\",\"name\":\"EVOCERT\",\"url\":\"https:\/\/evocert.pl\/en\/\",\"logo\":{\"@type\":\"ImageObject\",\"inLanguage\":\"pl-PL\",\"@id\":\"https:\/\/evocert.pl\/en\/#\/schema\/logo\/image\/\",\"url\":\"https:\/\/evocert.pl\/wp-content\/uploads\/2025\/01\/EVOCERT_logo_KOLOR_PNG.png\",\"contentUrl\":\"https:\/\/evocert.pl\/wp-content\/uploads\/2025\/01\/EVOCERT_logo_KOLOR_PNG.png\",\"width\":378,\"height\":378,\"caption\":\"EVOCERT\"},\"image\":{\"@id\":\"https:\/\/evocert.pl\/en\/#\/schema\/logo\/image\/\"},\"sameAs\":[\"https:\/\/www.linkedin.com\/company\/evocert-sp-z-o-o\"]}]}<\/script>\n<!-- \/ Yoast SEO plugin. -->","yoast_head_json":{"title":"BRCGS Food Safety - znakowanie - EVOCERT","robots":{"index":"index","follow":"follow","max-snippet":"max-snippet:-1","max-image-preview":"max-image-preview:large","max-video-preview":"max-video-preview:-1"},"canonical":"https:\/\/evocert.pl\/pl\/brcgs-food-safety-znakowanie\/","og_locale":"pl_PL","og_type":"article","og_title":"BRCGS Food Safety - znakowanie - EVOCERT","og_description":"Zasady u\u017cywania logo BRCGS Firmy z wa\u017cn\u0105 certyfikacj\u0105 mog\u0105 korzysta\u0107 z logo BRCGS na materia\u0142ach firmowych, takich jak dokumenty czy materia\u0142y marketingowe. Jego u\u017cycie podlega \u015bci\u015ble okre\u015blonym zasadom, kt\u00f3re maj\u0105 na celu zapobieganie wprowadzaniu w b\u0142\u0105d. G\u0142\u00f3wne zasady wykorzystywania logo: Pe\u0142ne zasady i warunki u\u017cywania logo dost\u0119pne s\u0105 na stronie BRCGS: BRCGS Brand Guidelines. Przed [&hellip;]","og_url":"https:\/\/evocert.pl\/pl\/brcgs-food-safety-znakowanie\/","og_site_name":"EVOCERT","article_modified_time":"2025-11-05T07:11:10+00:00","og_image":[{"width":378,"height":378,"url":"https:\/\/evocert.pl\/wp-content\/uploads\/2025\/01\/EVOCERT_logo_KOLOR_PNG.png","type":"image\/png"}],"twitter_card":"summary_large_image","twitter_misc":{"Szacowany czas czytania":"1 minuta"},"schema":{"@context":"https:\/\/schema.org","@graph":[{"@type":"WebPage","@id":"https:\/\/evocert.pl\/brcgs-food-safety-znakowanie\/","url":"https:\/\/evocert.pl\/brcgs-food-safety-znakowanie\/","name":"BRCGS Food Safety - znakowanie - EVOCERT","isPartOf":{"@id":"https:\/\/evocert.pl\/en\/#website"},"datePublished":"2025-01-03T08:13:53+00:00","dateModified":"2025-11-05T07:11:10+00:00","breadcrumb":{"@id":"https:\/\/evocert.pl\/brcgs-food-safety-znakowanie\/#breadcrumb"},"inLanguage":"pl-PL","potentialAction":[{"@type":"ReadAction","target":["https:\/\/evocert.pl\/brcgs-food-safety-znakowanie\/"]}]},{"@type":"BreadcrumbList","@id":"https:\/\/evocert.pl\/brcgs-food-safety-znakowanie\/#breadcrumb","itemListElement":[{"@type":"ListItem","position":1,"name":"Strona g\u0142\u00f3wna","item":"https:\/\/evocert.pl\/en\/"},{"@type":"ListItem","position":2,"name":"BRCGS Food Safety &#8211; znakowanie"}]},{"@type":"WebSite","@id":"https:\/\/evocert.pl\/en\/#website","url":"https:\/\/evocert.pl\/en\/","name":"EVOCERT","description":"Evolution in certification","publisher":{"@id":"https:\/\/evocert.pl\/en\/#organization"},"potentialAction":[{"@type":"SearchAction","target":{"@type":"EntryPoint","urlTemplate":"https:\/\/evocert.pl\/en\/?s={search_term_string}"},"query-input":{"@type":"PropertyValueSpecification","valueRequired":true,"valueName":"search_term_string"}}],"inLanguage":"pl-PL"},{"@type":"Organization","@id":"https:\/\/evocert.pl\/en\/#organization","name":"EVOCERT","url":"https:\/\/evocert.pl\/en\/","logo":{"@type":"ImageObject","inLanguage":"pl-PL","@id":"https:\/\/evocert.pl\/en\/#\/schema\/logo\/image\/","url":"https:\/\/evocert.pl\/wp-content\/uploads\/2025\/01\/EVOCERT_logo_KOLOR_PNG.png","contentUrl":"https:\/\/evocert.pl\/wp-content\/uploads\/2025\/01\/EVOCERT_logo_KOLOR_PNG.png","width":378,"height":378,"caption":"EVOCERT"},"image":{"@id":"https:\/\/evocert.pl\/en\/#\/schema\/logo\/image\/"},"sameAs":["https:\/\/www.linkedin.com\/company\/evocert-sp-z-o-o"]}]}},"_links":{"self":[{"href":"https:\/\/evocert.pl\/pl\/wp-json\/wp\/v2\/pages\/2038","targetHints":{"allow":["GET"]}}],"collection":[{"href":"https:\/\/evocert.pl\/pl\/wp-json\/wp\/v2\/pages"}],"about":[{"href":"https:\/\/evocert.pl\/pl\/wp-json\/wp\/v2\/types\/page"}],"author":[{"embeddable":true,"href":"https:\/\/evocert.pl\/pl\/wp-json\/wp\/v2\/users\/2"}],"replies":[{"embeddable":true,"href":"https:\/\/evocert.pl\/pl\/wp-json\/wp\/v2\/comments?post=2038"}],"version-history":[{"count":4,"href":"https:\/\/evocert.pl\/pl\/wp-json\/wp\/v2\/pages\/2038\/revisions"}],"predecessor-version":[{"id":5075,"href":"https:\/\/evocert.pl\/pl\/wp-json\/wp\/v2\/pages\/2038\/revisions\/5075"}],"wp:attachment":[{"href":"https:\/\/evocert.pl\/pl\/wp-json\/wp\/v2\/media?parent=2038"}],"curies":[{"name":"wp","href":"https:\/\/api.w.org\/{rel}","templated":true}]}}