{"id":1760,"date":"2025-01-02T13:16:59","date_gmt":"2025-01-02T12:16:59","guid":{"rendered":"https:\/\/evocert.pl\/?page_id=1760"},"modified":"2026-04-23T10:39:32","modified_gmt":"2026-04-23T08:39:32","slug":"ifs-logistics-wymagania","status":"publish","type":"page","link":"https:\/\/evocert.pl\/pl\/ifs-logistics-wymagania\/","title":{"rendered":"IFS Logistics &#8211; wymagania"},"content":{"rendered":"\n<div class=\"wp-block-group alignfull has-heading-color has-text-color has-link-color has-small-font-size wp-elements-35e6f338761746e212ae79fa1ba4e135 is-vertical is-content-justification-stretch is-layout-flex wp-container-core-group-is-layout-d8e33f2a wp-block-group-is-layout-flex\" style=\"padding-right:var(--wp--preset--spacing--60);padding-bottom:var(--wp--preset--spacing--70);padding-left:var(--wp--preset--spacing--30);line-height:1.6\">\n<h2 class=\"wp-block-heading has-custom-logo-color has-text-color has-link-color has-medium-font-size wp-elements-1970dacdf107f2a51810e527d4447a9c\">Na jakich wymaganiach opiera si\u0119 certyfikacja IFS Logistics v. 3?<\/h2>\n\n\n\n<p>Aby uzyska\u0107 certyfikat IFS Logistics, firma musi spe\u0142ni\u0107 kryteria okre\u015blone w mi\u0119dzynarodowym standardzie <strong>IFS Logistics v. 3<\/strong>. W EVOCERT przeprowadzamy ocen\u0119 zgodno\u015bci na podstawie <strong>aktualnych i oficjalnych wymaga\u0144 i wytycznych<\/strong>.<\/p>\n\n\n\n<p>Proces certyfikacji realizujemy w oparciu o:<\/p>\n\n\n\n<ul class=\"wp-block-list\">\n<li><strong>Standard IFS Logistics v. 3<\/strong> \u2013 g\u0142\u00f3wny dokument okre\u015blaj\u0105cy wymagania dotycz\u0105ce bezpiecze\u0144stwa i jako\u015bci produkt\u00f3w, struktury zarz\u0105dzania, proces\u00f3w oraz system\u00f3w kontroli,<\/li>\n\n\n\n<li><strong>Doktryn\u0119 v. 2 IFS Logistics v. 3<\/strong> \u2013 interpretacje i wyja\u015bnienia dotycz\u0105ce stosowania wymaga\u0144 trzeciej wersji Standardu,<\/li>\n\n\n\n<li><strong>Doktryn\u0119 v. 3 IFS Logistics v. 3<\/strong> \u2013 aktualizacja doktryny obowi\u0105zuj\u0105ca od 23.06.2026,<\/li>\n\n\n\n<li><strong>Przewodniki IFS<\/strong> \u2013 dokumenty pomocnicze, u\u0142atwiaj\u0105ce zrozumienie i wdra\u017canie standardu,<\/li>\n\n\n\n<li><strong>Obowi\u0105zuj\u0105ce przepisy prawa<\/strong> w zakresie higieny, bezpiecze\u0144stwa \u017cywno\u015bci i system\u00f3w jako\u015bci.<\/li>\n<\/ul>\n\n\n\n<hr class=\"wp-block-separator has-text-color has-custom-logo-color has-alpha-channel-opacity has-custom-logo-background-color has-background is-style-wide\" style=\"margin-top:var(--wp--preset--spacing--40);margin-bottom:var(--wp--preset--spacing--40)\"\/>\n\n\n\n<h2 class=\"wp-block-heading has-custom-logo-color has-text-color has-link-color has-medium-font-size wp-elements-6af26d3727be14fa7d1c2dc29a4afa26\">Informacja o Programie IFS Integrity<br><\/h2>\n\n\n\n<p>Zgodnie z wymaganiami <strong>Aneksu 4 do Umowy Ramowej IFS<\/strong>, informujemy, \u017ce wszystkie audyty prowadzone w ramach certyfikacji IFS mog\u0105 podlega\u0107 nadzorowi w ramach <strong>Programu IFS Integrity<\/strong>.<\/p>\n\n\n\n<p>W ramach tego programu:<\/p>\n\n\n\n<ul class=\"wp-block-list\">\n<li>IFS Management prowadzi <strong>niezapowiedziane lub zapowiedziane kontrole<\/strong> (Integrity on-site Checks) w certyfikowanych zak\u0142adach,<\/li>\n\n\n\n<li>audytorzy mog\u0105 by\u0107 obj\u0119ci <strong>audytami nadzorowanymi<\/strong> (Integrity Witness Audits),<\/li>\n\n\n\n<li>jednostki certyfikuj\u0105ce i audytorzy podlegaj\u0105 systemowi oceny i sankcji w przypadku narusze\u0144 zasad IFS.<\/li>\n<\/ul>\n\n\n\n<p><strong>Co to oznacza dla Pa\u0144stwa?<\/strong><\/p>\n\n\n\n<ul class=\"wp-block-list\">\n<li>Integrity on-site Checks mog\u0105 by\u0107 przeprowadzane w dowolnym momencie w certyfikowanym zak\u0142adzie.<\/li>\n\n\n\n<li>Wyniki takich kontroli mog\u0105 mie\u0107 wp\u0142yw na wa\u017cno\u015b\u0107 certyfikatu IFS Food \u2013 np. w przypadku stwierdzenia niezgodno\u015bci mo\u017ce zosta\u0107 on zawieszony.<\/li>\n\n\n\n<li>Podczas zwyk\u0142ego audytu mo\u017ce by\u0107 obecny dodatkowy audytor-obserwator, kt\u00f3rego zadaniem jest ocena pracy audytora prowadz\u0105cego, a nie ocenianie firmy.<\/li>\n\n\n\n<li>Odmowa wpuszczenia audytor\u00f3w IFS Management na teren zak\u0142adu w ramach Integrity on-site Check jest traktowana tak samo, jak odmowa audytu jednostki certyfikuj\u0105cej (EVOCERT) i skutkuje takimi samymi konsekwencjami.<\/li>\n<\/ul>\n\n\n\n<p>Program IFS Integrity ma na celu zapewnienie najwy\u017cszej jako\u015bci, rzetelno\u015bci i wiarygodno\u015bci certyfikacji IFS.<\/p>\n\n\n\n<p>Pe\u0142ny tekst <strong>Aneksu 4 do Umowy Ramowej IFS<\/strong>, opisuj\u0105cy zasady Programu IFS Integrity, dost\u0119pny jest w zak\u0142adce <strong>Do pobrania<\/strong>.<\/p>\n\n\n\n<hr class=\"wp-block-separator has-text-color has-custom-logo-color has-alpha-channel-opacity has-custom-logo-background-color has-background is-style-wide\" style=\"margin-top:var(--wp--preset--spacing--40);margin-bottom:var(--wp--preset--spacing--40)\"\/>\n\n\n\n<h2 class=\"wp-block-heading has-custom-logo-color has-text-color has-link-color has-medium-font-size wp-elements-6c52137fa0dc4b079d4c1fd154cc7474\">Przejrzysto\u015b\u0107 i dost\u0119pno\u015b\u0107<\/h2>\n\n\n\n<p>Pe\u0142na tre\u015b\u0107 standardu IFS Logistics v. 3 oraz dokument\u00f3w pomocniczych jest <strong>dost\u0119pna<\/strong> <strong>na oficjalnej stronie IFS<\/strong>. Dzi\u0119ki temu nasi Klienci dok\u0142adnie wiedz\u0105, na jakich zasadach odbywa si\u0119 ocena.<\/p>\n\n\n\n<hr class=\"wp-block-separator has-text-color has-custom-logo-color has-alpha-channel-opacity has-custom-logo-background-color has-background is-style-wide\" style=\"margin-top:var(--wp--preset--spacing--40);margin-bottom:var(--wp--preset--spacing--40)\"\/>\n\n\n\n<h2 class=\"wp-block-heading has-custom-logo-color has-text-color has-link-color has-medium-font-size wp-elements-7f3cdbf2ca6a66a253ecca0ec65a5950\">Masz w\u0105tpliwo\u015bci? <\/h2>\n\n\n\n<p>Zesp\u00f3\u0142 <strong>EVOCERT<\/strong> ch\u0119tnie pomo\u017ce i odpowie na ka\u017cde pytanie \u2013 jeste\u015bmy z Tob\u0105 na ka\u017cdym etapie certyfikacji.<\/p>\n\n\n\n<div class=\"wp-block-buttons is-content-justification-center is-layout-flex wp-container-core-buttons-is-layout-c304233e wp-block-buttons-is-layout-flex\" style=\"margin-top:var(--wp--preset--spacing--20);margin-bottom:var(--wp--preset--spacing--30)\">\n<div class=\"wp-block-button\"><a class=\"wp-block-button__link has-foreground-color has-custom-logo-background-color has-text-color has-background has-link-color has-body-text-font-size has-custom-font-size wp-element-button\" href=\"https:\/\/evocert.pl\/pl\/ifs-food-kontakt\/\" style=\"padding-top:0.85rem;padding-right:2rem;padding-bottom:0.85rem;padding-left:2rem\"><strong>Skontaktuj si\u0119 z nami<\/strong><\/a><\/div>\n<\/div>\n<\/div>\n","protected":false},"excerpt":{"rendered":"<p>Na jakich wymaganiach opiera si\u0119 certyfikacja IFS Logistics v. 3? Aby uzyska\u0107 certyfikat IFS Logistics, firma musi spe\u0142ni\u0107 kryteria okre\u015blone w mi\u0119dzynarodowym standardzie IFS Logistics v. 3. W EVOCERT przeprowadzamy ocen\u0119 zgodno\u015bci na podstawie aktualnych i oficjalnych wymaga\u0144 i wytycznych. Proces certyfikacji realizujemy w oparciu o: Informacja o Programie IFS Integrity Zgodnie z wymaganiami Aneksu [&hellip;]<\/p>\n","protected":false},"author":2,"featured_media":0,"parent":0,"menu_order":0,"comment_status":"closed","ping_status":"closed","template":"wp-custom-template-oferta-ifs-logistics-podstawy-prawne-wymagania","meta":{"footnotes":""},"class_list":["post-1760","page","type-page","status-publish","hentry"],"yoast_head":"<!-- This site is optimized with the Yoast SEO plugin v26.3 - https:\/\/yoast.com\/wordpress\/plugins\/seo\/ -->\n<title>IFS Logistics - wymagania - EVOCERT<\/title>\n<meta name=\"robots\" content=\"index, follow, max-snippet:-1, max-image-preview:large, max-video-preview:-1\" \/>\n<link rel=\"canonical\" href=\"https:\/\/evocert.pl\/pl\/ifs-logistics-wymagania\/\" \/>\n<meta property=\"og:locale\" content=\"pl_PL\" \/>\n<meta property=\"og:type\" content=\"article\" \/>\n<meta property=\"og:title\" content=\"IFS Logistics - wymagania - EVOCERT\" \/>\n<meta property=\"og:description\" content=\"Na jakich wymaganiach opiera si\u0119 certyfikacja IFS Logistics v. 3? Aby uzyska\u0107 certyfikat IFS Logistics, firma musi spe\u0142ni\u0107 kryteria okre\u015blone w mi\u0119dzynarodowym standardzie IFS Logistics v. 3. W EVOCERT przeprowadzamy ocen\u0119 zgodno\u015bci na podstawie aktualnych i oficjalnych wymaga\u0144 i wytycznych. Proces certyfikacji realizujemy w oparciu o: Informacja o Programie IFS Integrity Zgodnie z wymaganiami Aneksu [&hellip;]\" \/>\n<meta property=\"og:url\" content=\"https:\/\/evocert.pl\/pl\/ifs-logistics-wymagania\/\" \/>\n<meta property=\"og:site_name\" content=\"EVOCERT\" \/>\n<meta property=\"article:modified_time\" content=\"2026-04-23T08:39:32+00:00\" \/>\n<meta property=\"og:image\" content=\"https:\/\/evocert.pl\/wp-content\/uploads\/2025\/01\/EVOCERT_logo_KOLOR_PNG.png\" \/>\n\t<meta property=\"og:image:width\" content=\"378\" \/>\n\t<meta property=\"og:image:height\" content=\"378\" \/>\n\t<meta property=\"og:image:type\" content=\"image\/png\" \/>\n<meta name=\"twitter:card\" content=\"summary_large_image\" \/>\n<meta name=\"twitter:label1\" content=\"Szacowany czas czytania\" \/>\n\t<meta name=\"twitter:data1\" content=\"5 minut\" \/>\n<script type=\"application\/ld+json\" class=\"yoast-schema-graph\">{\"@context\":\"https:\/\/schema.org\",\"@graph\":[{\"@type\":\"WebPage\",\"@id\":\"https:\/\/evocert.pl\/ifs-logistics-wymagania\/\",\"url\":\"https:\/\/evocert.pl\/ifs-logistics-wymagania\/\",\"name\":\"IFS Logistics - wymagania - EVOCERT\",\"isPartOf\":{\"@id\":\"https:\/\/evocert.pl\/en\/#website\"},\"datePublished\":\"2025-01-02T12:16:59+00:00\",\"dateModified\":\"2026-04-23T08:39:32+00:00\",\"breadcrumb\":{\"@id\":\"https:\/\/evocert.pl\/ifs-logistics-wymagania\/#breadcrumb\"},\"inLanguage\":\"pl-PL\",\"potentialAction\":[{\"@type\":\"ReadAction\",\"target\":[\"https:\/\/evocert.pl\/ifs-logistics-wymagania\/\"]}]},{\"@type\":\"BreadcrumbList\",\"@id\":\"https:\/\/evocert.pl\/ifs-logistics-wymagania\/#breadcrumb\",\"itemListElement\":[{\"@type\":\"ListItem\",\"position\":1,\"name\":\"Strona g\u0142\u00f3wna\",\"item\":\"https:\/\/evocert.pl\/en\/\"},{\"@type\":\"ListItem\",\"position\":2,\"name\":\"IFS Logistics &#8211; wymagania\"}]},{\"@type\":\"WebSite\",\"@id\":\"https:\/\/evocert.pl\/en\/#website\",\"url\":\"https:\/\/evocert.pl\/en\/\",\"name\":\"EVOCERT\",\"description\":\"Evolution in certification\",\"publisher\":{\"@id\":\"https:\/\/evocert.pl\/en\/#organization\"},\"potentialAction\":[{\"@type\":\"SearchAction\",\"target\":{\"@type\":\"EntryPoint\",\"urlTemplate\":\"https:\/\/evocert.pl\/en\/?s={search_term_string}\"},\"query-input\":{\"@type\":\"PropertyValueSpecification\",\"valueRequired\":true,\"valueName\":\"search_term_string\"}}],\"inLanguage\":\"pl-PL\"},{\"@type\":\"Organization\",\"@id\":\"https:\/\/evocert.pl\/en\/#organization\",\"name\":\"EVOCERT\",\"url\":\"https:\/\/evocert.pl\/en\/\",\"logo\":{\"@type\":\"ImageObject\",\"inLanguage\":\"pl-PL\",\"@id\":\"https:\/\/evocert.pl\/en\/#\/schema\/logo\/image\/\",\"url\":\"https:\/\/evocert.pl\/wp-content\/uploads\/2025\/01\/EVOCERT_logo_KOLOR_PNG.png\",\"contentUrl\":\"https:\/\/evocert.pl\/wp-content\/uploads\/2025\/01\/EVOCERT_logo_KOLOR_PNG.png\",\"width\":378,\"height\":378,\"caption\":\"EVOCERT\"},\"image\":{\"@id\":\"https:\/\/evocert.pl\/en\/#\/schema\/logo\/image\/\"},\"sameAs\":[\"https:\/\/www.linkedin.com\/company\/evocert-sp-z-o-o\"]}]}<\/script>\n<!-- \/ Yoast SEO plugin. -->","yoast_head_json":{"title":"IFS Logistics - wymagania - EVOCERT","robots":{"index":"index","follow":"follow","max-snippet":"max-snippet:-1","max-image-preview":"max-image-preview:large","max-video-preview":"max-video-preview:-1"},"canonical":"https:\/\/evocert.pl\/pl\/ifs-logistics-wymagania\/","og_locale":"pl_PL","og_type":"article","og_title":"IFS Logistics - wymagania - EVOCERT","og_description":"Na jakich wymaganiach opiera si\u0119 certyfikacja IFS Logistics v. 3? Aby uzyska\u0107 certyfikat IFS Logistics, firma musi spe\u0142ni\u0107 kryteria okre\u015blone w mi\u0119dzynarodowym standardzie IFS Logistics v. 3. W EVOCERT przeprowadzamy ocen\u0119 zgodno\u015bci na podstawie aktualnych i oficjalnych wymaga\u0144 i wytycznych. Proces certyfikacji realizujemy w oparciu o: Informacja o Programie IFS Integrity Zgodnie z wymaganiami Aneksu [&hellip;]","og_url":"https:\/\/evocert.pl\/pl\/ifs-logistics-wymagania\/","og_site_name":"EVOCERT","article_modified_time":"2026-04-23T08:39:32+00:00","og_image":[{"width":378,"height":378,"url":"https:\/\/evocert.pl\/wp-content\/uploads\/2025\/01\/EVOCERT_logo_KOLOR_PNG.png","type":"image\/png"}],"twitter_card":"summary_large_image","twitter_misc":{"Szacowany czas czytania":"5 minut"},"schema":{"@context":"https:\/\/schema.org","@graph":[{"@type":"WebPage","@id":"https:\/\/evocert.pl\/ifs-logistics-wymagania\/","url":"https:\/\/evocert.pl\/ifs-logistics-wymagania\/","name":"IFS Logistics - wymagania - EVOCERT","isPartOf":{"@id":"https:\/\/evocert.pl\/en\/#website"},"datePublished":"2025-01-02T12:16:59+00:00","dateModified":"2026-04-23T08:39:32+00:00","breadcrumb":{"@id":"https:\/\/evocert.pl\/ifs-logistics-wymagania\/#breadcrumb"},"inLanguage":"pl-PL","potentialAction":[{"@type":"ReadAction","target":["https:\/\/evocert.pl\/ifs-logistics-wymagania\/"]}]},{"@type":"BreadcrumbList","@id":"https:\/\/evocert.pl\/ifs-logistics-wymagania\/#breadcrumb","itemListElement":[{"@type":"ListItem","position":1,"name":"Strona g\u0142\u00f3wna","item":"https:\/\/evocert.pl\/en\/"},{"@type":"ListItem","position":2,"name":"IFS Logistics &#8211; wymagania"}]},{"@type":"WebSite","@id":"https:\/\/evocert.pl\/en\/#website","url":"https:\/\/evocert.pl\/en\/","name":"EVOCERT","description":"Evolution in certification","publisher":{"@id":"https:\/\/evocert.pl\/en\/#organization"},"potentialAction":[{"@type":"SearchAction","target":{"@type":"EntryPoint","urlTemplate":"https:\/\/evocert.pl\/en\/?s={search_term_string}"},"query-input":{"@type":"PropertyValueSpecification","valueRequired":true,"valueName":"search_term_string"}}],"inLanguage":"pl-PL"},{"@type":"Organization","@id":"https:\/\/evocert.pl\/en\/#organization","name":"EVOCERT","url":"https:\/\/evocert.pl\/en\/","logo":{"@type":"ImageObject","inLanguage":"pl-PL","@id":"https:\/\/evocert.pl\/en\/#\/schema\/logo\/image\/","url":"https:\/\/evocert.pl\/wp-content\/uploads\/2025\/01\/EVOCERT_logo_KOLOR_PNG.png","contentUrl":"https:\/\/evocert.pl\/wp-content\/uploads\/2025\/01\/EVOCERT_logo_KOLOR_PNG.png","width":378,"height":378,"caption":"EVOCERT"},"image":{"@id":"https:\/\/evocert.pl\/en\/#\/schema\/logo\/image\/"},"sameAs":["https:\/\/www.linkedin.com\/company\/evocert-sp-z-o-o"]}]}},"_links":{"self":[{"href":"https:\/\/evocert.pl\/pl\/wp-json\/wp\/v2\/pages\/1760","targetHints":{"allow":["GET"]}}],"collection":[{"href":"https:\/\/evocert.pl\/pl\/wp-json\/wp\/v2\/pages"}],"about":[{"href":"https:\/\/evocert.pl\/pl\/wp-json\/wp\/v2\/types\/page"}],"author":[{"embeddable":true,"href":"https:\/\/evocert.pl\/pl\/wp-json\/wp\/v2\/users\/2"}],"replies":[{"embeddable":true,"href":"https:\/\/evocert.pl\/pl\/wp-json\/wp\/v2\/comments?post=1760"}],"version-history":[{"count":5,"href":"https:\/\/evocert.pl\/pl\/wp-json\/wp\/v2\/pages\/1760\/revisions"}],"predecessor-version":[{"id":5326,"href":"https:\/\/evocert.pl\/pl\/wp-json\/wp\/v2\/pages\/1760\/revisions\/5326"}],"wp:attachment":[{"href":"https:\/\/evocert.pl\/pl\/wp-json\/wp\/v2\/media?parent=1760"}],"curies":[{"name":"wp","href":"https:\/\/api.w.org\/{rel}","templated":true}]}}