{"id":1693,"date":"2025-01-02T12:43:19","date_gmt":"2025-01-02T11:43:19","guid":{"rendered":"https:\/\/evocert.pl\/?page_id=1693"},"modified":"2025-10-24T11:04:52","modified_gmt":"2025-10-24T09:04:52","slug":"ifs-logistics","status":"publish","type":"page","link":"https:\/\/evocert.pl\/pl\/ifs-logistics\/","title":{"rendered":"IFS Logistics"},"content":{"rendered":"\n<div class=\"wp-block-group has-heading-color has-text-color has-link-color has-small-font-size wp-elements-05535aacf4c2cc465a5c550ac8c9483e is-vertical is-content-justification-stretch is-layout-flex wp-container-core-group-is-layout-a5b1d185 wp-block-group-is-layout-flex\" style=\"padding-right:var(--wp--preset--spacing--60);padding-bottom:var(--wp--preset--spacing--60);padding-left:var(--wp--preset--spacing--30);line-height:1.6\">\n<h2 class=\"wp-block-heading has-custom-logo-color has-text-color has-link-color has-medium-font-size wp-elements-635d2bb9a9a0e381c2e710b8466a391e\">Czym jest IFS Logistics?<\/h2>\n\n\n\n<p>Zakres <strong>Standardu IFS Logistics v.3 <\/strong>dotyczy wszystkich rodzaj\u00f3w us\u0142ug transportowych i magazynowych w logistycznym \u0142a\u0144cuchu dostaw. Obejmuje to mi\u0119dzy innymi transport ci\u0119\u017car\u00f3wk\u0105, poci\u0105giem, statkiem lub samolotem oraz przechowywanie w temperaturze kontrolowanej lub stabilnej temperaturze otoczenia. <\/p>\n\n\n\n<hr class=\"wp-block-separator has-text-color has-custom-logo-color has-alpha-channel-opacity has-custom-logo-background-color has-background is-style-wide\" style=\"margin-top:var(--wp--preset--spacing--40);margin-bottom:var(--wp--preset--spacing--40)\"\/>\n\n\n\n<p>Standard IFS Logistics ma zastosowanie do produkt\u00f3w spo\u017cywczych i niespo\u017cywczych. Obejmuje on wszystkie dzia\u0142ania logistyczne, takie jak za\u0142adunek, transport, roz\u0142adunek, magazynowanie, prze\u0142adunek i dalsz\u0105 dystrybucj\u0119 produkt\u00f3w.<\/p>\n\n\n\n<p>Standard IFS Logistics ma r\u00f3wnie\u017c zastosowanie do niekt\u00f3rych us\u0142ug przetwarzania logistycznego, kt\u00f3re mog\u0105 by\u0107 prowadzone opr\u00f3cz g\u0142\u00f3wnej us\u0142ugi magazynowania w audytowanym obiekcie (zamra\u017canie i rozmra\u017canie, dojrzewanie owoc\u00f3w i warzyw, proste sortowanie owoc\u00f3w i warzyw pod k\u0105tem jako\u015bciowym, pakowanie produkt\u00f3w ju\u017c zapakowanych, etykietowanie, polegaj\u0105ce na naklejaniu wcze\u015bniej przygotowanych etykiet na zapakowane produkty przeznaczone dla konsumenta ko\u0144cowego).<\/p>\n\n\n\n<p>Ponadto standard ten<strong> ma r\u00f3wnie\u017c zastosowanie <\/strong>do firm logistycznych:<\/p>\n\n\n\n<ul class=\"wp-block-list\">\n<li>korzystaj\u0105cych z us\u0142ugodawc\u00f3w w zakresie transportu i\/lub magazynowania,<\/li>\n\n\n\n<li>wy\u0142\u0105cznie organizuj\u0105cych transport, nieposiadaj\u0105cych jednostek transportowych,<\/li>\n\n\n\n<li>oferuj\u0105cych kr\u00f3tkoterminowe przechowywanie i\/lub transport kontenera do w\u0142asnego parku kontenerowego.<\/li>\n<\/ul>\n\n\n\n<hr class=\"wp-block-separator has-text-color has-custom-logo-color has-alpha-channel-opacity has-custom-logo-background-color has-background is-style-wide\" style=\"margin-top:var(--wp--preset--spacing--40);margin-bottom:var(--wp--preset--spacing--40)\"\/>\n\n\n\n<p>Standard IFS Logistics <strong>nie ma zastosowania<\/strong> do nast\u0119puj\u0105cych dzia\u0142alno\u015bci:<\/p>\n\n\n\n<ul class=\"wp-block-list\">\n<li>przetwarzanie \u017cywno\u015bci lub produkt\u00f3w nie\u017cywno\u015bciowych (z wyj\u0105tkiem us\u0142ug przetwarzania logistycznego dozwolonych w zakresie IFS Logistics, zgodnie z cz\u0119\u015bci\u0105 1 wykres 2 i za\u0142\u0105cznikiem 1 Standardu),<\/li>\n\n\n\n<li>import i handel towarami (np. typowe firmy brokerskie z dzia\u0142alno\u015bci\u0105 zakupow\u0105),<\/li>\n\n\n\n<li>transport \u017cywych zwierz\u0105t.<\/li>\n<\/ul>\n\n\n\n<hr class=\"wp-block-separator has-text-color has-custom-logo-color has-alpha-channel-opacity has-custom-logo-background-color has-background is-style-wide\" style=\"margin-top:var(--wp--preset--spacing--40);margin-bottom:var(--wp--preset--spacing--40)\"\/>\n\n\n\n<h2 class=\"wp-block-heading has-custom-logo-color has-text-color has-link-color has-medium-font-size wp-elements-a45c88926cdc09c5f552115ff1521822\">Certyfikacja z EVOCERT<\/h2>\n\n\n\n<p>EVOCERT to zesp\u00f3\u0142 do\u015bwiadczonych auditor\u00f3w i ekspert\u00f3w, kt\u00f3rzy przeprowadz\u0105 Twoj\u0105 firm\u0119 przez ca\u0142y proces certyfikacji \u2013 od pierwszej rozmowy, odpowiedzi na pytania, przeprowadzenie rzetelnego audytu, po wydanie certyfikatu. <\/p>\n\n\n\n<p>Postaw na <strong>rzeteln\u0105 ocen\u0119<\/strong>, <strong>jasne wymagania<\/strong> i <strong>mi\u0119dzynarodowy presti\u017c<\/strong> standardu IFS Logistics.<\/p>\n\n\n\n<p><a href=\"https:\/\/evocert.pl\/pl\/kontakt\/\">Skontaktuj si\u0119 z nami<\/a>, aby rozpocz\u0105\u0107 proces certyfikacji lub dowiedzie\u0107 si\u0119 wi\u0119cej o wymaganiach IFS Logistics v. 3.<\/p>\n<\/div>\n","protected":false},"excerpt":{"rendered":"<p>Czym jest IFS Logistics? Zakres Standardu IFS Logistics v.3 dotyczy wszystkich rodzaj\u00f3w us\u0142ug transportowych i magazynowych w logistycznym \u0142a\u0144cuchu dostaw. Obejmuje to mi\u0119dzy innymi transport ci\u0119\u017car\u00f3wk\u0105, poci\u0105giem, statkiem lub samolotem oraz przechowywanie w temperaturze kontrolowanej lub stabilnej temperaturze otoczenia. Standard IFS Logistics ma zastosowanie do produkt\u00f3w spo\u017cywczych i niespo\u017cywczych. Obejmuje on wszystkie dzia\u0142ania logistyczne, takie [&hellip;]<\/p>\n","protected":false},"author":2,"featured_media":0,"parent":0,"menu_order":0,"comment_status":"closed","ping_status":"closed","template":"wp-custom-template-oferta-ifs-logistics-og-lne","meta":{"footnotes":""},"class_list":["post-1693","page","type-page","status-publish","hentry"],"yoast_head":"<!-- This site is optimized with the Yoast SEO plugin v26.3 - https:\/\/yoast.com\/wordpress\/plugins\/seo\/ -->\n<title>IFS Logistics - EVOCERT<\/title>\n<meta name=\"robots\" content=\"index, follow, max-snippet:-1, max-image-preview:large, max-video-preview:-1\" \/>\n<link rel=\"canonical\" href=\"https:\/\/evocert.pl\/pl\/ifs-logistics\/\" \/>\n<meta property=\"og:locale\" content=\"pl_PL\" \/>\n<meta property=\"og:type\" content=\"article\" \/>\n<meta property=\"og:title\" content=\"IFS Logistics - EVOCERT\" \/>\n<meta property=\"og:description\" content=\"Czym jest IFS Logistics? Zakres Standardu IFS Logistics v.3 dotyczy wszystkich rodzaj\u00f3w us\u0142ug transportowych i magazynowych w logistycznym \u0142a\u0144cuchu dostaw. Obejmuje to mi\u0119dzy innymi transport ci\u0119\u017car\u00f3wk\u0105, poci\u0105giem, statkiem lub samolotem oraz przechowywanie w temperaturze kontrolowanej lub stabilnej temperaturze otoczenia. Standard IFS Logistics ma zastosowanie do produkt\u00f3w spo\u017cywczych i niespo\u017cywczych. Obejmuje on wszystkie dzia\u0142ania logistyczne, takie [&hellip;]\" \/>\n<meta property=\"og:url\" content=\"https:\/\/evocert.pl\/pl\/ifs-logistics\/\" \/>\n<meta property=\"og:site_name\" content=\"EVOCERT\" \/>\n<meta property=\"article:modified_time\" content=\"2025-10-24T09:04:52+00:00\" \/>\n<meta property=\"og:image\" content=\"https:\/\/evocert.pl\/wp-content\/uploads\/2025\/01\/EVOCERT_logo_KOLOR_PNG.png\" \/>\n\t<meta property=\"og:image:width\" content=\"378\" \/>\n\t<meta property=\"og:image:height\" content=\"378\" \/>\n\t<meta property=\"og:image:type\" content=\"image\/png\" \/>\n<meta name=\"twitter:card\" content=\"summary_large_image\" \/>\n<meta name=\"twitter:label1\" content=\"Szacowany czas czytania\" \/>\n\t<meta name=\"twitter:data1\" content=\"1 minuta\" \/>\n<script type=\"application\/ld+json\" class=\"yoast-schema-graph\">{\"@context\":\"https:\/\/schema.org\",\"@graph\":[{\"@type\":\"WebPage\",\"@id\":\"https:\/\/evocert.pl\/ifs-logistics\/\",\"url\":\"https:\/\/evocert.pl\/ifs-logistics\/\",\"name\":\"IFS Logistics - EVOCERT\",\"isPartOf\":{\"@id\":\"https:\/\/evocert.pl\/en\/#website\"},\"datePublished\":\"2025-01-02T11:43:19+00:00\",\"dateModified\":\"2025-10-24T09:04:52+00:00\",\"breadcrumb\":{\"@id\":\"https:\/\/evocert.pl\/ifs-logistics\/#breadcrumb\"},\"inLanguage\":\"pl-PL\",\"potentialAction\":[{\"@type\":\"ReadAction\",\"target\":[\"https:\/\/evocert.pl\/ifs-logistics\/\"]}]},{\"@type\":\"BreadcrumbList\",\"@id\":\"https:\/\/evocert.pl\/ifs-logistics\/#breadcrumb\",\"itemListElement\":[{\"@type\":\"ListItem\",\"position\":1,\"name\":\"Strona g\u0142\u00f3wna\",\"item\":\"https:\/\/evocert.pl\/en\/\"},{\"@type\":\"ListItem\",\"position\":2,\"name\":\"IFS Logistics\"}]},{\"@type\":\"WebSite\",\"@id\":\"https:\/\/evocert.pl\/en\/#website\",\"url\":\"https:\/\/evocert.pl\/en\/\",\"name\":\"EVOCERT\",\"description\":\"Evolution in certification\",\"publisher\":{\"@id\":\"https:\/\/evocert.pl\/en\/#organization\"},\"potentialAction\":[{\"@type\":\"SearchAction\",\"target\":{\"@type\":\"EntryPoint\",\"urlTemplate\":\"https:\/\/evocert.pl\/en\/?s={search_term_string}\"},\"query-input\":{\"@type\":\"PropertyValueSpecification\",\"valueRequired\":true,\"valueName\":\"search_term_string\"}}],\"inLanguage\":\"pl-PL\"},{\"@type\":\"Organization\",\"@id\":\"https:\/\/evocert.pl\/en\/#organization\",\"name\":\"EVOCERT\",\"url\":\"https:\/\/evocert.pl\/en\/\",\"logo\":{\"@type\":\"ImageObject\",\"inLanguage\":\"pl-PL\",\"@id\":\"https:\/\/evocert.pl\/en\/#\/schema\/logo\/image\/\",\"url\":\"https:\/\/evocert.pl\/wp-content\/uploads\/2025\/01\/EVOCERT_logo_KOLOR_PNG.png\",\"contentUrl\":\"https:\/\/evocert.pl\/wp-content\/uploads\/2025\/01\/EVOCERT_logo_KOLOR_PNG.png\",\"width\":378,\"height\":378,\"caption\":\"EVOCERT\"},\"image\":{\"@id\":\"https:\/\/evocert.pl\/en\/#\/schema\/logo\/image\/\"},\"sameAs\":[\"https:\/\/www.linkedin.com\/company\/evocert-sp-z-o-o\"]}]}<\/script>\n<!-- \/ Yoast SEO plugin. -->","yoast_head_json":{"title":"IFS Logistics - EVOCERT","robots":{"index":"index","follow":"follow","max-snippet":"max-snippet:-1","max-image-preview":"max-image-preview:large","max-video-preview":"max-video-preview:-1"},"canonical":"https:\/\/evocert.pl\/pl\/ifs-logistics\/","og_locale":"pl_PL","og_type":"article","og_title":"IFS Logistics - EVOCERT","og_description":"Czym jest IFS Logistics? Zakres Standardu IFS Logistics v.3 dotyczy wszystkich rodzaj\u00f3w us\u0142ug transportowych i magazynowych w logistycznym \u0142a\u0144cuchu dostaw. Obejmuje to mi\u0119dzy innymi transport ci\u0119\u017car\u00f3wk\u0105, poci\u0105giem, statkiem lub samolotem oraz przechowywanie w temperaturze kontrolowanej lub stabilnej temperaturze otoczenia. Standard IFS Logistics ma zastosowanie do produkt\u00f3w spo\u017cywczych i niespo\u017cywczych. Obejmuje on wszystkie dzia\u0142ania logistyczne, takie [&hellip;]","og_url":"https:\/\/evocert.pl\/pl\/ifs-logistics\/","og_site_name":"EVOCERT","article_modified_time":"2025-10-24T09:04:52+00:00","og_image":[{"width":378,"height":378,"url":"https:\/\/evocert.pl\/wp-content\/uploads\/2025\/01\/EVOCERT_logo_KOLOR_PNG.png","type":"image\/png"}],"twitter_card":"summary_large_image","twitter_misc":{"Szacowany czas czytania":"1 minuta"},"schema":{"@context":"https:\/\/schema.org","@graph":[{"@type":"WebPage","@id":"https:\/\/evocert.pl\/ifs-logistics\/","url":"https:\/\/evocert.pl\/ifs-logistics\/","name":"IFS Logistics - EVOCERT","isPartOf":{"@id":"https:\/\/evocert.pl\/en\/#website"},"datePublished":"2025-01-02T11:43:19+00:00","dateModified":"2025-10-24T09:04:52+00:00","breadcrumb":{"@id":"https:\/\/evocert.pl\/ifs-logistics\/#breadcrumb"},"inLanguage":"pl-PL","potentialAction":[{"@type":"ReadAction","target":["https:\/\/evocert.pl\/ifs-logistics\/"]}]},{"@type":"BreadcrumbList","@id":"https:\/\/evocert.pl\/ifs-logistics\/#breadcrumb","itemListElement":[{"@type":"ListItem","position":1,"name":"Strona g\u0142\u00f3wna","item":"https:\/\/evocert.pl\/en\/"},{"@type":"ListItem","position":2,"name":"IFS Logistics"}]},{"@type":"WebSite","@id":"https:\/\/evocert.pl\/en\/#website","url":"https:\/\/evocert.pl\/en\/","name":"EVOCERT","description":"Evolution in certification","publisher":{"@id":"https:\/\/evocert.pl\/en\/#organization"},"potentialAction":[{"@type":"SearchAction","target":{"@type":"EntryPoint","urlTemplate":"https:\/\/evocert.pl\/en\/?s={search_term_string}"},"query-input":{"@type":"PropertyValueSpecification","valueRequired":true,"valueName":"search_term_string"}}],"inLanguage":"pl-PL"},{"@type":"Organization","@id":"https:\/\/evocert.pl\/en\/#organization","name":"EVOCERT","url":"https:\/\/evocert.pl\/en\/","logo":{"@type":"ImageObject","inLanguage":"pl-PL","@id":"https:\/\/evocert.pl\/en\/#\/schema\/logo\/image\/","url":"https:\/\/evocert.pl\/wp-content\/uploads\/2025\/01\/EVOCERT_logo_KOLOR_PNG.png","contentUrl":"https:\/\/evocert.pl\/wp-content\/uploads\/2025\/01\/EVOCERT_logo_KOLOR_PNG.png","width":378,"height":378,"caption":"EVOCERT"},"image":{"@id":"https:\/\/evocert.pl\/en\/#\/schema\/logo\/image\/"},"sameAs":["https:\/\/www.linkedin.com\/company\/evocert-sp-z-o-o"]}]}},"_links":{"self":[{"href":"https:\/\/evocert.pl\/pl\/wp-json\/wp\/v2\/pages\/1693","targetHints":{"allow":["GET"]}}],"collection":[{"href":"https:\/\/evocert.pl\/pl\/wp-json\/wp\/v2\/pages"}],"about":[{"href":"https:\/\/evocert.pl\/pl\/wp-json\/wp\/v2\/types\/page"}],"author":[{"embeddable":true,"href":"https:\/\/evocert.pl\/pl\/wp-json\/wp\/v2\/users\/2"}],"replies":[{"embeddable":true,"href":"https:\/\/evocert.pl\/pl\/wp-json\/wp\/v2\/comments?post=1693"}],"version-history":[{"count":6,"href":"https:\/\/evocert.pl\/pl\/wp-json\/wp\/v2\/pages\/1693\/revisions"}],"predecessor-version":[{"id":4972,"href":"https:\/\/evocert.pl\/pl\/wp-json\/wp\/v2\/pages\/1693\/revisions\/4972"}],"wp:attachment":[{"href":"https:\/\/evocert.pl\/pl\/wp-json\/wp\/v2\/media?parent=1693"}],"curies":[{"name":"wp","href":"https:\/\/api.w.org\/{rel}","templated":true}]}}