{"id":599,"date":"2024-12-23T10:06:57","date_gmt":"2024-12-23T09:06:57","guid":{"rendered":"https:\/\/evocert.pl\/?page_id=599"},"modified":"2025-08-05T10:14:41","modified_gmt":"2025-08-05T08:14:41","slug":"re_pl_znakowanie","status":"publish","type":"page","link":"https:\/\/evocert.pl\/en\/re_pl_znakowanie\/","title":{"rendered":"Organic farming in Poland - labeling"},"content":{"rendered":"<div class=\"wp-block-group has-heading-color has-text-color has-link-color has-small-font-size wp-elements-133d408d11260cf31aa3361f3324e693 is-vertical is-content-justification-stretch is-layout-flex wp-container-core-group-is-layout-5a9cc5d4 wp-block-group-is-layout-flex\" style=\"padding-right:var(--wp--preset--spacing--50);padding-left:var(--wp--preset--spacing--30);line-height:1.6\">\n<p>The EU organic logo is intended to give organic products a consistent visual identity, make it easier for consumers to recognise organic products and help farmers to market them throughout the EU.<\/p>\n\n\n\n<hr class=\"wp-block-separator has-text-color has-custom-logo-color has-alpha-channel-opacity has-custom-logo-background-color has-background is-style-wide\" style=\"margin-top:var(--wp--preset--spacing--40);margin-bottom:var(--wp--preset--spacing--40)\"\/>\n\n\n\n<div class=\"wp-block-group is-vertical is-layout-flex wp-container-core-group-is-layout-d644fc7a wp-block-group-is-layout-flex\" style=\"margin-top:0\">\n<h5 class=\"wp-block-heading has-custom-logo-color has-text-color has-link-color wp-elements-de5937a0fd304c5712904d828aa9cccf\">When can the logo be used?<\/h5>\n\n\n\n<p>The organic logo may only be used for products that have been certified as organic by an authorised certification body. <\/p>\n\n\n\n<p class=\"translation-block\">Logo <strong>musi <\/strong>by\u0107 stosowane dla wszystkich pakowanych produkt\u00f3w ekologicznych produkowanych i sprzedawanych jako ekologiczne na terenie Unii Europejskiej.<\/p>\n\n\n\n<p class=\"translation-block\">Logo <strong>mo\u017ce <\/strong>by\u0107 stosowane dla:<\/p>\n\n\n\n<p>\u2013 products imported into the EU if they meet EU import regulations,<br>\u2013 unpackaged organic products,<br>\u2013 products exported from the EU to third countries,<br>\u2013 information materials and educational campaigns promoting organic farming \u2013 provided its use is not misleading.<\/p>\n\n\n\n<p class=\"translation-block\">Logo <strong>nie mo\u017ce by\u0107 <\/strong>stosowane dla:<\/p>\n\n\n\n<p>\u2013 products containing less than 95% organic ingredients,<br>\u2013 products covered by collective catering (e.g. restaurants, canteens, hospitals),<br>\u2013 products not covered by organic farming regulations,<br>\u2013 products in conversion.<\/p>\n<\/div>\n\n\n\n<hr class=\"wp-block-separator has-text-color has-custom-logo-color has-alpha-channel-opacity has-custom-logo-background-color has-background is-style-wide\" style=\"margin-top:var(--wp--preset--spacing--40);margin-bottom:var(--wp--preset--spacing--40)\"\/>\n\n\n\n<div class=\"wp-block-group is-vertical is-layout-flex wp-container-core-group-is-layout-4515a946 wp-block-group-is-layout-flex\" style=\"margin-top:0;margin-bottom:var(--wp--preset--spacing--30)\">\n<h5 class=\"wp-block-heading has-custom-logo-color has-text-color has-link-color wp-elements-abe6b0048f43d3bff08e903b095ddc14\">How can the logo be used?<\/h5>\n\n\n\n<p>When using the EU organic logo, it must be ensured that:<\/p>\n\n\n\n<p class=\"translation-block\">\u2013 <strong>minimalny rozmiar<\/strong> logo to 13,5 x 9 mm, a w przypadku bardzo ma\u0142ych opakowa\u0144 \u2013 9 x 6 mm,<br>\u2013 logo ma <strong>standardowe kolory <\/strong>\u2013 zielone t\u0142o i bia\u0142e gwiazdki, a gdy ca\u0142e opakowanie jest drukowane w jednym kolorze, dopuszcza si\u0119 u\u017cycie logo w wersji jednobarwnej,<br>\u2013 nie wprowadza si\u0119<strong> zmian graficznych<\/strong>.<\/p>\n\n\n\n<p class=\"translation-block\">Obok logo produkcji ekologicznej UE musi by\u0107 umieszczony numer jednostki certyfikuj\u0105cej (np. <strong>PL-EKO-15<\/strong>), a tak\u017ce miejsce produkcji surowc\u00f3w rolnych wchodz\u0105cych w sk\u0142ad produktu.<\/p>\n\n\n\n<p class=\"translation-block\">Logo oraz szczeg\u00f3\u0142owe wytyczne dotycz\u0105ce jego stosowania mo\u017cna znale\u017a\u0107 na stronie <a href=\"https:\/\/agriculture.ec.europa.eu\/farming\/organic-farming\/organic-logo_pl\" target=\"_self\">Logo produkcji ekologicznej<\/a>.<\/p>\n<\/div>\n<\/div>","protected":false},"excerpt":{"rendered":"<p>Logo produkcji ekologicznej UE ma nadawa\u0107 produktom ekologicznym sp\u00f3jn\u0105 to\u017csamo\u015b\u0107 wizualn\u0105, u\u0142atwia\u0107 konsumentom rozpoznanie produkt\u00f3w ekologicznych i pomaga\u0107 rolnikom we wprowadzaniu ich do obrotu w ca\u0142ej UE. Kiedy mo\u017cna stosowa\u0107 logo? Logo produkcji ekologicznej mo\u017cna u\u017cywa\u0107 tylko dla produkt\u00f3w, kt\u00f3re uzyska\u0142y certyfikat produkcji ekologicznej od upowa\u017cnionej jednostki certyfikuj\u0105cej. Logo musi by\u0107 stosowane dla wszystkich pakowanych [&hellip;]<\/p>","protected":false},"author":2,"featured_media":0,"parent":0,"menu_order":0,"comment_status":"closed","ping_status":"closed","template":"wp-custom-template-oferta-re-pl-znakowanie","meta":{"footnotes":""},"class_list":["post-599","page","type-page","status-publish","hentry"],"yoast_head":"<!-- This site is optimized with the Yoast SEO plugin v26.3 - https:\/\/yoast.com\/wordpress\/plugins\/seo\/ -->\n<title>Rolnictwo ekologiczne w Polsce - znakowanie - EVOCERT<\/title>\n<meta name=\"robots\" content=\"index, follow, max-snippet:-1, max-image-preview:large, max-video-preview:-1\" \/>\n<link rel=\"canonical\" href=\"https:\/\/evocert.pl\/en\/re_pl_znakowanie\/\" \/>\n<meta property=\"og:locale\" content=\"en_GB\" \/>\n<meta property=\"og:type\" content=\"article\" \/>\n<meta property=\"og:title\" content=\"Rolnictwo ekologiczne w Polsce - znakowanie - EVOCERT\" \/>\n<meta property=\"og:description\" content=\"Logo produkcji ekologicznej UE ma nadawa\u0107 produktom ekologicznym sp\u00f3jn\u0105 to\u017csamo\u015b\u0107 wizualn\u0105, u\u0142atwia\u0107 konsumentom rozpoznanie produkt\u00f3w ekologicznych i pomaga\u0107 rolnikom we wprowadzaniu ich do obrotu w ca\u0142ej UE. Kiedy mo\u017cna stosowa\u0107 logo? Logo produkcji ekologicznej mo\u017cna u\u017cywa\u0107 tylko dla produkt\u00f3w, kt\u00f3re uzyska\u0142y certyfikat produkcji ekologicznej od upowa\u017cnionej jednostki certyfikuj\u0105cej. Logo musi by\u0107 stosowane dla wszystkich pakowanych [&hellip;]\" \/>\n<meta property=\"og:url\" content=\"https:\/\/evocert.pl\/en\/re_pl_znakowanie\/\" \/>\n<meta property=\"og:site_name\" content=\"EVOCERT\" \/>\n<meta property=\"article:modified_time\" content=\"2025-08-05T08:14:41+00:00\" \/>\n<meta property=\"og:image\" content=\"https:\/\/evocert.pl\/wp-content\/uploads\/2025\/01\/EVOCERT_logo_KOLOR_PNG.png\" \/>\n\t<meta property=\"og:image:width\" content=\"378\" \/>\n\t<meta property=\"og:image:height\" content=\"378\" \/>\n\t<meta property=\"og:image:type\" content=\"image\/png\" \/>\n<meta name=\"twitter:card\" content=\"summary_large_image\" \/>\n<meta name=\"twitter:label1\" content=\"Estimated reading time\" \/>\n\t<meta name=\"twitter:data1\" content=\"1 minute\" \/>\n<script type=\"application\/ld+json\" class=\"yoast-schema-graph\">{\"@context\":\"https:\/\/schema.org\",\"@graph\":[{\"@type\":\"WebPage\",\"@id\":\"https:\/\/evocert.pl\/en\/re_pl_znakowanie\/\",\"url\":\"https:\/\/evocert.pl\/en\/re_pl_znakowanie\/\",\"name\":\"Rolnictwo ekologiczne w Polsce - znakowanie - EVOCERT\",\"isPartOf\":{\"@id\":\"https:\/\/evocert.pl\/en\/#website\"},\"datePublished\":\"2024-12-23T09:06:57+00:00\",\"dateModified\":\"2025-08-05T08:14:41+00:00\",\"breadcrumb\":{\"@id\":\"https:\/\/evocert.pl\/en\/re_pl_znakowanie\/#breadcrumb\"},\"inLanguage\":\"en-GB\",\"potentialAction\":[{\"@type\":\"ReadAction\",\"target\":[\"https:\/\/evocert.pl\/en\/re_pl_znakowanie\/\"]}]},{\"@type\":\"BreadcrumbList\",\"@id\":\"https:\/\/evocert.pl\/en\/re_pl_znakowanie\/#breadcrumb\",\"itemListElement\":[{\"@type\":\"ListItem\",\"position\":1,\"name\":\"Strona g\u0142\u00f3wna\",\"item\":\"https:\/\/evocert.pl\/en\/\"},{\"@type\":\"ListItem\",\"position\":2,\"name\":\"Rolnictwo ekologiczne w Polsce &#8211; znakowanie\"}]},{\"@type\":\"WebSite\",\"@id\":\"https:\/\/evocert.pl\/en\/#website\",\"url\":\"https:\/\/evocert.pl\/en\/\",\"name\":\"EVOCERT\",\"description\":\"Evolution in certification\",\"publisher\":{\"@id\":\"https:\/\/evocert.pl\/en\/#organization\"},\"potentialAction\":[{\"@type\":\"SearchAction\",\"target\":{\"@type\":\"EntryPoint\",\"urlTemplate\":\"https:\/\/evocert.pl\/en\/?s={search_term_string}\"},\"query-input\":{\"@type\":\"PropertyValueSpecification\",\"valueRequired\":true,\"valueName\":\"search_term_string\"}}],\"inLanguage\":\"en-GB\"},{\"@type\":\"Organization\",\"@id\":\"https:\/\/evocert.pl\/en\/#organization\",\"name\":\"EVOCERT\",\"url\":\"https:\/\/evocert.pl\/en\/\",\"logo\":{\"@type\":\"ImageObject\",\"inLanguage\":\"en-GB\",\"@id\":\"https:\/\/evocert.pl\/en\/#\/schema\/logo\/image\/\",\"url\":\"https:\/\/evocert.pl\/wp-content\/uploads\/2025\/01\/EVOCERT_logo_KOLOR_PNG.png\",\"contentUrl\":\"https:\/\/evocert.pl\/wp-content\/uploads\/2025\/01\/EVOCERT_logo_KOLOR_PNG.png\",\"width\":378,\"height\":378,\"caption\":\"EVOCERT\"},\"image\":{\"@id\":\"https:\/\/evocert.pl\/en\/#\/schema\/logo\/image\/\"},\"sameAs\":[\"https:\/\/www.linkedin.com\/company\/evocert-sp-z-o-o\"]}]}<\/script>\n<!-- \/ Yoast SEO plugin. -->","yoast_head_json":{"title":"Rolnictwo ekologiczne w Polsce - znakowanie - EVOCERT","robots":{"index":"index","follow":"follow","max-snippet":"max-snippet:-1","max-image-preview":"max-image-preview:large","max-video-preview":"max-video-preview:-1"},"canonical":"https:\/\/evocert.pl\/en\/re_pl_znakowanie\/","og_locale":"en_GB","og_type":"article","og_title":"Rolnictwo ekologiczne w Polsce - znakowanie - EVOCERT","og_description":"Logo produkcji ekologicznej UE ma nadawa\u0107 produktom ekologicznym sp\u00f3jn\u0105 to\u017csamo\u015b\u0107 wizualn\u0105, u\u0142atwia\u0107 konsumentom rozpoznanie produkt\u00f3w ekologicznych i pomaga\u0107 rolnikom we wprowadzaniu ich do obrotu w ca\u0142ej UE. Kiedy mo\u017cna stosowa\u0107 logo? Logo produkcji ekologicznej mo\u017cna u\u017cywa\u0107 tylko dla produkt\u00f3w, kt\u00f3re uzyska\u0142y certyfikat produkcji ekologicznej od upowa\u017cnionej jednostki certyfikuj\u0105cej. Logo musi by\u0107 stosowane dla wszystkich pakowanych [&hellip;]","og_url":"https:\/\/evocert.pl\/en\/re_pl_znakowanie\/","og_site_name":"EVOCERT","article_modified_time":"2025-08-05T08:14:41+00:00","og_image":[{"width":378,"height":378,"url":"https:\/\/evocert.pl\/wp-content\/uploads\/2025\/01\/EVOCERT_logo_KOLOR_PNG.png","type":"image\/png"}],"twitter_card":"summary_large_image","twitter_misc":{"Estimated reading time":"1 minute"},"schema":{"@context":"https:\/\/schema.org","@graph":[{"@type":"WebPage","@id":"https:\/\/evocert.pl\/en\/re_pl_znakowanie\/","url":"https:\/\/evocert.pl\/en\/re_pl_znakowanie\/","name":"Rolnictwo ekologiczne w Polsce - znakowanie - EVOCERT","isPartOf":{"@id":"https:\/\/evocert.pl\/en\/#website"},"datePublished":"2024-12-23T09:06:57+00:00","dateModified":"2025-08-05T08:14:41+00:00","breadcrumb":{"@id":"https:\/\/evocert.pl\/en\/re_pl_znakowanie\/#breadcrumb"},"inLanguage":"en-GB","potentialAction":[{"@type":"ReadAction","target":["https:\/\/evocert.pl\/en\/re_pl_znakowanie\/"]}]},{"@type":"BreadcrumbList","@id":"https:\/\/evocert.pl\/en\/re_pl_znakowanie\/#breadcrumb","itemListElement":[{"@type":"ListItem","position":1,"name":"Strona g\u0142\u00f3wna","item":"https:\/\/evocert.pl\/en\/"},{"@type":"ListItem","position":2,"name":"Rolnictwo ekologiczne w Polsce &#8211; znakowanie"}]},{"@type":"WebSite","@id":"https:\/\/evocert.pl\/en\/#website","url":"https:\/\/evocert.pl\/en\/","name":"EVOCERT","description":"Evolution in certification","publisher":{"@id":"https:\/\/evocert.pl\/en\/#organization"},"potentialAction":[{"@type":"SearchAction","target":{"@type":"EntryPoint","urlTemplate":"https:\/\/evocert.pl\/en\/?s={search_term_string}"},"query-input":{"@type":"PropertyValueSpecification","valueRequired":true,"valueName":"search_term_string"}}],"inLanguage":"en-GB"},{"@type":"Organization","@id":"https:\/\/evocert.pl\/en\/#organization","name":"EVOCERT","url":"https:\/\/evocert.pl\/en\/","logo":{"@type":"ImageObject","inLanguage":"en-GB","@id":"https:\/\/evocert.pl\/en\/#\/schema\/logo\/image\/","url":"https:\/\/evocert.pl\/wp-content\/uploads\/2025\/01\/EVOCERT_logo_KOLOR_PNG.png","contentUrl":"https:\/\/evocert.pl\/wp-content\/uploads\/2025\/01\/EVOCERT_logo_KOLOR_PNG.png","width":378,"height":378,"caption":"EVOCERT"},"image":{"@id":"https:\/\/evocert.pl\/en\/#\/schema\/logo\/image\/"},"sameAs":["https:\/\/www.linkedin.com\/company\/evocert-sp-z-o-o"]}]}},"_links":{"self":[{"href":"https:\/\/evocert.pl\/en\/wp-json\/wp\/v2\/pages\/599","targetHints":{"allow":["GET"]}}],"collection":[{"href":"https:\/\/evocert.pl\/en\/wp-json\/wp\/v2\/pages"}],"about":[{"href":"https:\/\/evocert.pl\/en\/wp-json\/wp\/v2\/types\/page"}],"author":[{"embeddable":true,"href":"https:\/\/evocert.pl\/en\/wp-json\/wp\/v2\/users\/2"}],"replies":[{"embeddable":true,"href":"https:\/\/evocert.pl\/en\/wp-json\/wp\/v2\/comments?post=599"}],"version-history":[{"count":17,"href":"https:\/\/evocert.pl\/en\/wp-json\/wp\/v2\/pages\/599\/revisions"}],"predecessor-version":[{"id":4778,"href":"https:\/\/evocert.pl\/en\/wp-json\/wp\/v2\/pages\/599\/revisions\/4778"}],"wp:attachment":[{"href":"https:\/\/evocert.pl\/en\/wp-json\/wp\/v2\/media?parent=599"}],"curies":[{"name":"wp","href":"https:\/\/api.w.org\/{rel}","templated":true}]}}