{"id":597,"date":"2024-12-23T10:06:37","date_gmt":"2024-12-23T09:06:37","guid":{"rendered":"https:\/\/evocert.pl\/?page_id=597"},"modified":"2025-08-21T14:26:15","modified_gmt":"2025-08-21T12:26:15","slug":"re_pl_prawa_obowiazki","status":"publish","type":"page","link":"https:\/\/evocert.pl\/en\/re_pl_prawa_obowiazki\/","title":{"rendered":"Organic farming in Poland - other information"},"content":{"rendered":"<div class=\"wp-block-group has-heading-color has-text-color has-link-color has-small-font-size wp-elements-5acd6543729676a54b76069bd8beb396 is-vertical is-content-justification-stretch is-layout-flex wp-container-core-group-is-layout-32a4a758 wp-block-group-is-layout-flex\" style=\"padding-right:var(--wp--preset--spacing--50);padding-left:var(--wp--preset--spacing--40);line-height:1.6\">\n<div class=\"wp-block-group is-vertical is-layout-flex wp-container-core-group-is-layout-d644fc7a wp-block-group-is-layout-flex\" style=\"margin-top:0\">\n<h5 class=\"wp-block-heading has-custom-logo-color has-text-color has-link-color wp-elements-0608a02fc3039d7718b09acc0815e49c\">Deviations from organic production conditions<\/h5>\n\n\n\n<p>In special cases, organic producers may apply for permission to derogate from the standard requirements of organic production.<\/p>\n\n\n\n<p class=\"translation-block\">Formularze oraz szczeg\u00f3\u0142owe informacje dost\u0119pne s\u0105 na stronie <a href=\"https:\/\/www.gov.pl\/web\/ijhars\/odstepstwa-od-warunkow-produkcji-ekologicznej\" target=\"_self\">Odst\u0119pstwa od warunk\u00f3w produkcji ekologicznej<\/a>.<\/p>\n<\/div>\n\n\n\n<hr class=\"wp-block-separator has-text-color has-custom-logo-color has-alpha-channel-opacity has-custom-logo-background-color has-background is-style-wide\" style=\"margin-top:var(--wp--preset--spacing--40);margin-bottom:var(--wp--preset--spacing--40)\"\/>\n\n\n\n<div class=\"wp-block-group is-vertical is-layout-flex wp-container-core-group-is-layout-d644fc7a wp-block-group-is-layout-flex\" style=\"margin-top:0\">\n<h5 class=\"wp-block-heading has-custom-logo-color has-text-color has-link-color wp-elements-df698ce09de3021b97949e4f55fd8606\">Certificates<\/h5>\n\n\n\n<p class=\"translation-block\">Certyfikaty dla uczestnik\u00f3w rynku rolnictwa ekologicznego s\u0105 wystawiane i udost\u0119pniane w unijnym systemie informatycznym&nbsp;TRACES:&nbsp;<a href=\"https:\/\/webgate.ec.europa.eu\/tracesnt\/directory\/publication\/organic-operator\/index\" target=\"_self\">https:\/\/webgate.ec.europa.eu\/tracesnt\/directory\/publication\/organic-operator\/index<\/a><\/p>\n<\/div>\n\n\n\n<hr class=\"wp-block-separator has-text-color has-custom-logo-color has-alpha-channel-opacity has-custom-logo-background-color has-background is-style-wide\" style=\"margin-top:var(--wp--preset--spacing--40);margin-bottom:var(--wp--preset--spacing--40)\"\/>\n\n\n\n<div class=\"wp-block-group is-vertical is-layout-flex wp-container-core-group-is-layout-d644fc7a wp-block-group-is-layout-flex\" style=\"margin-top:0\">\n<h5 class=\"wp-block-heading has-custom-logo-color has-text-color has-link-color wp-elements-757b6152dc95eafe53a53a325008053f\">Common catalogue of measures<\/h5>\n\n\n\n<p class=\"translation-block\">EVOCERT przyj\u0105\u0142 do stosowania Wsp\u00f3lny katalog \u015brodk\u00f3w. Katalog zosta\u0142 opracowany przez G\u0142\u00f3wnego Inspektora Jako\u015bci Handlowej Artyku\u0142\u00f3w Rolno-Spo\u017cywczych, a jego zapisy s\u0105 stosowane przez jednostki certyfikuj\u0105ce w przypadku stwierdzenia niezgodno\u015bci w rolnictwie ekologicznym. Katalog mo\u017cna znale\u017a\u0107 na <a href=\"https:\/\/www.gov.pl\/web\/ijhars\/jednostki-certyfikujace\" target=\"_self\">stronie internetowej IJHARS<\/a>.<\/p>\n<\/div>\n\n\n\n<hr class=\"wp-block-separator has-text-color has-custom-logo-color has-alpha-channel-opacity has-custom-logo-background-color has-background is-style-wide\" style=\"margin-top:var(--wp--preset--spacing--40);margin-bottom:var(--wp--preset--spacing--40)\"\/>\n\n\n\n<div class=\"wp-block-group is-vertical is-layout-flex wp-container-core-group-is-layout-24a68a53 wp-block-group-is-layout-flex\" style=\"margin-top:0;margin-bottom:var(--wp--preset--spacing--50)\">\n<h5 class=\"wp-block-heading has-custom-logo-color has-text-color has-link-color wp-elements-02f2e99eaf449aa200dcbb67d5afbf64\">Other<\/h5>\n\n\n\n<p>More information about organic production can be found on the following websites:<\/p>\n\n\n\n<p><a href=\"https:\/\/www.gov.pl\/web\/rolnictwo\/rolnictwo-ekologiczne1\">Organic production and farming \u2013 learn more<\/a><strong><br><\/strong><a href=\"https:\/\/www.gov.pl\/web\/ijhars\/rolnictwo-ekologiczne\">Organic farming<\/a><\/p>\n<\/div>\n<\/div>","protected":false},"excerpt":{"rendered":"<p>Odst\u0119pstwa od warunk\u00f3w produkcji ekologicznej W szczeg\u00f3lnych przypadkach producenci ekologiczni mog\u0105 ubiega\u0107 si\u0119 o zgod\u0119 na odst\u0119pstwa od standardowych wymog\u00f3w produkcji ekologicznej. Formularze oraz szczeg\u00f3\u0142owe informacje dost\u0119pne s\u0105 na stronie Odst\u0119pstwa od warunk\u00f3w produkcji ekologicznej. Certyfikaty Certyfikaty dla uczestnik\u00f3w rynku rolnictwa ekologicznego s\u0105 wystawiane i udost\u0119pniane w unijnym systemie informatycznym\u00a0TRACES:\u00a0https:\/\/webgate.ec.europa.eu\/tracesnt\/directory\/publication\/organic-operator\/index Wsp\u00f3lny katalog \u015brodk\u00f3w EVOCERT przyj\u0105\u0142 [&hellip;]<\/p>","protected":false},"author":2,"featured_media":0,"parent":0,"menu_order":0,"comment_status":"closed","ping_status":"closed","template":"wp-custom-template-oferta-re-pl-prawa-obowiazki","meta":{"footnotes":""},"class_list":["post-597","page","type-page","status-publish","hentry"],"yoast_head":"<!-- This site is optimized with the Yoast SEO plugin v26.3 - https:\/\/yoast.com\/wordpress\/plugins\/seo\/ -->\n<title>Rolnictwo ekologiczne w Polsce - inne informacje - EVOCERT<\/title>\n<meta name=\"robots\" content=\"index, follow, max-snippet:-1, max-image-preview:large, max-video-preview:-1\" \/>\n<link rel=\"canonical\" href=\"https:\/\/evocert.pl\/en\/re_pl_prawa_obowiazki\/\" \/>\n<meta property=\"og:locale\" content=\"en_GB\" \/>\n<meta property=\"og:type\" content=\"article\" \/>\n<meta property=\"og:title\" content=\"Rolnictwo ekologiczne w Polsce - inne informacje - EVOCERT\" \/>\n<meta property=\"og:description\" content=\"Odst\u0119pstwa od warunk\u00f3w produkcji ekologicznej W szczeg\u00f3lnych przypadkach producenci ekologiczni mog\u0105 ubiega\u0107 si\u0119 o zgod\u0119 na odst\u0119pstwa od standardowych wymog\u00f3w produkcji ekologicznej. Formularze oraz szczeg\u00f3\u0142owe informacje dost\u0119pne s\u0105 na stronie Odst\u0119pstwa od warunk\u00f3w produkcji ekologicznej. Certyfikaty Certyfikaty dla uczestnik\u00f3w rynku rolnictwa ekologicznego s\u0105 wystawiane i udost\u0119pniane w unijnym systemie informatycznym\u00a0TRACES:\u00a0https:\/\/webgate.ec.europa.eu\/tracesnt\/directory\/publication\/organic-operator\/index Wsp\u00f3lny katalog \u015brodk\u00f3w EVOCERT przyj\u0105\u0142 [&hellip;]\" \/>\n<meta property=\"og:url\" content=\"https:\/\/evocert.pl\/en\/re_pl_prawa_obowiazki\/\" \/>\n<meta property=\"og:site_name\" content=\"EVOCERT\" \/>\n<meta property=\"article:modified_time\" content=\"2025-08-21T12:26:15+00:00\" \/>\n<meta property=\"og:image\" content=\"https:\/\/evocert.pl\/wp-content\/uploads\/2025\/01\/EVOCERT_logo_KOLOR_PNG.png\" \/>\n\t<meta property=\"og:image:width\" content=\"378\" \/>\n\t<meta property=\"og:image:height\" content=\"378\" \/>\n\t<meta property=\"og:image:type\" content=\"image\/png\" \/>\n<meta name=\"twitter:card\" content=\"summary_large_image\" \/>\n<meta name=\"twitter:label1\" content=\"Estimated reading time\" \/>\n\t<meta name=\"twitter:data1\" content=\"1 minute\" \/>\n<script type=\"application\/ld+json\" class=\"yoast-schema-graph\">{\"@context\":\"https:\/\/schema.org\",\"@graph\":[{\"@type\":\"WebPage\",\"@id\":\"https:\/\/evocert.pl\/re_pl_prawa_obowiazki\/\",\"url\":\"https:\/\/evocert.pl\/re_pl_prawa_obowiazki\/\",\"name\":\"Rolnictwo ekologiczne w Polsce - inne informacje - EVOCERT\",\"isPartOf\":{\"@id\":\"https:\/\/evocert.pl\/en\/#website\"},\"datePublished\":\"2024-12-23T09:06:37+00:00\",\"dateModified\":\"2025-08-21T12:26:15+00:00\",\"breadcrumb\":{\"@id\":\"https:\/\/evocert.pl\/re_pl_prawa_obowiazki\/#breadcrumb\"},\"inLanguage\":\"en-GB\",\"potentialAction\":[{\"@type\":\"ReadAction\",\"target\":[\"https:\/\/evocert.pl\/re_pl_prawa_obowiazki\/\"]}]},{\"@type\":\"BreadcrumbList\",\"@id\":\"https:\/\/evocert.pl\/re_pl_prawa_obowiazki\/#breadcrumb\",\"itemListElement\":[{\"@type\":\"ListItem\",\"position\":1,\"name\":\"Strona g\u0142\u00f3wna\",\"item\":\"https:\/\/evocert.pl\/en\/\"},{\"@type\":\"ListItem\",\"position\":2,\"name\":\"Rolnictwo ekologiczne w Polsce &#8211; inne informacje\"}]},{\"@type\":\"WebSite\",\"@id\":\"https:\/\/evocert.pl\/en\/#website\",\"url\":\"https:\/\/evocert.pl\/en\/\",\"name\":\"EVOCERT\",\"description\":\"Evolution in certification\",\"publisher\":{\"@id\":\"https:\/\/evocert.pl\/en\/#organization\"},\"potentialAction\":[{\"@type\":\"SearchAction\",\"target\":{\"@type\":\"EntryPoint\",\"urlTemplate\":\"https:\/\/evocert.pl\/en\/?s={search_term_string}\"},\"query-input\":{\"@type\":\"PropertyValueSpecification\",\"valueRequired\":true,\"valueName\":\"search_term_string\"}}],\"inLanguage\":\"en-GB\"},{\"@type\":\"Organization\",\"@id\":\"https:\/\/evocert.pl\/en\/#organization\",\"name\":\"EVOCERT\",\"url\":\"https:\/\/evocert.pl\/en\/\",\"logo\":{\"@type\":\"ImageObject\",\"inLanguage\":\"en-GB\",\"@id\":\"https:\/\/evocert.pl\/en\/#\/schema\/logo\/image\/\",\"url\":\"https:\/\/evocert.pl\/wp-content\/uploads\/2025\/01\/EVOCERT_logo_KOLOR_PNG.png\",\"contentUrl\":\"https:\/\/evocert.pl\/wp-content\/uploads\/2025\/01\/EVOCERT_logo_KOLOR_PNG.png\",\"width\":378,\"height\":378,\"caption\":\"EVOCERT\"},\"image\":{\"@id\":\"https:\/\/evocert.pl\/en\/#\/schema\/logo\/image\/\"},\"sameAs\":[\"https:\/\/www.linkedin.com\/company\/evocert-sp-z-o-o\"]}]}<\/script>\n<!-- \/ Yoast SEO plugin. -->","yoast_head_json":{"title":"Rolnictwo ekologiczne w Polsce - inne informacje - EVOCERT","robots":{"index":"index","follow":"follow","max-snippet":"max-snippet:-1","max-image-preview":"max-image-preview:large","max-video-preview":"max-video-preview:-1"},"canonical":"https:\/\/evocert.pl\/en\/re_pl_prawa_obowiazki\/","og_locale":"en_GB","og_type":"article","og_title":"Rolnictwo ekologiczne w Polsce - inne informacje - EVOCERT","og_description":"Odst\u0119pstwa od warunk\u00f3w produkcji ekologicznej W szczeg\u00f3lnych przypadkach producenci ekologiczni mog\u0105 ubiega\u0107 si\u0119 o zgod\u0119 na odst\u0119pstwa od standardowych wymog\u00f3w produkcji ekologicznej. Formularze oraz szczeg\u00f3\u0142owe informacje dost\u0119pne s\u0105 na stronie Odst\u0119pstwa od warunk\u00f3w produkcji ekologicznej. Certyfikaty Certyfikaty dla uczestnik\u00f3w rynku rolnictwa ekologicznego s\u0105 wystawiane i udost\u0119pniane w unijnym systemie informatycznym\u00a0TRACES:\u00a0https:\/\/webgate.ec.europa.eu\/tracesnt\/directory\/publication\/organic-operator\/index Wsp\u00f3lny katalog \u015brodk\u00f3w EVOCERT przyj\u0105\u0142 [&hellip;]","og_url":"https:\/\/evocert.pl\/en\/re_pl_prawa_obowiazki\/","og_site_name":"EVOCERT","article_modified_time":"2025-08-21T12:26:15+00:00","og_image":[{"width":378,"height":378,"url":"https:\/\/evocert.pl\/wp-content\/uploads\/2025\/01\/EVOCERT_logo_KOLOR_PNG.png","type":"image\/png"}],"twitter_card":"summary_large_image","twitter_misc":{"Estimated reading time":"1 minute"},"schema":{"@context":"https:\/\/schema.org","@graph":[{"@type":"WebPage","@id":"https:\/\/evocert.pl\/re_pl_prawa_obowiazki\/","url":"https:\/\/evocert.pl\/re_pl_prawa_obowiazki\/","name":"Rolnictwo ekologiczne w Polsce - inne informacje - EVOCERT","isPartOf":{"@id":"https:\/\/evocert.pl\/en\/#website"},"datePublished":"2024-12-23T09:06:37+00:00","dateModified":"2025-08-21T12:26:15+00:00","breadcrumb":{"@id":"https:\/\/evocert.pl\/re_pl_prawa_obowiazki\/#breadcrumb"},"inLanguage":"en-GB","potentialAction":[{"@type":"ReadAction","target":["https:\/\/evocert.pl\/re_pl_prawa_obowiazki\/"]}]},{"@type":"BreadcrumbList","@id":"https:\/\/evocert.pl\/re_pl_prawa_obowiazki\/#breadcrumb","itemListElement":[{"@type":"ListItem","position":1,"name":"Strona g\u0142\u00f3wna","item":"https:\/\/evocert.pl\/en\/"},{"@type":"ListItem","position":2,"name":"Rolnictwo ekologiczne w Polsce &#8211; inne informacje"}]},{"@type":"WebSite","@id":"https:\/\/evocert.pl\/en\/#website","url":"https:\/\/evocert.pl\/en\/","name":"EVOCERT","description":"Evolution in certification","publisher":{"@id":"https:\/\/evocert.pl\/en\/#organization"},"potentialAction":[{"@type":"SearchAction","target":{"@type":"EntryPoint","urlTemplate":"https:\/\/evocert.pl\/en\/?s={search_term_string}"},"query-input":{"@type":"PropertyValueSpecification","valueRequired":true,"valueName":"search_term_string"}}],"inLanguage":"en-GB"},{"@type":"Organization","@id":"https:\/\/evocert.pl\/en\/#organization","name":"EVOCERT","url":"https:\/\/evocert.pl\/en\/","logo":{"@type":"ImageObject","inLanguage":"en-GB","@id":"https:\/\/evocert.pl\/en\/#\/schema\/logo\/image\/","url":"https:\/\/evocert.pl\/wp-content\/uploads\/2025\/01\/EVOCERT_logo_KOLOR_PNG.png","contentUrl":"https:\/\/evocert.pl\/wp-content\/uploads\/2025\/01\/EVOCERT_logo_KOLOR_PNG.png","width":378,"height":378,"caption":"EVOCERT"},"image":{"@id":"https:\/\/evocert.pl\/en\/#\/schema\/logo\/image\/"},"sameAs":["https:\/\/www.linkedin.com\/company\/evocert-sp-z-o-o"]}]}},"_links":{"self":[{"href":"https:\/\/evocert.pl\/en\/wp-json\/wp\/v2\/pages\/597","targetHints":{"allow":["GET"]}}],"collection":[{"href":"https:\/\/evocert.pl\/en\/wp-json\/wp\/v2\/pages"}],"about":[{"href":"https:\/\/evocert.pl\/en\/wp-json\/wp\/v2\/types\/page"}],"author":[{"embeddable":true,"href":"https:\/\/evocert.pl\/en\/wp-json\/wp\/v2\/users\/2"}],"replies":[{"embeddable":true,"href":"https:\/\/evocert.pl\/en\/wp-json\/wp\/v2\/comments?post=597"}],"version-history":[{"count":11,"href":"https:\/\/evocert.pl\/en\/wp-json\/wp\/v2\/pages\/597\/revisions"}],"predecessor-version":[{"id":4398,"href":"https:\/\/evocert.pl\/en\/wp-json\/wp\/v2\/pages\/597\/revisions\/4398"}],"wp:attachment":[{"href":"https:\/\/evocert.pl\/en\/wp-json\/wp\/v2\/media?parent=597"}],"curies":[{"name":"wp","href":"https:\/\/api.w.org\/{rel}","templated":true}]}}