{"id":595,"date":"2024-12-23T10:06:21","date_gmt":"2024-12-23T09:06:21","guid":{"rendered":"https:\/\/evocert.pl\/?page_id=595"},"modified":"2025-11-12T14:05:07","modified_gmt":"2025-11-12T13:05:07","slug":"re_pl_cennik","status":"publish","type":"page","link":"https:\/\/evocert.pl\/en\/re_pl_cennik\/","title":{"rendered":"Organic farming in Poland - price list and refund"},"content":{"rendered":"<div class=\"wp-block-group has-heading-color has-text-color has-link-color has-small-font-size wp-elements-54179f7735a8091e0a5b8fcc9f81f28b is-vertical is-content-justification-stretch is-layout-flex wp-container-core-group-is-layout-50052ea4 wp-block-group-is-layout-flex\" style=\"padding-right:var(--wp--preset--spacing--60);padding-left:var(--wp--preset--spacing--30);line-height:1.6\">\n<div class=\"wp-block-group is-vertical is-layout-flex wp-container-core-group-is-layout-fe9cc265 wp-block-group-is-layout-flex\">\n<h5 class=\"wp-block-heading has-custom-logo-color has-text-color has-link-color wp-elements-6908d382fc930e217db493f2e048c205\">Price list <\/h5>\n\n\n\n<p>The provision of certification and supervision services in the organic farming control system by EVOCERT is subject to payment.<\/p>\n\n\n\n<p class=\"translation-block\">Ceny us\u0142ug zale\u017c\u0105 od rodzaju prowadzonej dzia\u0142alno\u015bci. <strong>Cennik jest dost\u0119pny poni\u017cej i w zak\u0142adce \u201eDo pobrania\u201d<\/strong>.<\/p>\n\n\n\n<div class=\"wp-block-group has-medium-font-size is-nowrap is-layout-flex wp-container-core-group-is-layout-f0acb57f wp-block-group-is-layout-flex\" style=\"padding-right:0;padding-left:0\">\n<div class=\"wp-block-wpzoom-blocks-social-icons is-style-without-canvas\" style=\"--wpz-social-icons-block-item-font-size:25px;--wpz-social-icons-block-item-padding-horizontal:0px;--wpz-social-icons-block-item-padding-vertical:6px;--wpz-social-icons-block-item-margin-horizontal:0px;--wpz-social-icons-block-item-margin-vertical:5px;--wpz-social-icons-block-item-border-radius:5px;--wpz-social-icons-block-label-font-size:16px;--wpz-social-icons-block-label-color:#2e3131;--wpz-social-icons-block-label-color-hover:#2e3131;--wpz-social-icons-alignment:flex-end\"><a href=\"https:\/\/evocert.pl\/wp-content\/uploads\/2025\/01\/KZ1_00_00_05_Polityka_Prywatnosci_2025_01_05.pdf\" class=\"social-icon-link\" title=\"Download\" style=\"--wpz-social-icons-block-item-color:#107a10;--wpz-social-icons-block-item-color-hover:#107a10\"><span class=\"social-icon genericon genericon-download\"><\/span><\/a><\/div>\n\n\n\n<div class=\"wp-block-file has-link-color wp-elements-41dc70e439b9ea7f2cb89c5010c6ea42\" style=\"margin-top:0;margin-left:0\"><a id=\"wp-block-file--media-5a711942-728c-4e82-9925-172310a55ecd\" href=\"https:\/\/evocert.pl\/wp-content\/uploads\/2025\/04\/PC04_01_00_13_Cennik_certyfikacja_RE_PL.pdf\" target=\"_blank\" rel=\"noreferrer noopener\">Price list for certification of Organic Agriculture in Poland<\/a><\/div>\n<\/div>\n<\/div>\n\n\n\n<hr class=\"wp-block-separator has-text-color has-custom-logo-color has-alpha-channel-opacity has-custom-logo-background-color has-background is-style-wide\" style=\"margin-top:var(--wp--preset--spacing--40);margin-bottom:var(--wp--preset--spacing--40)\"\/>\n\n\n\n<div class=\"wp-block-group is-vertical is-layout-flex wp-container-core-group-is-layout-d644fc7a wp-block-group-is-layout-flex\" style=\"margin-top:0\">\n<h5 class=\"wp-block-heading has-custom-logo-color has-text-color has-link-color wp-elements-d4604f6a79ed7627654afc0e3ddbb34f\">Certification Refund<\/h5>\n\n\n\n<p class=\"translation-block\">Producenci rolni mog\u0105 ubiega\u0107 si\u0119 o <strong>refundacj\u0119 cz\u0119\u015bci koszt\u00f3w zwi\u0105zanych z kontrol\u0105 i certyfikacj\u0105 gospodarstw ekologicznych<\/strong>, przyznawan\u0105 przez Agencj\u0119 Restrukturyzacji i Modernizacji Rolnictwa (ARiMR) w ramach koszt\u00f3w transakcyjnych.<\/p>\n\n\n\n<p class=\"translation-block\">Szczeg\u00f3\u0142owe informacje na temat zasad przyznawania refundacji oraz aktualnych stawek znajduj\u0105 si\u0119 na stronie <a href=\"https:\/\/www.gov.pl\/web\/arimr\/koszty-transakcyjne22\" target=\"_self\">ARiMR \u2013 Koszty transakcyjne<\/a>.<\/p>\n<\/div>\n<\/div>","protected":false},"excerpt":{"rendered":"<p>Cennik \u015awiadczenie us\u0142ug w zakresie certyfikacji oraz nadzoru w systemie kontroli rolnictwa ekologicznego przez jednostk\u0119 EVOCERT jest odp\u0142atne. Ceny us\u0142ug zale\u017c\u0105 od rodzaju prowadzonej dzia\u0142alno\u015bci. Cennik jest dost\u0119pny poni\u017cej i w zak\u0142adce \u201eDo pobrania\u201d. Zwrot koszt\u00f3w certyfikacji Producenci rolni mog\u0105 ubiega\u0107 si\u0119 o refundacj\u0119 cz\u0119\u015bci koszt\u00f3w zwi\u0105zanych z kontrol\u0105 i certyfikacj\u0105 gospodarstw ekologicznych, przyznawan\u0105 przez [&hellip;]<\/p>","protected":false},"author":2,"featured_media":0,"parent":0,"menu_order":0,"comment_status":"closed","ping_status":"closed","template":"wp-custom-template-oferta-re-pl-pelnomocnictwo","meta":{"footnotes":""},"class_list":["post-595","page","type-page","status-publish","hentry"],"yoast_head":"<!-- This site is optimized with the Yoast SEO plugin v26.3 - https:\/\/yoast.com\/wordpress\/plugins\/seo\/ -->\n<title>Rolnictwo ekologiczne w Polsce - cennik i refundacje - EVOCERT<\/title>\n<meta name=\"robots\" content=\"index, follow, max-snippet:-1, max-image-preview:large, max-video-preview:-1\" \/>\n<link rel=\"canonical\" href=\"https:\/\/evocert.pl\/en\/re_pl_cennik\/\" \/>\n<meta property=\"og:locale\" content=\"en_GB\" \/>\n<meta property=\"og:type\" content=\"article\" \/>\n<meta property=\"og:title\" content=\"Rolnictwo ekologiczne w Polsce - cennik i refundacje - EVOCERT\" \/>\n<meta property=\"og:description\" content=\"Cennik \u015awiadczenie us\u0142ug w zakresie certyfikacji oraz nadzoru w systemie kontroli rolnictwa ekologicznego przez jednostk\u0119 EVOCERT jest odp\u0142atne. Ceny us\u0142ug zale\u017c\u0105 od rodzaju prowadzonej dzia\u0142alno\u015bci. Cennik jest dost\u0119pny poni\u017cej i w zak\u0142adce \u201eDo pobrania\u201d. Zwrot koszt\u00f3w certyfikacji Producenci rolni mog\u0105 ubiega\u0107 si\u0119 o refundacj\u0119 cz\u0119\u015bci koszt\u00f3w zwi\u0105zanych z kontrol\u0105 i certyfikacj\u0105 gospodarstw ekologicznych, przyznawan\u0105 przez [&hellip;]\" \/>\n<meta property=\"og:url\" content=\"https:\/\/evocert.pl\/en\/re_pl_cennik\/\" \/>\n<meta property=\"og:site_name\" content=\"EVOCERT\" \/>\n<meta property=\"article:modified_time\" content=\"2025-11-12T13:05:07+00:00\" \/>\n<meta property=\"og:image\" content=\"https:\/\/evocert.pl\/wp-content\/uploads\/2025\/01\/EVOCERT_logo_KOLOR_PNG.png\" \/>\n\t<meta property=\"og:image:width\" content=\"378\" \/>\n\t<meta property=\"og:image:height\" content=\"378\" \/>\n\t<meta property=\"og:image:type\" content=\"image\/png\" \/>\n<meta name=\"twitter:card\" content=\"summary_large_image\" \/>\n<meta name=\"twitter:label1\" content=\"Estimated reading time\" \/>\n\t<meta name=\"twitter:data1\" content=\"1 minute\" \/>\n<script type=\"application\/ld+json\" class=\"yoast-schema-graph\">{\"@context\":\"https:\/\/schema.org\",\"@graph\":[{\"@type\":\"WebPage\",\"@id\":\"https:\/\/evocert.pl\/re_pl_cennik\/\",\"url\":\"https:\/\/evocert.pl\/re_pl_cennik\/\",\"name\":\"Rolnictwo ekologiczne w Polsce - cennik i refundacje - EVOCERT\",\"isPartOf\":{\"@id\":\"https:\/\/evocert.pl\/en\/#website\"},\"datePublished\":\"2024-12-23T09:06:21+00:00\",\"dateModified\":\"2025-11-12T13:05:07+00:00\",\"breadcrumb\":{\"@id\":\"https:\/\/evocert.pl\/re_pl_cennik\/#breadcrumb\"},\"inLanguage\":\"en-GB\",\"potentialAction\":[{\"@type\":\"ReadAction\",\"target\":[\"https:\/\/evocert.pl\/re_pl_cennik\/\"]}]},{\"@type\":\"BreadcrumbList\",\"@id\":\"https:\/\/evocert.pl\/re_pl_cennik\/#breadcrumb\",\"itemListElement\":[{\"@type\":\"ListItem\",\"position\":1,\"name\":\"Strona g\u0142\u00f3wna\",\"item\":\"https:\/\/evocert.pl\/en\/\"},{\"@type\":\"ListItem\",\"position\":2,\"name\":\"Rolnictwo ekologiczne w Polsce &#8211; cennik i refundacje\"}]},{\"@type\":\"WebSite\",\"@id\":\"https:\/\/evocert.pl\/en\/#website\",\"url\":\"https:\/\/evocert.pl\/en\/\",\"name\":\"EVOCERT\",\"description\":\"Evolution in certification\",\"publisher\":{\"@id\":\"https:\/\/evocert.pl\/en\/#organization\"},\"potentialAction\":[{\"@type\":\"SearchAction\",\"target\":{\"@type\":\"EntryPoint\",\"urlTemplate\":\"https:\/\/evocert.pl\/en\/?s={search_term_string}\"},\"query-input\":{\"@type\":\"PropertyValueSpecification\",\"valueRequired\":true,\"valueName\":\"search_term_string\"}}],\"inLanguage\":\"en-GB\"},{\"@type\":\"Organization\",\"@id\":\"https:\/\/evocert.pl\/en\/#organization\",\"name\":\"EVOCERT\",\"url\":\"https:\/\/evocert.pl\/en\/\",\"logo\":{\"@type\":\"ImageObject\",\"inLanguage\":\"en-GB\",\"@id\":\"https:\/\/evocert.pl\/en\/#\/schema\/logo\/image\/\",\"url\":\"https:\/\/evocert.pl\/wp-content\/uploads\/2025\/01\/EVOCERT_logo_KOLOR_PNG.png\",\"contentUrl\":\"https:\/\/evocert.pl\/wp-content\/uploads\/2025\/01\/EVOCERT_logo_KOLOR_PNG.png\",\"width\":378,\"height\":378,\"caption\":\"EVOCERT\"},\"image\":{\"@id\":\"https:\/\/evocert.pl\/en\/#\/schema\/logo\/image\/\"},\"sameAs\":[\"https:\/\/www.linkedin.com\/company\/evocert-sp-z-o-o\"]}]}<\/script>\n<!-- \/ Yoast SEO plugin. -->","yoast_head_json":{"title":"Rolnictwo ekologiczne w Polsce - cennik i refundacje - EVOCERT","robots":{"index":"index","follow":"follow","max-snippet":"max-snippet:-1","max-image-preview":"max-image-preview:large","max-video-preview":"max-video-preview:-1"},"canonical":"https:\/\/evocert.pl\/en\/re_pl_cennik\/","og_locale":"en_GB","og_type":"article","og_title":"Rolnictwo ekologiczne w Polsce - cennik i refundacje - EVOCERT","og_description":"Cennik \u015awiadczenie us\u0142ug w zakresie certyfikacji oraz nadzoru w systemie kontroli rolnictwa ekologicznego przez jednostk\u0119 EVOCERT jest odp\u0142atne. Ceny us\u0142ug zale\u017c\u0105 od rodzaju prowadzonej dzia\u0142alno\u015bci. Cennik jest dost\u0119pny poni\u017cej i w zak\u0142adce \u201eDo pobrania\u201d. Zwrot koszt\u00f3w certyfikacji Producenci rolni mog\u0105 ubiega\u0107 si\u0119 o refundacj\u0119 cz\u0119\u015bci koszt\u00f3w zwi\u0105zanych z kontrol\u0105 i certyfikacj\u0105 gospodarstw ekologicznych, przyznawan\u0105 przez [&hellip;]","og_url":"https:\/\/evocert.pl\/en\/re_pl_cennik\/","og_site_name":"EVOCERT","article_modified_time":"2025-11-12T13:05:07+00:00","og_image":[{"width":378,"height":378,"url":"https:\/\/evocert.pl\/wp-content\/uploads\/2025\/01\/EVOCERT_logo_KOLOR_PNG.png","type":"image\/png"}],"twitter_card":"summary_large_image","twitter_misc":{"Estimated reading time":"1 minute"},"schema":{"@context":"https:\/\/schema.org","@graph":[{"@type":"WebPage","@id":"https:\/\/evocert.pl\/re_pl_cennik\/","url":"https:\/\/evocert.pl\/re_pl_cennik\/","name":"Rolnictwo ekologiczne w Polsce - cennik i refundacje - EVOCERT","isPartOf":{"@id":"https:\/\/evocert.pl\/en\/#website"},"datePublished":"2024-12-23T09:06:21+00:00","dateModified":"2025-11-12T13:05:07+00:00","breadcrumb":{"@id":"https:\/\/evocert.pl\/re_pl_cennik\/#breadcrumb"},"inLanguage":"en-GB","potentialAction":[{"@type":"ReadAction","target":["https:\/\/evocert.pl\/re_pl_cennik\/"]}]},{"@type":"BreadcrumbList","@id":"https:\/\/evocert.pl\/re_pl_cennik\/#breadcrumb","itemListElement":[{"@type":"ListItem","position":1,"name":"Strona g\u0142\u00f3wna","item":"https:\/\/evocert.pl\/en\/"},{"@type":"ListItem","position":2,"name":"Rolnictwo ekologiczne w Polsce &#8211; cennik i refundacje"}]},{"@type":"WebSite","@id":"https:\/\/evocert.pl\/en\/#website","url":"https:\/\/evocert.pl\/en\/","name":"EVOCERT","description":"Evolution in certification","publisher":{"@id":"https:\/\/evocert.pl\/en\/#organization"},"potentialAction":[{"@type":"SearchAction","target":{"@type":"EntryPoint","urlTemplate":"https:\/\/evocert.pl\/en\/?s={search_term_string}"},"query-input":{"@type":"PropertyValueSpecification","valueRequired":true,"valueName":"search_term_string"}}],"inLanguage":"en-GB"},{"@type":"Organization","@id":"https:\/\/evocert.pl\/en\/#organization","name":"EVOCERT","url":"https:\/\/evocert.pl\/en\/","logo":{"@type":"ImageObject","inLanguage":"en-GB","@id":"https:\/\/evocert.pl\/en\/#\/schema\/logo\/image\/","url":"https:\/\/evocert.pl\/wp-content\/uploads\/2025\/01\/EVOCERT_logo_KOLOR_PNG.png","contentUrl":"https:\/\/evocert.pl\/wp-content\/uploads\/2025\/01\/EVOCERT_logo_KOLOR_PNG.png","width":378,"height":378,"caption":"EVOCERT"},"image":{"@id":"https:\/\/evocert.pl\/en\/#\/schema\/logo\/image\/"},"sameAs":["https:\/\/www.linkedin.com\/company\/evocert-sp-z-o-o"]}]}},"_links":{"self":[{"href":"https:\/\/evocert.pl\/en\/wp-json\/wp\/v2\/pages\/595","targetHints":{"allow":["GET"]}}],"collection":[{"href":"https:\/\/evocert.pl\/en\/wp-json\/wp\/v2\/pages"}],"about":[{"href":"https:\/\/evocert.pl\/en\/wp-json\/wp\/v2\/types\/page"}],"author":[{"embeddable":true,"href":"https:\/\/evocert.pl\/en\/wp-json\/wp\/v2\/users\/2"}],"replies":[{"embeddable":true,"href":"https:\/\/evocert.pl\/en\/wp-json\/wp\/v2\/comments?post=595"}],"version-history":[{"count":19,"href":"https:\/\/evocert.pl\/en\/wp-json\/wp\/v2\/pages\/595\/revisions"}],"predecessor-version":[{"id":4794,"href":"https:\/\/evocert.pl\/en\/wp-json\/wp\/v2\/pages\/595\/revisions\/4794"}],"wp:attachment":[{"href":"https:\/\/evocert.pl\/en\/wp-json\/wp\/v2\/media?parent=595"}],"curies":[{"name":"wp","href":"https:\/\/api.w.org\/{rel}","templated":true}]}}