{"id":593,"date":"2024-12-23T10:06:06","date_gmt":"2024-12-23T09:06:06","guid":{"rendered":"https:\/\/evocert.pl\/?page_id=593"},"modified":"2025-08-21T14:26:55","modified_gmt":"2025-08-21T12:26:55","slug":"re_pl_wnioski","status":"publish","type":"page","link":"https:\/\/evocert.pl\/en\/re_pl_wnioski\/","title":{"rendered":"Organic farming in Poland - how to start"},"content":{"rendered":"<div class=\"wp-block-group has-heading-color has-text-color has-link-color has-small-font-size wp-elements-a01500ce5bd5bce2ba9166fd30ce7bf3 is-vertical is-content-justification-stretch is-layout-flex wp-container-core-group-is-layout-da8380c8 wp-block-group-is-layout-flex\" style=\"margin-bottom:0;padding-right:var(--wp--preset--spacing--60);padding-left:var(--wp--preset--spacing--30);line-height:1.6\">\n<div class=\"wp-block-group is-vertical is-layout-flex wp-container-core-group-is-layout-fe9cc265 wp-block-group-is-layout-flex\">\n<p>Before you start producing, preparing, distributing, storing, importing or exporting organic products (or products \"in conversion\"), you must register your activity with an authorised certification body.<\/p>\n\n\n\n<p class=\"translation-block\"><strong>Zg\u0142o\u015b <\/strong>swoj\u0105 dzia\u0142alno\u015b\u0107 <strong>do jednostki certyfikuj\u0105cej EVOCERT ju\u017c dzi\u015b,<\/strong> je\u017celi planujesz <strong>rozpocz\u0105\u0107 lub kontynuowa\u0107<\/strong> z nami dzia\u0142alno\u015b\u0107 w systemie rolnictwa ekologicznego.<\/p>\n<\/div>\n\n\n\n<hr class=\"wp-block-separator has-text-color has-custom-logo-color has-alpha-channel-opacity has-custom-logo-background-color has-background is-style-wide\" style=\"margin-top:var(--wp--preset--spacing--40);margin-bottom:var(--wp--preset--spacing--40)\"\/>\n\n\n\n<div class=\"wp-block-group is-vertical is-layout-flex wp-container-core-group-is-layout-a3fd536c wp-block-group-is-layout-flex\" style=\"margin-top:0;padding-top:0\">\n<h5 class=\"wp-block-heading has-custom-logo-color has-text-color has-link-color wp-elements-8c2f8243e5969bfe4b4efcaa5dcc2d59\">Step by step<\/h5>\n\n\n\n<ol class=\"wp-block-list\">\n<li class=\"has-heading-color has-text-color has-link-color wp-elements-437e7b6f10b5050dcd1c10c6d3353904 translation-block\"><strong>Pobierz <\/strong>formularz Zg\u0142oszenia dzia\u0142alno\u015bci w rolnictwie ekologicznym, kt\u00f3ry jest dost\u0119pny w zak\u0142adce \u201eDo pobrania\u201d oraz na stronie <a href=\"https:\/\/www.gov.pl\/web\/ijhars\/zgloszenie-dzialalnosci2\" target=\"_self\">GIJHARS<\/a>.<\/li>\n\n\n\n<li class=\"has-heading-color has-text-color has-link-color wp-elements-81e184d11c41f743da2d5b927f3fdc2b translation-block\"><strong>Wype\u0142nij i podpisz<\/strong> formularz. Instrukcje i obja\u015bnienia u\u0142atwiaj\u0105ce wype\u0142nianie mo\u017cna znale\u017a\u0107 na stronie <a href=\"https:\/\/www.gov.pl\/web\/ijhars\/zgloszenie-dzialalnosci2\" target=\"_self\">GIJHARS<\/a>.<\/li>\n\n\n\n<li class=\"translation-block\"><strong>Wype\u0142nij i podpisz <\/strong>dokumenty aplikacyjne EVOCERT dost\u0119pne w zak\u0142adce \u201eDo pobrania\u201d.<\/li>\n\n\n\n<li><strong>Upload your documents to EVOCERT<\/strong>. Documents can be uploaded:\n<ol style=\"list-style-type:lower-roman\" class=\"wp-block-list\">\n<li>by traditional mail with a handwritten signature to the following address: ul. dr Franciszka Witaszka 6, 64-920 Pi\u0142a, Poland,<\/li>\n\n\n\n<li>by e-mail with a qualified signature to the following address: kontakt@evocert.pl.<\/li>\n<\/ol>\n<\/li>\n<\/ol>\n<\/div>\n\n\n\n<hr class=\"wp-block-separator has-text-color has-custom-logo-color has-alpha-channel-opacity has-custom-logo-background-color has-background is-style-wide\" style=\"margin-top:var(--wp--preset--spacing--40);margin-bottom:var(--wp--preset--spacing--40)\"\/>\n\n\n\n<div class=\"wp-block-group is-vertical is-layout-flex wp-container-core-group-is-layout-d644fc7a wp-block-group-is-layout-flex\" style=\"margin-top:0\">\n<h5 class=\"wp-block-heading has-custom-logo-color has-text-color has-link-color wp-elements-e6fcc04e0500ad2e5988ba43f715c0bd\">Which documents should I complete and where can I find them?<\/h5>\n\n\n\n<p class=\"translation-block\">Dok\u0142adny wykaz dokument\u00f3w, kt\u00f3re nale\u017cy z\u0142o\u017cy\u0107, znajduje si\u0119 we wniosku o certyfikacj\u0119 \u2013 na pocz\u0105tku sekcji \u201eOpis jednostki\u201d. Po zapoznaniu si\u0119 z Pa\u0144stwa sytuacj\u0105, EVOCERT<strong> <\/strong>wska\u017ce, czy w za\u0142\u0105czonych dokumentach znajduj\u0105 si\u0119 wszystkie potrzebne informacje.<\/p>\n\n\n\n<p class=\"translation-block\">Wszystkie niezb\u0119dne dokumenty mo\u017cna znale\u017a\u0107 w zak\u0142adce <strong>\u201eDo pobrania\u201d<\/strong>.<\/p>\n\n\n\n<p>If you have any doubts regarding the application documents, please contact us \u2013 EVOCERT employees will be happy to help.<\/p>\n<\/div>\n\n\n\n<hr class=\"wp-block-separator has-text-color has-custom-logo-color has-alpha-channel-opacity has-custom-logo-background-color has-background is-style-wide\" style=\"margin-top:var(--wp--preset--spacing--40);margin-bottom:var(--wp--preset--spacing--40)\"\/>\n\n\n\n<div class=\"wp-block-group is-vertical is-layout-flex wp-container-core-group-is-layout-4515a946 wp-block-group-is-layout-flex\" style=\"margin-top:0;margin-bottom:var(--wp--preset--spacing--30);line-height:1.6\">\n<h5 class=\"wp-block-heading has-custom-logo-color has-text-color has-link-color wp-elements-62251d9649a9edbec145da251648237a\">What's next?<\/h5>\n\n\n\n<p class=\"translation-block\">Po otrzymaniu dokument\u00f3w jednostka <strong>EVOCERT<\/strong> zweryfikuje ich kompletno\u015b\u0107. Zg\u0142oszenie podj\u0119cia dzia\u0142alno\u015bci zostanie przekazane do <strong>Wojew\u00f3dzkiego Inspektora Jako\u015bci Handlowej Artyku\u0142\u00f3w Rolno-Spo\u017cywczych<\/strong>. WIJHARS zarejestruje Pa\u0144stwa w systemie kontroli i potwierdzi obj\u0119cie dzia\u0142alno\u015bci nadzorem.<\/p>\n\n\n\n<p class=\"translation-block\">Po podpisaniu umowy certyfikacyjnej <strong>EVOCERT<\/strong> zaplanuje i przeprowadzi kontrol\u0119 w miejscu prowadzenia dzia\u0142alno\u015bci. Na podstawie jej wynik\u00f3w zostan\u0105 Pa\u0144stwo poinformowani o decyzji certyfikacyjnej.<\/p>\n\n\n\n<p class=\"translation-block\">Szczeg\u00f3\u0142owy opis procesu certyfikacji i nadzoru znajd\u0105 Pa\u0144stwo w <strong>Programie Certyfikacji<\/strong>, kt\u00f3ry dost\u0119pny jest w zak\u0142adce <strong>\u201eDo pobrania\u201d<\/strong>.<\/p>\n<\/div>\n<\/div>","protected":false},"excerpt":{"rendered":"<p>Przed rozpocz\u0119ciem produkcji, przygotowania, dystrybucji, przechowywania, importu lub eksportu produkt\u00f3w ekologicznych (lub produkt\u00f3w \u201ew okresie konwersji\u201d), nale\u017cy zg\u0142osi\u0107 swoj\u0105 dzia\u0142alno\u015b\u0107 do upowa\u017cnionej jednostki certyfikuj\u0105cej. Zg\u0142o\u015b swoj\u0105 dzia\u0142alno\u015b\u0107 do jednostki certyfikuj\u0105cej EVOCERT ju\u017c dzi\u015b, je\u017celi planujesz rozpocz\u0105\u0107 lub kontynuowa\u0107 z nami dzia\u0142alno\u015b\u0107 w systemie rolnictwa ekologicznego. Krok po kroku: Kt\u00f3re dokumenty mam uzupe\u0142ni\u0107 i gdzie je [&hellip;]<\/p>","protected":false},"author":2,"featured_media":0,"parent":0,"menu_order":0,"comment_status":"closed","ping_status":"closed","template":"wp-custom-template-oferta-re-pl-wnioski","meta":{"footnotes":""},"class_list":["post-593","page","type-page","status-publish","hentry"],"yoast_head":"<!-- This site is optimized with the Yoast SEO plugin v26.3 - https:\/\/yoast.com\/wordpress\/plugins\/seo\/ -->\n<title>Rolnictwo ekologiczne w Polsce - jak zacz\u0105\u0107 - EVOCERT<\/title>\n<meta name=\"robots\" content=\"index, follow, max-snippet:-1, max-image-preview:large, max-video-preview:-1\" \/>\n<link rel=\"canonical\" href=\"https:\/\/evocert.pl\/en\/re_pl_wnioski\/\" \/>\n<meta property=\"og:locale\" content=\"en_GB\" \/>\n<meta property=\"og:type\" content=\"article\" \/>\n<meta property=\"og:title\" content=\"Rolnictwo ekologiczne w Polsce - jak zacz\u0105\u0107 - EVOCERT\" \/>\n<meta property=\"og:description\" content=\"Przed rozpocz\u0119ciem produkcji, przygotowania, dystrybucji, przechowywania, importu lub eksportu produkt\u00f3w ekologicznych (lub produkt\u00f3w \u201ew okresie konwersji\u201d), nale\u017cy zg\u0142osi\u0107 swoj\u0105 dzia\u0142alno\u015b\u0107 do upowa\u017cnionej jednostki certyfikuj\u0105cej. Zg\u0142o\u015b swoj\u0105 dzia\u0142alno\u015b\u0107 do jednostki certyfikuj\u0105cej EVOCERT ju\u017c dzi\u015b, je\u017celi planujesz rozpocz\u0105\u0107 lub kontynuowa\u0107 z nami dzia\u0142alno\u015b\u0107 w systemie rolnictwa ekologicznego. Krok po kroku: Kt\u00f3re dokumenty mam uzupe\u0142ni\u0107 i gdzie je [&hellip;]\" \/>\n<meta property=\"og:url\" content=\"https:\/\/evocert.pl\/en\/re_pl_wnioski\/\" \/>\n<meta property=\"og:site_name\" content=\"EVOCERT\" \/>\n<meta property=\"article:modified_time\" content=\"2025-08-21T12:26:55+00:00\" \/>\n<meta property=\"og:image\" content=\"https:\/\/evocert.pl\/wp-content\/uploads\/2025\/01\/EVOCERT_logo_KOLOR_PNG.png\" \/>\n\t<meta property=\"og:image:width\" content=\"378\" \/>\n\t<meta property=\"og:image:height\" content=\"378\" \/>\n\t<meta property=\"og:image:type\" content=\"image\/png\" \/>\n<meta name=\"twitter:card\" content=\"summary_large_image\" \/>\n<meta name=\"twitter:label1\" content=\"Estimated reading time\" \/>\n\t<meta name=\"twitter:data1\" content=\"2 minutes\" \/>\n<script type=\"application\/ld+json\" class=\"yoast-schema-graph\">{\"@context\":\"https:\/\/schema.org\",\"@graph\":[{\"@type\":\"WebPage\",\"@id\":\"https:\/\/evocert.pl\/re_pl_wnioski\/\",\"url\":\"https:\/\/evocert.pl\/re_pl_wnioski\/\",\"name\":\"Rolnictwo ekologiczne w Polsce - jak zacz\u0105\u0107 - EVOCERT\",\"isPartOf\":{\"@id\":\"https:\/\/evocert.pl\/en\/#website\"},\"datePublished\":\"2024-12-23T09:06:06+00:00\",\"dateModified\":\"2025-08-21T12:26:55+00:00\",\"breadcrumb\":{\"@id\":\"https:\/\/evocert.pl\/re_pl_wnioski\/#breadcrumb\"},\"inLanguage\":\"en-GB\",\"potentialAction\":[{\"@type\":\"ReadAction\",\"target\":[\"https:\/\/evocert.pl\/re_pl_wnioski\/\"]}]},{\"@type\":\"BreadcrumbList\",\"@id\":\"https:\/\/evocert.pl\/re_pl_wnioski\/#breadcrumb\",\"itemListElement\":[{\"@type\":\"ListItem\",\"position\":1,\"name\":\"Strona g\u0142\u00f3wna\",\"item\":\"https:\/\/evocert.pl\/en\/\"},{\"@type\":\"ListItem\",\"position\":2,\"name\":\"Rolnictwo ekologiczne w Polsce &#8211; jak zacz\u0105\u0107\"}]},{\"@type\":\"WebSite\",\"@id\":\"https:\/\/evocert.pl\/en\/#website\",\"url\":\"https:\/\/evocert.pl\/en\/\",\"name\":\"EVOCERT\",\"description\":\"Evolution in certification\",\"publisher\":{\"@id\":\"https:\/\/evocert.pl\/en\/#organization\"},\"potentialAction\":[{\"@type\":\"SearchAction\",\"target\":{\"@type\":\"EntryPoint\",\"urlTemplate\":\"https:\/\/evocert.pl\/en\/?s={search_term_string}\"},\"query-input\":{\"@type\":\"PropertyValueSpecification\",\"valueRequired\":true,\"valueName\":\"search_term_string\"}}],\"inLanguage\":\"en-GB\"},{\"@type\":\"Organization\",\"@id\":\"https:\/\/evocert.pl\/en\/#organization\",\"name\":\"EVOCERT\",\"url\":\"https:\/\/evocert.pl\/en\/\",\"logo\":{\"@type\":\"ImageObject\",\"inLanguage\":\"en-GB\",\"@id\":\"https:\/\/evocert.pl\/en\/#\/schema\/logo\/image\/\",\"url\":\"https:\/\/evocert.pl\/wp-content\/uploads\/2025\/01\/EVOCERT_logo_KOLOR_PNG.png\",\"contentUrl\":\"https:\/\/evocert.pl\/wp-content\/uploads\/2025\/01\/EVOCERT_logo_KOLOR_PNG.png\",\"width\":378,\"height\":378,\"caption\":\"EVOCERT\"},\"image\":{\"@id\":\"https:\/\/evocert.pl\/en\/#\/schema\/logo\/image\/\"},\"sameAs\":[\"https:\/\/www.linkedin.com\/company\/evocert-sp-z-o-o\"]}]}<\/script>\n<!-- \/ Yoast SEO plugin. -->","yoast_head_json":{"title":"Rolnictwo ekologiczne w Polsce - jak zacz\u0105\u0107 - EVOCERT","robots":{"index":"index","follow":"follow","max-snippet":"max-snippet:-1","max-image-preview":"max-image-preview:large","max-video-preview":"max-video-preview:-1"},"canonical":"https:\/\/evocert.pl\/en\/re_pl_wnioski\/","og_locale":"en_GB","og_type":"article","og_title":"Rolnictwo ekologiczne w Polsce - jak zacz\u0105\u0107 - EVOCERT","og_description":"Przed rozpocz\u0119ciem produkcji, przygotowania, dystrybucji, przechowywania, importu lub eksportu produkt\u00f3w ekologicznych (lub produkt\u00f3w \u201ew okresie konwersji\u201d), nale\u017cy zg\u0142osi\u0107 swoj\u0105 dzia\u0142alno\u015b\u0107 do upowa\u017cnionej jednostki certyfikuj\u0105cej. Zg\u0142o\u015b swoj\u0105 dzia\u0142alno\u015b\u0107 do jednostki certyfikuj\u0105cej EVOCERT ju\u017c dzi\u015b, je\u017celi planujesz rozpocz\u0105\u0107 lub kontynuowa\u0107 z nami dzia\u0142alno\u015b\u0107 w systemie rolnictwa ekologicznego. Krok po kroku: Kt\u00f3re dokumenty mam uzupe\u0142ni\u0107 i gdzie je [&hellip;]","og_url":"https:\/\/evocert.pl\/en\/re_pl_wnioski\/","og_site_name":"EVOCERT","article_modified_time":"2025-08-21T12:26:55+00:00","og_image":[{"width":378,"height":378,"url":"https:\/\/evocert.pl\/wp-content\/uploads\/2025\/01\/EVOCERT_logo_KOLOR_PNG.png","type":"image\/png"}],"twitter_card":"summary_large_image","twitter_misc":{"Estimated reading time":"2 minutes"},"schema":{"@context":"https:\/\/schema.org","@graph":[{"@type":"WebPage","@id":"https:\/\/evocert.pl\/re_pl_wnioski\/","url":"https:\/\/evocert.pl\/re_pl_wnioski\/","name":"Rolnictwo ekologiczne w Polsce - jak zacz\u0105\u0107 - EVOCERT","isPartOf":{"@id":"https:\/\/evocert.pl\/en\/#website"},"datePublished":"2024-12-23T09:06:06+00:00","dateModified":"2025-08-21T12:26:55+00:00","breadcrumb":{"@id":"https:\/\/evocert.pl\/re_pl_wnioski\/#breadcrumb"},"inLanguage":"en-GB","potentialAction":[{"@type":"ReadAction","target":["https:\/\/evocert.pl\/re_pl_wnioski\/"]}]},{"@type":"BreadcrumbList","@id":"https:\/\/evocert.pl\/re_pl_wnioski\/#breadcrumb","itemListElement":[{"@type":"ListItem","position":1,"name":"Strona g\u0142\u00f3wna","item":"https:\/\/evocert.pl\/en\/"},{"@type":"ListItem","position":2,"name":"Rolnictwo ekologiczne w Polsce &#8211; jak zacz\u0105\u0107"}]},{"@type":"WebSite","@id":"https:\/\/evocert.pl\/en\/#website","url":"https:\/\/evocert.pl\/en\/","name":"EVOCERT","description":"Evolution in certification","publisher":{"@id":"https:\/\/evocert.pl\/en\/#organization"},"potentialAction":[{"@type":"SearchAction","target":{"@type":"EntryPoint","urlTemplate":"https:\/\/evocert.pl\/en\/?s={search_term_string}"},"query-input":{"@type":"PropertyValueSpecification","valueRequired":true,"valueName":"search_term_string"}}],"inLanguage":"en-GB"},{"@type":"Organization","@id":"https:\/\/evocert.pl\/en\/#organization","name":"EVOCERT","url":"https:\/\/evocert.pl\/en\/","logo":{"@type":"ImageObject","inLanguage":"en-GB","@id":"https:\/\/evocert.pl\/en\/#\/schema\/logo\/image\/","url":"https:\/\/evocert.pl\/wp-content\/uploads\/2025\/01\/EVOCERT_logo_KOLOR_PNG.png","contentUrl":"https:\/\/evocert.pl\/wp-content\/uploads\/2025\/01\/EVOCERT_logo_KOLOR_PNG.png","width":378,"height":378,"caption":"EVOCERT"},"image":{"@id":"https:\/\/evocert.pl\/en\/#\/schema\/logo\/image\/"},"sameAs":["https:\/\/www.linkedin.com\/company\/evocert-sp-z-o-o"]}]}},"_links":{"self":[{"href":"https:\/\/evocert.pl\/en\/wp-json\/wp\/v2\/pages\/593","targetHints":{"allow":["GET"]}}],"collection":[{"href":"https:\/\/evocert.pl\/en\/wp-json\/wp\/v2\/pages"}],"about":[{"href":"https:\/\/evocert.pl\/en\/wp-json\/wp\/v2\/types\/page"}],"author":[{"embeddable":true,"href":"https:\/\/evocert.pl\/en\/wp-json\/wp\/v2\/users\/2"}],"replies":[{"embeddable":true,"href":"https:\/\/evocert.pl\/en\/wp-json\/wp\/v2\/comments?post=593"}],"version-history":[{"count":23,"href":"https:\/\/evocert.pl\/en\/wp-json\/wp\/v2\/pages\/593\/revisions"}],"predecessor-version":[{"id":4394,"href":"https:\/\/evocert.pl\/en\/wp-json\/wp\/v2\/pages\/593\/revisions\/4394"}],"wp:attachment":[{"href":"https:\/\/evocert.pl\/en\/wp-json\/wp\/v2\/media?parent=593"}],"curies":[{"name":"wp","href":"https:\/\/api.w.org\/{rel}","templated":true}]}}