{"id":4873,"date":"2025-09-30T08:36:02","date_gmt":"2025-09-30T06:36:02","guid":{"rendered":"https:\/\/evocert.pl\/?page_id=4873"},"modified":"2025-09-30T09:23:49","modified_gmt":"2025-09-30T07:23:49","slug":"eudr-etapy-oceny-stopnia-zgodnosci","status":"publish","type":"page","link":"https:\/\/evocert.pl\/en\/eudr-etapy-oceny-stopnia-zgodnosci\/","title":{"rendered":"EUDR \u2013 steps in the assessment of the degree of compliance"},"content":{"rendered":"<p class=\"has-small-font-size\" style=\"line-height:1.7\">The process of assessing the degree of compliance with the EUDR Regulation is carried out in a transparent manner and is tailored to the size and specific nature of the company.<\/p>\n\n\n\n<hr class=\"wp-block-separator has-text-color has-custom-logo-color has-alpha-channel-opacity has-custom-logo-background-color has-background is-style-wide\" style=\"margin-top:var(--wp--preset--spacing--60);margin-bottom:var(--wp--preset--spacing--60)\"\/>\n\n\n\n<h2 class=\"wp-block-heading has-custom-logo-color has-text-color has-link-color has-medium-font-size wp-elements-c64663598177ea08ea8e492c379e5b0f\">Application for the assessment of the degree of compliance<\/h2>\n\n\n\n<p class=\"has-small-font-size\" style=\"line-height:1.7\">The client completes an application for the assessment of the degree of compliance using the EVOCERT form.<\/p>\n\n\n\n<hr class=\"wp-block-separator has-text-color has-custom-logo-color has-alpha-channel-opacity has-custom-logo-background-color has-background is-style-wide\" style=\"margin-top:var(--wp--preset--spacing--60);margin-bottom:var(--wp--preset--spacing--60)\"\/>\n\n\n\n<h2 class=\"wp-block-heading has-custom-logo-color has-text-color has-link-color has-medium-font-size wp-elements-9d05f410d4c94095626b7b6c22fe5099\">Offer<\/h2>\n\n\n\n<p class=\"has-small-font-size\" style=\"line-height:1.7\">Depending on the size and nature of the company\u2019s operations, EVOCERT prepares and sends the Client an offer indicating the prices and the timeframe for implementation.<\/p>\n\n\n\n<hr class=\"wp-block-separator has-text-color has-custom-logo-color has-alpha-channel-opacity has-custom-logo-background-color has-background is-style-wide\" style=\"margin-top:var(--wp--preset--spacing--60);margin-bottom:var(--wp--preset--spacing--60)\"\/>\n\n\n\n<h2 class=\"wp-block-heading has-custom-logo-color has-text-color has-link-color has-medium-font-size wp-elements-7343be771c9cf1667fad7783c1fe2b5f\">Audit<\/h2>\n\n\n\n<p class=\"has-small-font-size\" style=\"line-height:1.7\">A qualified auditor (or an audit team) conducts an on-site audit at the Client\u2019s premises to verify compliance with the requirements of the EUDR Regulation. It is also possible to carry out part of the audit activities in a mixed mode: on-site\/online.<\/p>\n\n\n\n<hr class=\"wp-block-separator has-text-color has-custom-logo-color has-alpha-channel-opacity has-custom-logo-background-color has-background is-style-wide\" style=\"margin-top:var(--wp--preset--spacing--60);margin-bottom:var(--wp--preset--spacing--60)\"\/>\n\n\n\n<h2 class=\"wp-block-heading has-custom-logo-color has-text-color has-link-color has-medium-font-size wp-elements-4f23e98ba4e56755b8a68d64e8386c34\">Audit Report<\/h2>\n\n\n\n<p class=\"has-small-font-size\" style=\"line-height:1.7\">After the completion of audit activities, i.e. the collection of all necessary data, EVOCERT verifies the audit report and conducts the assessment of the degree of compliance. The audit report is provided to the Client after approval. The compliance degree result is an integral part of the audit report and is based on criteria developed for application by EVOCERT experts.<\/p>\n\n\n\n<hr class=\"wp-block-separator has-text-color has-custom-logo-color has-alpha-channel-opacity has-custom-logo-background-color has-background is-style-wide\" style=\"margin-top:var(--wp--preset--spacing--60);margin-bottom:var(--wp--preset--spacing--60)\"\/>\n\n\n\n<h2 class=\"wp-block-heading has-custom-logo-color has-text-color has-link-color has-medium-font-size wp-elements-c880b4469fab4a54ecc46d84f92e1d0b\">Confirmation<\/h2>\n\n\n\n<p class=\"has-small-font-size\" style=\"line-height:1.7\">Following the verification of the report, EVOCERT issues to the Client a Confirmation on the degree of compliance with the requirements of the EUDR Regulation.<\/p>\n\n\n\n<hr class=\"wp-block-separator has-text-color has-custom-logo-color has-alpha-channel-opacity has-custom-logo-background-color has-background is-style-wide\" style=\"margin-top:var(--wp--preset--spacing--60);margin-bottom:var(--wp--preset--spacing--60)\"\/>\n\n\n\n<h2 class=\"wp-block-heading has-custom-logo-color has-text-color has-link-color has-medium-font-size wp-elements-8c64554b1d2fe2d2cdb4fd372626c0b6\">Are you ready for a compliance degree assessment?<\/h2>\n\n\n\n<p class=\"has-small-font-size\" style=\"line-height:1.7\">EVOCERT will be happy to prepare an offer and answer any questions you may have.<\/p>","protected":false},"excerpt":{"rendered":"<p>Proces oceny stopnia zgodno\u015bci z Rozporz\u0105dzeniem EUDR jest prowadzony w spos\u00f3b przejrzysty i jest dostosowany do wielko\u015bci i specyfiki przedsi\u0119biorstwa. Wniosek o ocen\u0119 stopnia zgodno\u015bci Klient wype\u0142nia wniosek o ocen\u0119 stopnia zgodno\u015bci stosuj\u0105c formularz EVOCERT. Oferta W zale\u017cno\u015bci od wielko\u015bci i charakteru dzia\u0142alno\u015bci przedsi\u0119biorstwa, EVOCERT sporz\u0105dza i przesy\u0142a do Klienta ofert\u0119 ze wskazaniem cen i [&hellip;]<\/p>\n","protected":false},"author":2,"featured_media":0,"parent":0,"menu_order":0,"comment_status":"closed","ping_status":"closed","template":"wp-custom-template-oferta-eudr-etapy-oceny","meta":{"footnotes":""},"class_list":["post-4873","page","type-page","status-publish","hentry"],"yoast_head":"<!-- This site is optimized with the Yoast SEO plugin v27.5 - https:\/\/yoast.com\/product\/yoast-seo-wordpress\/ -->\n<title>EUDR - etapy oceny stopnia zgodno\u015bci - EVOCERT<\/title>\n<meta name=\"robots\" content=\"index, follow, max-snippet:-1, max-image-preview:large, max-video-preview:-1\" \/>\n<link rel=\"canonical\" href=\"https:\/\/evocert.pl\/en\/eudr-etapy-oceny-stopnia-zgodnosci\/\" \/>\n<meta property=\"og:locale\" content=\"en_GB\" \/>\n<meta property=\"og:type\" content=\"article\" \/>\n<meta property=\"og:title\" content=\"EUDR - etapy oceny stopnia zgodno\u015bci - EVOCERT\" \/>\n<meta property=\"og:description\" content=\"Proces oceny stopnia zgodno\u015bci z Rozporz\u0105dzeniem EUDR jest prowadzony w spos\u00f3b przejrzysty i jest dostosowany do wielko\u015bci i specyfiki przedsi\u0119biorstwa. Wniosek o ocen\u0119 stopnia zgodno\u015bci Klient wype\u0142nia wniosek o ocen\u0119 stopnia zgodno\u015bci stosuj\u0105c formularz EVOCERT. Oferta W zale\u017cno\u015bci od wielko\u015bci i charakteru dzia\u0142alno\u015bci przedsi\u0119biorstwa, EVOCERT sporz\u0105dza i przesy\u0142a do Klienta ofert\u0119 ze wskazaniem cen i [&hellip;]\" \/>\n<meta property=\"og:url\" content=\"https:\/\/evocert.pl\/en\/eudr-etapy-oceny-stopnia-zgodnosci\/\" \/>\n<meta property=\"og:site_name\" content=\"EVOCERT\" \/>\n<meta property=\"article:modified_time\" content=\"2025-09-30T07:23:49+00:00\" \/>\n<meta property=\"og:image\" content=\"https:\/\/evocert.pl\/wp-content\/uploads\/2025\/01\/EVOCERT_logo_KOLOR_PNG.png\" \/>\n\t<meta property=\"og:image:width\" content=\"378\" \/>\n\t<meta property=\"og:image:height\" content=\"378\" \/>\n\t<meta property=\"og:image:type\" content=\"image\/png\" \/>\n<meta name=\"twitter:card\" content=\"summary_large_image\" \/>\n<script type=\"application\/ld+json\" class=\"yoast-schema-graph\">{\"@context\":\"https:\\\/\\\/schema.org\",\"@graph\":[{\"@type\":\"WebPage\",\"@id\":\"https:\\\/\\\/evocert.pl\\\/eudr-etapy-oceny-stopnia-zgodnosci\\\/\",\"url\":\"https:\\\/\\\/evocert.pl\\\/eudr-etapy-oceny-stopnia-zgodnosci\\\/\",\"name\":\"EUDR - etapy oceny stopnia zgodno\u015bci - EVOCERT\",\"isPartOf\":{\"@id\":\"https:\\\/\\\/evocert.pl\\\/en\\\/#website\"},\"datePublished\":\"2025-09-30T06:36:02+00:00\",\"dateModified\":\"2025-09-30T07:23:49+00:00\",\"breadcrumb\":{\"@id\":\"https:\\\/\\\/evocert.pl\\\/eudr-etapy-oceny-stopnia-zgodnosci\\\/#breadcrumb\"},\"inLanguage\":\"en-GB\",\"potentialAction\":[{\"@type\":\"ReadAction\",\"target\":[\"https:\\\/\\\/evocert.pl\\\/eudr-etapy-oceny-stopnia-zgodnosci\\\/\"]}]},{\"@type\":\"BreadcrumbList\",\"@id\":\"https:\\\/\\\/evocert.pl\\\/eudr-etapy-oceny-stopnia-zgodnosci\\\/#breadcrumb\",\"itemListElement\":[{\"@type\":\"ListItem\",\"position\":1,\"name\":\"Strona g\u0142\u00f3wna\",\"item\":\"https:\\\/\\\/evocert.pl\\\/en\\\/\"},{\"@type\":\"ListItem\",\"position\":2,\"name\":\"EUDR &#8211; etapy oceny stopnia zgodno\u015bci\"}]},{\"@type\":\"WebSite\",\"@id\":\"https:\\\/\\\/evocert.pl\\\/en\\\/#website\",\"url\":\"https:\\\/\\\/evocert.pl\\\/en\\\/\",\"name\":\"EVOCERT\",\"description\":\"Evolution in certification\",\"publisher\":{\"@id\":\"https:\\\/\\\/evocert.pl\\\/en\\\/#organization\"},\"potentialAction\":[{\"@type\":\"SearchAction\",\"target\":{\"@type\":\"EntryPoint\",\"urlTemplate\":\"https:\\\/\\\/evocert.pl\\\/en\\\/?s={search_term_string}\"},\"query-input\":{\"@type\":\"PropertyValueSpecification\",\"valueRequired\":true,\"valueName\":\"search_term_string\"}}],\"inLanguage\":\"en-GB\"},{\"@type\":\"Organization\",\"@id\":\"https:\\\/\\\/evocert.pl\\\/en\\\/#organization\",\"name\":\"EVOCERT\",\"url\":\"https:\\\/\\\/evocert.pl\\\/en\\\/\",\"logo\":{\"@type\":\"ImageObject\",\"inLanguage\":\"en-GB\",\"@id\":\"https:\\\/\\\/evocert.pl\\\/en\\\/#\\\/schema\\\/logo\\\/image\\\/\",\"url\":\"https:\\\/\\\/evocert.pl\\\/wp-content\\\/uploads\\\/2025\\\/01\\\/EVOCERT_logo_KOLOR_PNG.png\",\"contentUrl\":\"https:\\\/\\\/evocert.pl\\\/wp-content\\\/uploads\\\/2025\\\/01\\\/EVOCERT_logo_KOLOR_PNG.png\",\"width\":378,\"height\":378,\"caption\":\"EVOCERT\"},\"image\":{\"@id\":\"https:\\\/\\\/evocert.pl\\\/en\\\/#\\\/schema\\\/logo\\\/image\\\/\"},\"sameAs\":[\"https:\\\/\\\/www.linkedin.com\\\/company\\\/evocert-sp-z-o-o\"]}]}<\/script>\n<!-- \/ Yoast SEO plugin. -->","yoast_head_json":{"title":"EUDR - etapy oceny stopnia zgodno\u015bci - EVOCERT","robots":{"index":"index","follow":"follow","max-snippet":"max-snippet:-1","max-image-preview":"max-image-preview:large","max-video-preview":"max-video-preview:-1"},"canonical":"https:\/\/evocert.pl\/en\/eudr-etapy-oceny-stopnia-zgodnosci\/","og_locale":"en_GB","og_type":"article","og_title":"EUDR - etapy oceny stopnia zgodno\u015bci - EVOCERT","og_description":"Proces oceny stopnia zgodno\u015bci z Rozporz\u0105dzeniem EUDR jest prowadzony w spos\u00f3b przejrzysty i jest dostosowany do wielko\u015bci i specyfiki przedsi\u0119biorstwa. Wniosek o ocen\u0119 stopnia zgodno\u015bci Klient wype\u0142nia wniosek o ocen\u0119 stopnia zgodno\u015bci stosuj\u0105c formularz EVOCERT. Oferta W zale\u017cno\u015bci od wielko\u015bci i charakteru dzia\u0142alno\u015bci przedsi\u0119biorstwa, EVOCERT sporz\u0105dza i przesy\u0142a do Klienta ofert\u0119 ze wskazaniem cen i [&hellip;]","og_url":"https:\/\/evocert.pl\/en\/eudr-etapy-oceny-stopnia-zgodnosci\/","og_site_name":"EVOCERT","article_modified_time":"2025-09-30T07:23:49+00:00","og_image":[{"width":378,"height":378,"url":"https:\/\/evocert.pl\/wp-content\/uploads\/2025\/01\/EVOCERT_logo_KOLOR_PNG.png","type":"image\/png"}],"twitter_card":"summary_large_image","schema":{"@context":"https:\/\/schema.org","@graph":[{"@type":"WebPage","@id":"https:\/\/evocert.pl\/eudr-etapy-oceny-stopnia-zgodnosci\/","url":"https:\/\/evocert.pl\/eudr-etapy-oceny-stopnia-zgodnosci\/","name":"EUDR - etapy oceny stopnia zgodno\u015bci - EVOCERT","isPartOf":{"@id":"https:\/\/evocert.pl\/en\/#website"},"datePublished":"2025-09-30T06:36:02+00:00","dateModified":"2025-09-30T07:23:49+00:00","breadcrumb":{"@id":"https:\/\/evocert.pl\/eudr-etapy-oceny-stopnia-zgodnosci\/#breadcrumb"},"inLanguage":"en-GB","potentialAction":[{"@type":"ReadAction","target":["https:\/\/evocert.pl\/eudr-etapy-oceny-stopnia-zgodnosci\/"]}]},{"@type":"BreadcrumbList","@id":"https:\/\/evocert.pl\/eudr-etapy-oceny-stopnia-zgodnosci\/#breadcrumb","itemListElement":[{"@type":"ListItem","position":1,"name":"Strona g\u0142\u00f3wna","item":"https:\/\/evocert.pl\/en\/"},{"@type":"ListItem","position":2,"name":"EUDR &#8211; etapy oceny stopnia zgodno\u015bci"}]},{"@type":"WebSite","@id":"https:\/\/evocert.pl\/en\/#website","url":"https:\/\/evocert.pl\/en\/","name":"EVOCERT","description":"Evolution in certification","publisher":{"@id":"https:\/\/evocert.pl\/en\/#organization"},"potentialAction":[{"@type":"SearchAction","target":{"@type":"EntryPoint","urlTemplate":"https:\/\/evocert.pl\/en\/?s={search_term_string}"},"query-input":{"@type":"PropertyValueSpecification","valueRequired":true,"valueName":"search_term_string"}}],"inLanguage":"en-GB"},{"@type":"Organization","@id":"https:\/\/evocert.pl\/en\/#organization","name":"EVOCERT","url":"https:\/\/evocert.pl\/en\/","logo":{"@type":"ImageObject","inLanguage":"en-GB","@id":"https:\/\/evocert.pl\/en\/#\/schema\/logo\/image\/","url":"https:\/\/evocert.pl\/wp-content\/uploads\/2025\/01\/EVOCERT_logo_KOLOR_PNG.png","contentUrl":"https:\/\/evocert.pl\/wp-content\/uploads\/2025\/01\/EVOCERT_logo_KOLOR_PNG.png","width":378,"height":378,"caption":"EVOCERT"},"image":{"@id":"https:\/\/evocert.pl\/en\/#\/schema\/logo\/image\/"},"sameAs":["https:\/\/www.linkedin.com\/company\/evocert-sp-z-o-o"]}]}},"_links":{"self":[{"href":"https:\/\/evocert.pl\/en\/wp-json\/wp\/v2\/pages\/4873","targetHints":{"allow":["GET"]}}],"collection":[{"href":"https:\/\/evocert.pl\/en\/wp-json\/wp\/v2\/pages"}],"about":[{"href":"https:\/\/evocert.pl\/en\/wp-json\/wp\/v2\/types\/page"}],"author":[{"embeddable":true,"href":"https:\/\/evocert.pl\/en\/wp-json\/wp\/v2\/users\/2"}],"replies":[{"embeddable":true,"href":"https:\/\/evocert.pl\/en\/wp-json\/wp\/v2\/comments?post=4873"}],"version-history":[{"count":2,"href":"https:\/\/evocert.pl\/en\/wp-json\/wp\/v2\/pages\/4873\/revisions"}],"predecessor-version":[{"id":4902,"href":"https:\/\/evocert.pl\/en\/wp-json\/wp\/v2\/pages\/4873\/revisions\/4902"}],"wp:attachment":[{"href":"https:\/\/evocert.pl\/en\/wp-json\/wp\/v2\/media?parent=4873"}],"curies":[{"name":"wp","href":"https:\/\/api.w.org\/{rel}","templated":true}]}}