{"id":3244,"date":"2025-01-17T11:57:26","date_gmt":"2025-01-17T10:57:26","guid":{"rendered":"https:\/\/evocert.pl\/?page_id=3244"},"modified":"2025-12-17T09:56:16","modified_gmt":"2025-12-17T08:56:16","slug":"redcert","status":"publish","type":"page","link":"https:\/\/evocert.pl\/en\/redcert\/","title":{"rendered":"REDcert EU"},"content":{"rendered":"<h2 class=\"wp-block-heading has-custom-logo-color has-text-color has-link-color has-medium-font-size wp-elements-fed2a05d3bf78df41cfa15eb8afdf73e\">REDcert System<\/h2>\n\n\n\n<p class=\"has-small-font-size\">The REDcert system was established at the beginning of 2010 in Germany by leading associations and organizations from the agricultural and fuel sectors. In the same year, the REDcert certification system was recognized by the Federal Agency for Agriculture and Food (Bundesanstalt f\u00fcr Landwirtschaft und Ern\u00e4hrung \u2013 BLE), by decision dated 24 July 2012.<\/p>\n\n\n\n<hr class=\"wp-block-separator has-text-color has-custom-logo-color has-alpha-channel-opacity has-custom-logo-background-color has-background is-style-wide\" style=\"margin-top:var(--wp--preset--spacing--60);margin-bottom:var(--wp--preset--spacing--60)\"\/>\n\n\n\n<h2 class=\"wp-block-heading has-custom-logo-color has-text-color has-link-color has-medium-font-size wp-elements-69b1a42a322fac2dd1eb04f278c33c2c\">REDcert Certification<\/h2>\n\n\n\n<p class=\"has-small-font-size\">REDcert-EU and REDcert\u00b2 are certification systems supported by organizations. Their development was a response to the growing demand for certification in the fields of sustainable development and environmental protection. These certification systems are currently the most widely recognized standards across the entire EU.<\/p>\n\n\n\n<p class=\"has-small-font-size\">REDcert-EU is a standard for the sustainable use of biomass and biofuels. REDcert\u00b2 is applied particularly in cases of sustainable use of agricultural raw materials in the food and feed industries, as well as for the material use of biomass in the chemical industry. <\/p>\n\n\n\n<p class=\"has-small-font-size\">Certification provides companies from these sectors with easier access to the European biofuels market and the associated subsidies.<\/p>\n\n\n\n<hr class=\"wp-block-separator has-text-color has-custom-logo-color has-alpha-channel-opacity has-custom-logo-background-color has-background is-style-wide\" style=\"margin-top:var(--wp--preset--spacing--60);margin-bottom:var(--wp--preset--spacing--60)\"\/>\n\n\n\n<h2 class=\"wp-block-heading has-custom-logo-color has-text-color has-link-color has-medium-font-size wp-elements-83d385e1f92a9091b959b7e603c69a04\">Who is the REDcert system intended for?<\/h2>\n\n\n\n<p class=\"has-small-font-size\">The REDcert system is a certification system for biomass and biofuels production, intended for entities at every level involved in the production of biomass and biofuels, including, among others:<\/p>\n\n\n\n<ul class=\"wp-block-list\">\n<li class=\"has-small-font-size\">farms producing biomass (from agricultural raw materials),<\/li>\n\n\n\n<li class=\"has-small-font-size\">various producers of biomass and biofuels,<\/li>\n\n\n\n<li class=\"has-small-font-size\">producers of electricity generated from biomass and biofuels,<\/li>\n\n\n\n<li class=\"has-small-font-size\">purchasers of biomass (acquired for further processing),<\/li>\n\n\n\n<li class=\"has-small-font-size\">suppliers of inputs, biofuels, and biomass,<\/li>\n\n\n\n<li class=\"has-small-font-size\">distributors.<\/li>\n<\/ul>\n\n\n\n<hr class=\"wp-block-separator has-text-color has-custom-logo-color has-alpha-channel-opacity has-custom-logo-background-color has-background is-style-wide\" style=\"margin-top:var(--wp--preset--spacing--60);margin-bottom:var(--wp--preset--spacing--60)\"\/>\n\n\n\n<h2 class=\"wp-block-heading has-custom-logo-color has-text-color has-link-color has-medium-font-size wp-elements-786a7fc48519acca41feb061823f8fb5\">What benefits does the implementation and certification of the REDcert system provide?<\/h2>\n\n\n\n<ul class=\"wp-block-list\">\n<li class=\"has-small-font-size\">Reduction of the environmental impact of activities, including through the limitation of greenhouse gas emissions, protection of the biosphere, and sustainable land use;<\/li>\n\n\n\n<li class=\"has-small-font-size\">Respect for human rights and labor rights;<\/li>\n\n\n\n<li class=\"has-small-font-size\">Management of biomass and biofuels production in accordance with international standards;<\/li>\n\n\n\n<li class=\"has-small-font-size\">Fulfillment of sustainable development criteria and the requirements of Directive 2009\/28\/EC (RED);<\/li>\n\n\n\n<li class=\"has-small-font-size\">Increased competitiveness in the biofuels and biomass market;<\/li>\n\n\n\n<li class=\"has-small-font-size\">Building trust among local communities in responsible production;<\/li>\n\n\n\n<li class=\"has-small-font-size\">Improvement of the company\u2019s image domestically and internationally.<\/li>\n<\/ul>\n\n\n\n<hr class=\"wp-block-separator has-text-color has-custom-logo-color has-alpha-channel-opacity has-custom-logo-background-color has-background is-style-wide\" style=\"margin-top:var(--wp--preset--spacing--60);margin-bottom:var(--wp--preset--spacing--60)\"\/>\n\n\n\n<div class=\"wp-block-group is-vertical is-content-justification-stretch is-layout-flex wp-container-core-group-is-layout-353c4f5a wp-block-group-is-layout-flex\">\n<h2 class=\"wp-block-heading has-custom-logo-color has-text-color has-link-color has-medium-font-size wp-elements-7508ba807b5f054ec3b6f3807e9eaa03\">Do you have questions?<\/h2>\n\n\n\n<p class=\"has-small-font-size\" style=\"padding-bottom:var(--wp--preset--spacing--40);line-height:1.7\">The EVOCERT team of experts will be happy to clarify any doubts.<\/p>\n\n\n\n<div class=\"wp-block-buttons is-content-justification-center is-layout-flex wp-container-core-buttons-is-layout-c304233e wp-block-buttons-is-layout-flex\" style=\"margin-top:var(--wp--preset--spacing--20);margin-bottom:var(--wp--preset--spacing--30)\">\n<div class=\"wp-block-button has-custom-font-size has-body-text-font-size\"><a class=\"wp-block-button__link has-foreground-color has-custom-logo-background-color has-text-color has-background has-link-color wp-element-button\" href=\"http:\/\/evocert.pl\/en\/?page_id=308\" style=\"padding-top:0.85rem;padding-right:2rem;padding-bottom:0.85rem;padding-left:2rem\"><strong>Contact us<\/strong><\/a><\/div>\n<\/div>\n<\/div>","protected":false},"excerpt":{"rendered":"<p>System REDcert System REDcert zosta\u0142 stworzony na pocz\u0105tku 2010 roku w Niemczech przez wiod\u0105ce stowarzyszenia i organizacje sektora rolnego i paliwowego. Jeszcze w tym samym roku system certyfikacji REDcert zosta\u0142 uznany przez Federaln\u0105 Agencj\u0119 ds. Rolnictwa i \u017bywno\u015bci (Bundesanstalt f\u00fcr Landwirtschaft und Ern\u00e4hrung \u2013 BLE). Decyzj\u0105 z dnia 24 lipca 2012r. Certyfikacja REDcert REDcert-EU i [&hellip;]<\/p>\n","protected":false},"author":2,"featured_media":0,"parent":0,"menu_order":0,"comment_status":"closed","ping_status":"closed","template":"wp-custom-template-oferta-re-dcert-og-lne","meta":{"footnotes":""},"class_list":["post-3244","page","type-page","status-publish","hentry"],"yoast_head":"<!-- This site is optimized with the Yoast SEO plugin v27.5 - https:\/\/yoast.com\/product\/yoast-seo-wordpress\/ -->\n<title>REDcert EU - EVOCERT<\/title>\n<meta name=\"robots\" content=\"index, follow, max-snippet:-1, max-image-preview:large, max-video-preview:-1\" \/>\n<link rel=\"canonical\" href=\"https:\/\/evocert.pl\/en\/redcert\/\" \/>\n<meta property=\"og:locale\" content=\"en_GB\" \/>\n<meta property=\"og:type\" content=\"article\" \/>\n<meta property=\"og:title\" content=\"REDcert EU - EVOCERT\" \/>\n<meta property=\"og:description\" content=\"System REDcert System REDcert zosta\u0142 stworzony na pocz\u0105tku 2010 roku w Niemczech przez wiod\u0105ce stowarzyszenia i organizacje sektora rolnego i paliwowego. Jeszcze w tym samym roku system certyfikacji REDcert zosta\u0142 uznany przez Federaln\u0105 Agencj\u0119 ds. Rolnictwa i \u017bywno\u015bci (Bundesanstalt f\u00fcr Landwirtschaft und Ern\u00e4hrung \u2013 BLE). Decyzj\u0105 z dnia 24 lipca 2012r. Certyfikacja REDcert REDcert-EU i [&hellip;]\" \/>\n<meta property=\"og:url\" content=\"https:\/\/evocert.pl\/en\/redcert\/\" \/>\n<meta property=\"og:site_name\" content=\"EVOCERT\" \/>\n<meta property=\"article:modified_time\" content=\"2025-12-17T08:56:16+00:00\" \/>\n<meta property=\"og:image\" content=\"https:\/\/evocert.pl\/wp-content\/uploads\/2025\/01\/EVOCERT_logo_KOLOR_PNG.png\" \/>\n\t<meta property=\"og:image:width\" content=\"378\" \/>\n\t<meta property=\"og:image:height\" content=\"378\" \/>\n\t<meta property=\"og:image:type\" content=\"image\/png\" \/>\n<meta name=\"twitter:card\" content=\"summary_large_image\" \/>\n<meta name=\"twitter:label1\" content=\"Estimated reading time\" \/>\n\t<meta name=\"twitter:data1\" content=\"4 minutes\" \/>\n<script type=\"application\/ld+json\" class=\"yoast-schema-graph\">{\"@context\":\"https:\\\/\\\/schema.org\",\"@graph\":[{\"@type\":\"WebPage\",\"@id\":\"https:\\\/\\\/evocert.pl\\\/redcert\\\/\",\"url\":\"https:\\\/\\\/evocert.pl\\\/redcert\\\/\",\"name\":\"REDcert EU - EVOCERT\",\"isPartOf\":{\"@id\":\"https:\\\/\\\/evocert.pl\\\/en\\\/#website\"},\"datePublished\":\"2025-01-17T10:57:26+00:00\",\"dateModified\":\"2025-12-17T08:56:16+00:00\",\"breadcrumb\":{\"@id\":\"https:\\\/\\\/evocert.pl\\\/redcert\\\/#breadcrumb\"},\"inLanguage\":\"en-GB\",\"potentialAction\":[{\"@type\":\"ReadAction\",\"target\":[\"https:\\\/\\\/evocert.pl\\\/redcert\\\/\"]}]},{\"@type\":\"BreadcrumbList\",\"@id\":\"https:\\\/\\\/evocert.pl\\\/redcert\\\/#breadcrumb\",\"itemListElement\":[{\"@type\":\"ListItem\",\"position\":1,\"name\":\"Strona g\u0142\u00f3wna\",\"item\":\"https:\\\/\\\/evocert.pl\\\/en\\\/\"},{\"@type\":\"ListItem\",\"position\":2,\"name\":\"REDcert EU\"}]},{\"@type\":\"WebSite\",\"@id\":\"https:\\\/\\\/evocert.pl\\\/en\\\/#website\",\"url\":\"https:\\\/\\\/evocert.pl\\\/en\\\/\",\"name\":\"EVOCERT\",\"description\":\"Evolution in certification\",\"publisher\":{\"@id\":\"https:\\\/\\\/evocert.pl\\\/en\\\/#organization\"},\"potentialAction\":[{\"@type\":\"SearchAction\",\"target\":{\"@type\":\"EntryPoint\",\"urlTemplate\":\"https:\\\/\\\/evocert.pl\\\/en\\\/?s={search_term_string}\"},\"query-input\":{\"@type\":\"PropertyValueSpecification\",\"valueRequired\":true,\"valueName\":\"search_term_string\"}}],\"inLanguage\":\"en-GB\"},{\"@type\":\"Organization\",\"@id\":\"https:\\\/\\\/evocert.pl\\\/en\\\/#organization\",\"name\":\"EVOCERT\",\"url\":\"https:\\\/\\\/evocert.pl\\\/en\\\/\",\"logo\":{\"@type\":\"ImageObject\",\"inLanguage\":\"en-GB\",\"@id\":\"https:\\\/\\\/evocert.pl\\\/en\\\/#\\\/schema\\\/logo\\\/image\\\/\",\"url\":\"https:\\\/\\\/evocert.pl\\\/wp-content\\\/uploads\\\/2025\\\/01\\\/EVOCERT_logo_KOLOR_PNG.png\",\"contentUrl\":\"https:\\\/\\\/evocert.pl\\\/wp-content\\\/uploads\\\/2025\\\/01\\\/EVOCERT_logo_KOLOR_PNG.png\",\"width\":378,\"height\":378,\"caption\":\"EVOCERT\"},\"image\":{\"@id\":\"https:\\\/\\\/evocert.pl\\\/en\\\/#\\\/schema\\\/logo\\\/image\\\/\"},\"sameAs\":[\"https:\\\/\\\/www.linkedin.com\\\/company\\\/evocert-sp-z-o-o\"]}]}<\/script>\n<!-- \/ Yoast SEO plugin. -->","yoast_head_json":{"title":"REDcert EU - EVOCERT","robots":{"index":"index","follow":"follow","max-snippet":"max-snippet:-1","max-image-preview":"max-image-preview:large","max-video-preview":"max-video-preview:-1"},"canonical":"https:\/\/evocert.pl\/en\/redcert\/","og_locale":"en_GB","og_type":"article","og_title":"REDcert EU - EVOCERT","og_description":"System REDcert System REDcert zosta\u0142 stworzony na pocz\u0105tku 2010 roku w Niemczech przez wiod\u0105ce stowarzyszenia i organizacje sektora rolnego i paliwowego. Jeszcze w tym samym roku system certyfikacji REDcert zosta\u0142 uznany przez Federaln\u0105 Agencj\u0119 ds. Rolnictwa i \u017bywno\u015bci (Bundesanstalt f\u00fcr Landwirtschaft und Ern\u00e4hrung \u2013 BLE). Decyzj\u0105 z dnia 24 lipca 2012r. Certyfikacja REDcert REDcert-EU i [&hellip;]","og_url":"https:\/\/evocert.pl\/en\/redcert\/","og_site_name":"EVOCERT","article_modified_time":"2025-12-17T08:56:16+00:00","og_image":[{"width":378,"height":378,"url":"https:\/\/evocert.pl\/wp-content\/uploads\/2025\/01\/EVOCERT_logo_KOLOR_PNG.png","type":"image\/png"}],"twitter_card":"summary_large_image","twitter_misc":{"Estimated reading time":"4 minutes"},"schema":{"@context":"https:\/\/schema.org","@graph":[{"@type":"WebPage","@id":"https:\/\/evocert.pl\/redcert\/","url":"https:\/\/evocert.pl\/redcert\/","name":"REDcert EU - EVOCERT","isPartOf":{"@id":"https:\/\/evocert.pl\/en\/#website"},"datePublished":"2025-01-17T10:57:26+00:00","dateModified":"2025-12-17T08:56:16+00:00","breadcrumb":{"@id":"https:\/\/evocert.pl\/redcert\/#breadcrumb"},"inLanguage":"en-GB","potentialAction":[{"@type":"ReadAction","target":["https:\/\/evocert.pl\/redcert\/"]}]},{"@type":"BreadcrumbList","@id":"https:\/\/evocert.pl\/redcert\/#breadcrumb","itemListElement":[{"@type":"ListItem","position":1,"name":"Strona g\u0142\u00f3wna","item":"https:\/\/evocert.pl\/en\/"},{"@type":"ListItem","position":2,"name":"REDcert EU"}]},{"@type":"WebSite","@id":"https:\/\/evocert.pl\/en\/#website","url":"https:\/\/evocert.pl\/en\/","name":"EVOCERT","description":"Evolution in certification","publisher":{"@id":"https:\/\/evocert.pl\/en\/#organization"},"potentialAction":[{"@type":"SearchAction","target":{"@type":"EntryPoint","urlTemplate":"https:\/\/evocert.pl\/en\/?s={search_term_string}"},"query-input":{"@type":"PropertyValueSpecification","valueRequired":true,"valueName":"search_term_string"}}],"inLanguage":"en-GB"},{"@type":"Organization","@id":"https:\/\/evocert.pl\/en\/#organization","name":"EVOCERT","url":"https:\/\/evocert.pl\/en\/","logo":{"@type":"ImageObject","inLanguage":"en-GB","@id":"https:\/\/evocert.pl\/en\/#\/schema\/logo\/image\/","url":"https:\/\/evocert.pl\/wp-content\/uploads\/2025\/01\/EVOCERT_logo_KOLOR_PNG.png","contentUrl":"https:\/\/evocert.pl\/wp-content\/uploads\/2025\/01\/EVOCERT_logo_KOLOR_PNG.png","width":378,"height":378,"caption":"EVOCERT"},"image":{"@id":"https:\/\/evocert.pl\/en\/#\/schema\/logo\/image\/"},"sameAs":["https:\/\/www.linkedin.com\/company\/evocert-sp-z-o-o"]}]}},"_links":{"self":[{"href":"https:\/\/evocert.pl\/en\/wp-json\/wp\/v2\/pages\/3244","targetHints":{"allow":["GET"]}}],"collection":[{"href":"https:\/\/evocert.pl\/en\/wp-json\/wp\/v2\/pages"}],"about":[{"href":"https:\/\/evocert.pl\/en\/wp-json\/wp\/v2\/types\/page"}],"author":[{"embeddable":true,"href":"https:\/\/evocert.pl\/en\/wp-json\/wp\/v2\/users\/2"}],"replies":[{"embeddable":true,"href":"https:\/\/evocert.pl\/en\/wp-json\/wp\/v2\/comments?post=3244"}],"version-history":[{"count":8,"href":"https:\/\/evocert.pl\/en\/wp-json\/wp\/v2\/pages\/3244\/revisions"}],"predecessor-version":[{"id":5263,"href":"https:\/\/evocert.pl\/en\/wp-json\/wp\/v2\/pages\/3244\/revisions\/5263"}],"wp:attachment":[{"href":"https:\/\/evocert.pl\/en\/wp-json\/wp\/v2\/media?parent=3244"}],"curies":[{"name":"wp","href":"https:\/\/api.w.org\/{rel}","templated":true}]}}