{"id":287,"date":"2024-12-13T21:01:48","date_gmt":"2024-12-13T20:01:48","guid":{"rendered":"http:\/\/evocert.pl\/?page_id=287"},"modified":"2025-11-24T10:10:02","modified_gmt":"2025-11-24T09:10:02","slug":"integrowana-produkcja-roslin","status":"publish","type":"page","link":"https:\/\/evocert.pl\/en\/integrowana-produkcja-roslin\/","title":{"rendered":"Integrated Crop Production"},"content":{"rendered":"<div class=\"wp-block-group has-heading-color has-text-color has-link-color has-small-font-size wp-elements-ebc7109738b9b8378e6bf657c61915e4 is-vertical is-content-justification-stretch is-layout-flex wp-container-core-group-is-layout-a5b1d185 wp-block-group-is-layout-flex\" style=\"padding-right:var(--wp--preset--spacing--60);padding-bottom:var(--wp--preset--spacing--60);padding-left:var(--wp--preset--spacing--30);line-height:1.6\">\n<h2 class=\"wp-block-heading has-custom-logo-color has-text-color has-link-color has-medium-font-size wp-elements-3e9e96ca86686a311d406ea735c35c9d\">EVOCERT certification<\/h2>\n\n\n\n<p>Integrated Plant Production is a cultivation system that combines modern agrotechnical solutions with environmental protection principles. The program aims to produce safe, high-quality, and environmentally friendly food.<\/p>\n\n\n\n<p>Producers using Integrated Crop Production use innovative methods to reduce the pressure of chemical plant protection products, while ensuring consumer health and the sustainable development of farms.<\/p>\n\n\n\n<hr class=\"wp-block-separator has-text-color has-custom-logo-color has-alpha-channel-opacity has-custom-logo-background-color has-background is-style-wide\" style=\"margin-top:var(--wp--preset--spacing--40);margin-bottom:var(--wp--preset--spacing--40)\"\/>\n\n\n\n<p class=\"translation-block\">EVOCERT is PCA accredited for Integrated Crop Production. The scope of accreditation is available \u00a0<a href=\"https:\/\/www.pca.gov.pl\/akredytowane-podmioty\/akredytacje-aktywne\/jednostki-certyfikujace-wyroby\/AC254,podmiot.html\" target=\"_self\">here<\/a>.<\/p>\n\n\n\n<hr class=\"wp-block-separator has-text-color has-custom-logo-color has-alpha-channel-opacity has-custom-logo-background-color has-background is-style-wide\" style=\"margin-top:var(--wp--preset--spacing--40);margin-bottom:var(--wp--preset--spacing--40)\"\/>\n\n\n\n<p class=\"translation-block\">The certification body <strong>EVOCERT<\/strong> has obtained official authorization from WIORIN in Pozna\u0144 to conduct certification in the field of integrated plant production, which confirms compliance with the high standards set for certification bodies.<\/p>\n\n\n\n<p>This authorization includes:<\/p>\n\n\n\n<ul class=\"wp-block-list\">\n<li>the possibility of conducting inspections on farms using Integrated Crop Production,<\/li>\n\n\n\n<li>issuing certificates confirming compliance with system requirements,<\/li>\n\n\n\n<li>supervision over the compliance of producers' activities with Integrated Crop Production methodologies.<\/li>\n<\/ul>\n\n\n\n<hr class=\"wp-block-separator has-text-color has-custom-logo-color has-alpha-channel-opacity has-custom-logo-background-color has-background is-style-wide\" style=\"margin-top:var(--wp--preset--spacing--40);margin-bottom:var(--wp--preset--spacing--40)\"\/>\n\n\n\n<p>EVOCERT ensures the reliability of the certification process, the transparency of procedures, and timely service. Our team consists of specialists with experience in agriculture, plant protection, and food quality certification.<\/p>\n\n\n\n<p class=\"translation-block\"><a href=\"https:\/\/evocert.pl\/en\/kontakt\/\" target=\"_self\">Contact us<\/a> to start the certification process or learn more about Integrated Crop Production.<\/p>\n<\/div>","protected":false},"excerpt":{"rendered":"<p>Certyfikacja EVOCERT Integrowana Produkcja Ro\u015blin (IPR) to system uprawy, kt\u00f3ry \u0142\u0105czy nowoczesne rozwi\u0105zania agrotechniczne z zasadami ochrony \u015brodowiska. Celem programu jest produkcja \u017cywno\u015bci bezpiecznej, wysokiej jako\u015bci oraz przyjaznej naturze. Producenci stosuj\u0105cy IPR korzystaj\u0105 z innowacyjnych metod ograniczaj\u0105cych presj\u0119 chemicznych \u015brodk\u00f3w ochrony ro\u015blin, dbaj\u0105c jednocze\u015bnie o zdrowie konsument\u00f3w i zr\u00f3wnowa\u017cony rozw\u00f3j gospodarstw rolnych. EVOCERT posiada akredytacj\u0119 [&hellip;]<\/p>","protected":false},"author":2,"featured_media":0,"parent":0,"menu_order":0,"comment_status":"closed","ping_status":"closed","template":"wp-custom-template-oferta-ipr-og-lne-2","meta":{"footnotes":""},"class_list":["post-287","page","type-page","status-publish","hentry"],"yoast_head":"<!-- This site is optimized with the Yoast SEO plugin v26.3 - https:\/\/yoast.com\/wordpress\/plugins\/seo\/ -->\n<title>Integrowana produkcja ro\u015blin - EVOCERT<\/title>\n<meta name=\"robots\" content=\"index, follow, max-snippet:-1, max-image-preview:large, max-video-preview:-1\" \/>\n<link rel=\"canonical\" href=\"https:\/\/evocert.pl\/en\/integrowana-produkcja-roslin\/\" \/>\n<meta property=\"og:locale\" content=\"en_GB\" \/>\n<meta property=\"og:type\" content=\"article\" \/>\n<meta property=\"og:title\" content=\"Integrowana produkcja ro\u015blin - EVOCERT\" \/>\n<meta property=\"og:description\" content=\"Certyfikacja EVOCERT Integrowana Produkcja Ro\u015blin (IPR) to system uprawy, kt\u00f3ry \u0142\u0105czy nowoczesne rozwi\u0105zania agrotechniczne z zasadami ochrony \u015brodowiska. Celem programu jest produkcja \u017cywno\u015bci bezpiecznej, wysokiej jako\u015bci oraz przyjaznej naturze. Producenci stosuj\u0105cy IPR korzystaj\u0105 z innowacyjnych metod ograniczaj\u0105cych presj\u0119 chemicznych \u015brodk\u00f3w ochrony ro\u015blin, dbaj\u0105c jednocze\u015bnie o zdrowie konsument\u00f3w i zr\u00f3wnowa\u017cony rozw\u00f3j gospodarstw rolnych. EVOCERT posiada akredytacj\u0119 [&hellip;]\" \/>\n<meta property=\"og:url\" content=\"https:\/\/evocert.pl\/en\/integrowana-produkcja-roslin\/\" \/>\n<meta property=\"og:site_name\" content=\"EVOCERT\" \/>\n<meta property=\"article:modified_time\" content=\"2025-11-24T09:10:02+00:00\" \/>\n<meta property=\"og:image\" content=\"https:\/\/evocert.pl\/wp-content\/uploads\/2025\/01\/EVOCERT_logo_KOLOR_PNG.png\" \/>\n\t<meta property=\"og:image:width\" content=\"378\" \/>\n\t<meta property=\"og:image:height\" content=\"378\" \/>\n\t<meta property=\"og:image:type\" content=\"image\/png\" \/>\n<meta name=\"twitter:card\" content=\"summary_large_image\" \/>\n<meta name=\"twitter:label1\" content=\"Estimated reading time\" \/>\n\t<meta name=\"twitter:data1\" content=\"1 minute\" \/>\n<script type=\"application\/ld+json\" class=\"yoast-schema-graph\">{\"@context\":\"https:\/\/schema.org\",\"@graph\":[{\"@type\":\"WebPage\",\"@id\":\"https:\/\/evocert.pl\/integrowana-produkcja-roslin\/\",\"url\":\"https:\/\/evocert.pl\/integrowana-produkcja-roslin\/\",\"name\":\"Integrowana produkcja ro\u015blin - EVOCERT\",\"isPartOf\":{\"@id\":\"https:\/\/evocert.pl\/en\/#website\"},\"datePublished\":\"2024-12-13T20:01:48+00:00\",\"dateModified\":\"2025-11-24T09:10:02+00:00\",\"breadcrumb\":{\"@id\":\"https:\/\/evocert.pl\/integrowana-produkcja-roslin\/#breadcrumb\"},\"inLanguage\":\"en-GB\",\"potentialAction\":[{\"@type\":\"ReadAction\",\"target\":[\"https:\/\/evocert.pl\/integrowana-produkcja-roslin\/\"]}]},{\"@type\":\"BreadcrumbList\",\"@id\":\"https:\/\/evocert.pl\/integrowana-produkcja-roslin\/#breadcrumb\",\"itemListElement\":[{\"@type\":\"ListItem\",\"position\":1,\"name\":\"Strona g\u0142\u00f3wna\",\"item\":\"https:\/\/evocert.pl\/en\/\"},{\"@type\":\"ListItem\",\"position\":2,\"name\":\"Integrowana produkcja ro\u015blin\"}]},{\"@type\":\"WebSite\",\"@id\":\"https:\/\/evocert.pl\/en\/#website\",\"url\":\"https:\/\/evocert.pl\/en\/\",\"name\":\"EVOCERT\",\"description\":\"Evolution in certification\",\"publisher\":{\"@id\":\"https:\/\/evocert.pl\/en\/#organization\"},\"potentialAction\":[{\"@type\":\"SearchAction\",\"target\":{\"@type\":\"EntryPoint\",\"urlTemplate\":\"https:\/\/evocert.pl\/en\/?s={search_term_string}\"},\"query-input\":{\"@type\":\"PropertyValueSpecification\",\"valueRequired\":true,\"valueName\":\"search_term_string\"}}],\"inLanguage\":\"en-GB\"},{\"@type\":\"Organization\",\"@id\":\"https:\/\/evocert.pl\/en\/#organization\",\"name\":\"EVOCERT\",\"url\":\"https:\/\/evocert.pl\/en\/\",\"logo\":{\"@type\":\"ImageObject\",\"inLanguage\":\"en-GB\",\"@id\":\"https:\/\/evocert.pl\/en\/#\/schema\/logo\/image\/\",\"url\":\"https:\/\/evocert.pl\/wp-content\/uploads\/2025\/01\/EVOCERT_logo_KOLOR_PNG.png\",\"contentUrl\":\"https:\/\/evocert.pl\/wp-content\/uploads\/2025\/01\/EVOCERT_logo_KOLOR_PNG.png\",\"width\":378,\"height\":378,\"caption\":\"EVOCERT\"},\"image\":{\"@id\":\"https:\/\/evocert.pl\/en\/#\/schema\/logo\/image\/\"},\"sameAs\":[\"https:\/\/www.linkedin.com\/company\/evocert-sp-z-o-o\"]}]}<\/script>\n<!-- \/ Yoast SEO plugin. -->","yoast_head_json":{"title":"Integrowana produkcja ro\u015blin - EVOCERT","robots":{"index":"index","follow":"follow","max-snippet":"max-snippet:-1","max-image-preview":"max-image-preview:large","max-video-preview":"max-video-preview:-1"},"canonical":"https:\/\/evocert.pl\/en\/integrowana-produkcja-roslin\/","og_locale":"en_GB","og_type":"article","og_title":"Integrowana produkcja ro\u015blin - EVOCERT","og_description":"Certyfikacja EVOCERT Integrowana Produkcja Ro\u015blin (IPR) to system uprawy, kt\u00f3ry \u0142\u0105czy nowoczesne rozwi\u0105zania agrotechniczne z zasadami ochrony \u015brodowiska. Celem programu jest produkcja \u017cywno\u015bci bezpiecznej, wysokiej jako\u015bci oraz przyjaznej naturze. Producenci stosuj\u0105cy IPR korzystaj\u0105 z innowacyjnych metod ograniczaj\u0105cych presj\u0119 chemicznych \u015brodk\u00f3w ochrony ro\u015blin, dbaj\u0105c jednocze\u015bnie o zdrowie konsument\u00f3w i zr\u00f3wnowa\u017cony rozw\u00f3j gospodarstw rolnych. EVOCERT posiada akredytacj\u0119 [&hellip;]","og_url":"https:\/\/evocert.pl\/en\/integrowana-produkcja-roslin\/","og_site_name":"EVOCERT","article_modified_time":"2025-11-24T09:10:02+00:00","og_image":[{"width":378,"height":378,"url":"https:\/\/evocert.pl\/wp-content\/uploads\/2025\/01\/EVOCERT_logo_KOLOR_PNG.png","type":"image\/png"}],"twitter_card":"summary_large_image","twitter_misc":{"Estimated reading time":"1 minute"},"schema":{"@context":"https:\/\/schema.org","@graph":[{"@type":"WebPage","@id":"https:\/\/evocert.pl\/integrowana-produkcja-roslin\/","url":"https:\/\/evocert.pl\/integrowana-produkcja-roslin\/","name":"Integrowana produkcja ro\u015blin - EVOCERT","isPartOf":{"@id":"https:\/\/evocert.pl\/en\/#website"},"datePublished":"2024-12-13T20:01:48+00:00","dateModified":"2025-11-24T09:10:02+00:00","breadcrumb":{"@id":"https:\/\/evocert.pl\/integrowana-produkcja-roslin\/#breadcrumb"},"inLanguage":"en-GB","potentialAction":[{"@type":"ReadAction","target":["https:\/\/evocert.pl\/integrowana-produkcja-roslin\/"]}]},{"@type":"BreadcrumbList","@id":"https:\/\/evocert.pl\/integrowana-produkcja-roslin\/#breadcrumb","itemListElement":[{"@type":"ListItem","position":1,"name":"Strona g\u0142\u00f3wna","item":"https:\/\/evocert.pl\/en\/"},{"@type":"ListItem","position":2,"name":"Integrowana produkcja ro\u015blin"}]},{"@type":"WebSite","@id":"https:\/\/evocert.pl\/en\/#website","url":"https:\/\/evocert.pl\/en\/","name":"EVOCERT","description":"Evolution in certification","publisher":{"@id":"https:\/\/evocert.pl\/en\/#organization"},"potentialAction":[{"@type":"SearchAction","target":{"@type":"EntryPoint","urlTemplate":"https:\/\/evocert.pl\/en\/?s={search_term_string}"},"query-input":{"@type":"PropertyValueSpecification","valueRequired":true,"valueName":"search_term_string"}}],"inLanguage":"en-GB"},{"@type":"Organization","@id":"https:\/\/evocert.pl\/en\/#organization","name":"EVOCERT","url":"https:\/\/evocert.pl\/en\/","logo":{"@type":"ImageObject","inLanguage":"en-GB","@id":"https:\/\/evocert.pl\/en\/#\/schema\/logo\/image\/","url":"https:\/\/evocert.pl\/wp-content\/uploads\/2025\/01\/EVOCERT_logo_KOLOR_PNG.png","contentUrl":"https:\/\/evocert.pl\/wp-content\/uploads\/2025\/01\/EVOCERT_logo_KOLOR_PNG.png","width":378,"height":378,"caption":"EVOCERT"},"image":{"@id":"https:\/\/evocert.pl\/en\/#\/schema\/logo\/image\/"},"sameAs":["https:\/\/www.linkedin.com\/company\/evocert-sp-z-o-o"]}]}},"_links":{"self":[{"href":"https:\/\/evocert.pl\/en\/wp-json\/wp\/v2\/pages\/287","targetHints":{"allow":["GET"]}}],"collection":[{"href":"https:\/\/evocert.pl\/en\/wp-json\/wp\/v2\/pages"}],"about":[{"href":"https:\/\/evocert.pl\/en\/wp-json\/wp\/v2\/types\/page"}],"author":[{"embeddable":true,"href":"https:\/\/evocert.pl\/en\/wp-json\/wp\/v2\/users\/2"}],"replies":[{"embeddable":true,"href":"https:\/\/evocert.pl\/en\/wp-json\/wp\/v2\/comments?post=287"}],"version-history":[{"count":4,"href":"https:\/\/evocert.pl\/en\/wp-json\/wp\/v2\/pages\/287\/revisions"}],"predecessor-version":[{"id":5140,"href":"https:\/\/evocert.pl\/en\/wp-json\/wp\/v2\/pages\/287\/revisions\/5140"}],"wp:attachment":[{"href":"https:\/\/evocert.pl\/en\/wp-json\/wp\/v2\/media?parent=287"}],"curies":[{"name":"wp","href":"https:\/\/api.w.org\/{rel}","templated":true}]}}