{"id":1773,"date":"2025-01-02T13:18:41","date_gmt":"2025-01-02T12:18:41","guid":{"rendered":"https:\/\/evocert.pl\/?page_id=1773"},"modified":"2025-10-24T09:46:27","modified_gmt":"2025-10-24T07:46:27","slug":"ifs-logistics-znakowanie","status":"publish","type":"page","link":"https:\/\/evocert.pl\/en\/ifs-logistics-znakowanie\/","title":{"rendered":"IFS Logistics \u2013 labeling"},"content":{"rendered":"<div class=\"wp-block-group has-heading-color has-text-color has-link-color has-small-font-size wp-elements-6164bb747247648623ee8e7ef31d6a87 is-vertical is-content-justification-stretch is-layout-flex wp-container-core-group-is-layout-d8e33f2a wp-block-group-is-layout-flex\" style=\"padding-right:var(--wp--preset--spacing--60);padding-bottom:var(--wp--preset--spacing--70);padding-left:var(--wp--preset--spacing--30);line-height:1.6\">\n<h2 class=\"wp-block-heading has-custom-logo-color has-text-color has-link-color has-medium-font-size wp-elements-9d14d619b409ad9f1435d06107cc7dfa\">Rules for using the IFS logo<\/h2>\n\n\n\n<p class=\"translation-block\">The use of the IFS logo is permitted exclusively for companies holding a valid IFS certificate. Its use is subject to strictly defined rules designed to prevent misleading consumers.<\/p>\n\n\n\n<p>The IFS logo <strong>cannot be used<\/strong>:<\/p>\n\n\n\n<ul class=\"wp-block-list\">\n<li>directly on the product,<\/li>\n\n\n\n<li>on the original packaging of the product,<\/li>\n\n\n\n<li>or on any advertising materials that may reach the end consumer<br>(e.g. inter-company sales packaging, public displays for consumers, product brochures aimed at end consumers).<\/li>\n<\/ul>\n\n\n\n<p>The IFS logo <strong>may only be used<\/strong> in sections of the website relating to quality management or quality and safety in general.<\/p>\n\n\n\n<hr class=\"wp-block-separator has-text-color has-custom-logo-color has-alpha-channel-opacity has-custom-logo-background-color has-background is-style-wide\" style=\"margin-top:var(--wp--preset--spacing--40);margin-bottom:var(--wp--preset--spacing--40)\"\/>\n\n\n\n<p class=\"has-small-font-size translation-block\">The full rules and conditions for using the IFS logo are available on the IFS website: <a class=\"\" href=\"https:\/\/www.ifs-certification.com\/en\/terms-and-conditions-for-using-the-ifs-logos\" target=\"_self\">Terms and Conditions for Using the IFS Logos<\/a>.<\/p>\n\n\n\n<p>Before using the logo, we recommend that you carefully read the source document. <\/p>\n<\/div>","protected":false},"excerpt":{"rendered":"<p>Zasady u\u017cywania logo IFS Pos\u0142ugiwanie si\u0119 logo IFS jest mo\u017cliwe wy\u0142\u0105cznie przez firmy posiadaj\u0105ce wa\u017cny certyfikat IFS. Jego u\u017cycie podlega \u015bci\u015ble okre\u015blonym zasadom, kt\u00f3re maj\u0105 na celu zapobieganie wprowadzaniu konsument\u00f3w w b\u0142\u0105d. Logo IFS nie mo\u017ce by\u0107 umieszczane: Logo IFS mo\u017ce by\u0107 u\u017cywane wy\u0142\u0105cznie w sekcjach strony internetowej zwi\u0105zanych z zarz\u0105dzaniem jako\u015bci\u0105 lub og\u00f3lnie z [&hellip;]<\/p>","protected":false},"author":2,"featured_media":0,"parent":0,"menu_order":0,"comment_status":"closed","ping_status":"closed","template":"wp-custom-template-oferta-ifs-logistics-znakowanie","meta":{"footnotes":""},"class_list":["post-1773","page","type-page","status-publish","hentry"],"yoast_head":"<!-- This site is optimized with the Yoast SEO plugin v26.3 - https:\/\/yoast.com\/wordpress\/plugins\/seo\/ -->\n<title>IFS Logistics - znakowanie - EVOCERT<\/title>\n<meta name=\"robots\" content=\"index, follow, max-snippet:-1, max-image-preview:large, max-video-preview:-1\" \/>\n<link rel=\"canonical\" href=\"https:\/\/evocert.pl\/en\/ifs-logistics-znakowanie\/\" \/>\n<meta property=\"og:locale\" content=\"en_GB\" \/>\n<meta property=\"og:type\" content=\"article\" \/>\n<meta property=\"og:title\" content=\"IFS Logistics - znakowanie - EVOCERT\" \/>\n<meta property=\"og:description\" content=\"Zasady u\u017cywania logo IFS Pos\u0142ugiwanie si\u0119 logo IFS jest mo\u017cliwe wy\u0142\u0105cznie przez firmy posiadaj\u0105ce wa\u017cny certyfikat IFS. Jego u\u017cycie podlega \u015bci\u015ble okre\u015blonym zasadom, kt\u00f3re maj\u0105 na celu zapobieganie wprowadzaniu konsument\u00f3w w b\u0142\u0105d. Logo IFS nie mo\u017ce by\u0107 umieszczane: Logo IFS mo\u017ce by\u0107 u\u017cywane wy\u0142\u0105cznie w sekcjach strony internetowej zwi\u0105zanych z zarz\u0105dzaniem jako\u015bci\u0105 lub og\u00f3lnie z [&hellip;]\" \/>\n<meta property=\"og:url\" content=\"https:\/\/evocert.pl\/en\/ifs-logistics-znakowanie\/\" \/>\n<meta property=\"og:site_name\" content=\"EVOCERT\" \/>\n<meta property=\"article:modified_time\" content=\"2025-10-24T07:46:27+00:00\" \/>\n<meta property=\"og:image\" content=\"https:\/\/evocert.pl\/wp-content\/uploads\/2025\/01\/EVOCERT_logo_KOLOR_PNG.png\" \/>\n\t<meta property=\"og:image:width\" content=\"378\" \/>\n\t<meta property=\"og:image:height\" content=\"378\" \/>\n\t<meta property=\"og:image:type\" content=\"image\/png\" \/>\n<meta name=\"twitter:card\" content=\"summary_large_image\" \/>\n<script type=\"application\/ld+json\" class=\"yoast-schema-graph\">{\"@context\":\"https:\/\/schema.org\",\"@graph\":[{\"@type\":\"WebPage\",\"@id\":\"https:\/\/evocert.pl\/ifs-logistics-znakowanie\/\",\"url\":\"https:\/\/evocert.pl\/ifs-logistics-znakowanie\/\",\"name\":\"IFS Logistics - znakowanie - EVOCERT\",\"isPartOf\":{\"@id\":\"https:\/\/evocert.pl\/en\/#website\"},\"datePublished\":\"2025-01-02T12:18:41+00:00\",\"dateModified\":\"2025-10-24T07:46:27+00:00\",\"breadcrumb\":{\"@id\":\"https:\/\/evocert.pl\/ifs-logistics-znakowanie\/#breadcrumb\"},\"inLanguage\":\"en-GB\",\"potentialAction\":[{\"@type\":\"ReadAction\",\"target\":[\"https:\/\/evocert.pl\/ifs-logistics-znakowanie\/\"]}]},{\"@type\":\"BreadcrumbList\",\"@id\":\"https:\/\/evocert.pl\/ifs-logistics-znakowanie\/#breadcrumb\",\"itemListElement\":[{\"@type\":\"ListItem\",\"position\":1,\"name\":\"Strona g\u0142\u00f3wna\",\"item\":\"https:\/\/evocert.pl\/en\/\"},{\"@type\":\"ListItem\",\"position\":2,\"name\":\"IFS Logistics &#8211; znakowanie\"}]},{\"@type\":\"WebSite\",\"@id\":\"https:\/\/evocert.pl\/en\/#website\",\"url\":\"https:\/\/evocert.pl\/en\/\",\"name\":\"EVOCERT\",\"description\":\"Evolution in certification\",\"publisher\":{\"@id\":\"https:\/\/evocert.pl\/en\/#organization\"},\"potentialAction\":[{\"@type\":\"SearchAction\",\"target\":{\"@type\":\"EntryPoint\",\"urlTemplate\":\"https:\/\/evocert.pl\/en\/?s={search_term_string}\"},\"query-input\":{\"@type\":\"PropertyValueSpecification\",\"valueRequired\":true,\"valueName\":\"search_term_string\"}}],\"inLanguage\":\"en-GB\"},{\"@type\":\"Organization\",\"@id\":\"https:\/\/evocert.pl\/en\/#organization\",\"name\":\"EVOCERT\",\"url\":\"https:\/\/evocert.pl\/en\/\",\"logo\":{\"@type\":\"ImageObject\",\"inLanguage\":\"en-GB\",\"@id\":\"https:\/\/evocert.pl\/en\/#\/schema\/logo\/image\/\",\"url\":\"https:\/\/evocert.pl\/wp-content\/uploads\/2025\/01\/EVOCERT_logo_KOLOR_PNG.png\",\"contentUrl\":\"https:\/\/evocert.pl\/wp-content\/uploads\/2025\/01\/EVOCERT_logo_KOLOR_PNG.png\",\"width\":378,\"height\":378,\"caption\":\"EVOCERT\"},\"image\":{\"@id\":\"https:\/\/evocert.pl\/en\/#\/schema\/logo\/image\/\"},\"sameAs\":[\"https:\/\/www.linkedin.com\/company\/evocert-sp-z-o-o\"]}]}<\/script>\n<!-- \/ Yoast SEO plugin. -->","yoast_head_json":{"title":"IFS Logistics - znakowanie - EVOCERT","robots":{"index":"index","follow":"follow","max-snippet":"max-snippet:-1","max-image-preview":"max-image-preview:large","max-video-preview":"max-video-preview:-1"},"canonical":"https:\/\/evocert.pl\/en\/ifs-logistics-znakowanie\/","og_locale":"en_GB","og_type":"article","og_title":"IFS Logistics - znakowanie - EVOCERT","og_description":"Zasady u\u017cywania logo IFS Pos\u0142ugiwanie si\u0119 logo IFS jest mo\u017cliwe wy\u0142\u0105cznie przez firmy posiadaj\u0105ce wa\u017cny certyfikat IFS. Jego u\u017cycie podlega \u015bci\u015ble okre\u015blonym zasadom, kt\u00f3re maj\u0105 na celu zapobieganie wprowadzaniu konsument\u00f3w w b\u0142\u0105d. Logo IFS nie mo\u017ce by\u0107 umieszczane: Logo IFS mo\u017ce by\u0107 u\u017cywane wy\u0142\u0105cznie w sekcjach strony internetowej zwi\u0105zanych z zarz\u0105dzaniem jako\u015bci\u0105 lub og\u00f3lnie z [&hellip;]","og_url":"https:\/\/evocert.pl\/en\/ifs-logistics-znakowanie\/","og_site_name":"EVOCERT","article_modified_time":"2025-10-24T07:46:27+00:00","og_image":[{"width":378,"height":378,"url":"https:\/\/evocert.pl\/wp-content\/uploads\/2025\/01\/EVOCERT_logo_KOLOR_PNG.png","type":"image\/png"}],"twitter_card":"summary_large_image","schema":{"@context":"https:\/\/schema.org","@graph":[{"@type":"WebPage","@id":"https:\/\/evocert.pl\/ifs-logistics-znakowanie\/","url":"https:\/\/evocert.pl\/ifs-logistics-znakowanie\/","name":"IFS Logistics - znakowanie - EVOCERT","isPartOf":{"@id":"https:\/\/evocert.pl\/en\/#website"},"datePublished":"2025-01-02T12:18:41+00:00","dateModified":"2025-10-24T07:46:27+00:00","breadcrumb":{"@id":"https:\/\/evocert.pl\/ifs-logistics-znakowanie\/#breadcrumb"},"inLanguage":"en-GB","potentialAction":[{"@type":"ReadAction","target":["https:\/\/evocert.pl\/ifs-logistics-znakowanie\/"]}]},{"@type":"BreadcrumbList","@id":"https:\/\/evocert.pl\/ifs-logistics-znakowanie\/#breadcrumb","itemListElement":[{"@type":"ListItem","position":1,"name":"Strona g\u0142\u00f3wna","item":"https:\/\/evocert.pl\/en\/"},{"@type":"ListItem","position":2,"name":"IFS Logistics &#8211; znakowanie"}]},{"@type":"WebSite","@id":"https:\/\/evocert.pl\/en\/#website","url":"https:\/\/evocert.pl\/en\/","name":"EVOCERT","description":"Evolution in certification","publisher":{"@id":"https:\/\/evocert.pl\/en\/#organization"},"potentialAction":[{"@type":"SearchAction","target":{"@type":"EntryPoint","urlTemplate":"https:\/\/evocert.pl\/en\/?s={search_term_string}"},"query-input":{"@type":"PropertyValueSpecification","valueRequired":true,"valueName":"search_term_string"}}],"inLanguage":"en-GB"},{"@type":"Organization","@id":"https:\/\/evocert.pl\/en\/#organization","name":"EVOCERT","url":"https:\/\/evocert.pl\/en\/","logo":{"@type":"ImageObject","inLanguage":"en-GB","@id":"https:\/\/evocert.pl\/en\/#\/schema\/logo\/image\/","url":"https:\/\/evocert.pl\/wp-content\/uploads\/2025\/01\/EVOCERT_logo_KOLOR_PNG.png","contentUrl":"https:\/\/evocert.pl\/wp-content\/uploads\/2025\/01\/EVOCERT_logo_KOLOR_PNG.png","width":378,"height":378,"caption":"EVOCERT"},"image":{"@id":"https:\/\/evocert.pl\/en\/#\/schema\/logo\/image\/"},"sameAs":["https:\/\/www.linkedin.com\/company\/evocert-sp-z-o-o"]}]}},"_links":{"self":[{"href":"https:\/\/evocert.pl\/en\/wp-json\/wp\/v2\/pages\/1773","targetHints":{"allow":["GET"]}}],"collection":[{"href":"https:\/\/evocert.pl\/en\/wp-json\/wp\/v2\/pages"}],"about":[{"href":"https:\/\/evocert.pl\/en\/wp-json\/wp\/v2\/types\/page"}],"author":[{"embeddable":true,"href":"https:\/\/evocert.pl\/en\/wp-json\/wp\/v2\/users\/2"}],"replies":[{"embeddable":true,"href":"https:\/\/evocert.pl\/en\/wp-json\/wp\/v2\/comments?post=1773"}],"version-history":[{"count":3,"href":"https:\/\/evocert.pl\/en\/wp-json\/wp\/v2\/pages\/1773\/revisions"}],"predecessor-version":[{"id":4955,"href":"https:\/\/evocert.pl\/en\/wp-json\/wp\/v2\/pages\/1773\/revisions\/4955"}],"wp:attachment":[{"href":"https:\/\/evocert.pl\/en\/wp-json\/wp\/v2\/media?parent=1773"}],"curies":[{"name":"wp","href":"https:\/\/api.w.org\/{rel}","templated":true}]}}