{"id":1696,"date":"2025-01-02T12:43:31","date_gmt":"2025-01-02T11:43:31","guid":{"rendered":"https:\/\/evocert.pl\/?page_id=1696"},"modified":"2025-11-03T13:45:23","modified_gmt":"2025-11-03T12:45:23","slug":"ifs-broker","status":"publish","type":"page","link":"https:\/\/evocert.pl\/en\/ifs-broker\/","title":{"rendered":"IFS Broker"},"content":{"rendered":"<div class=\"wp-block-group has-heading-color has-text-color has-link-color has-small-font-size wp-elements-82f87778d4a35f91bd80b69beff67d06 is-vertical is-content-justification-stretch is-layout-flex wp-container-core-group-is-layout-a5b1d185 wp-block-group-is-layout-flex\" style=\"padding-right:var(--wp--preset--spacing--60);padding-bottom:var(--wp--preset--spacing--60);padding-left:var(--wp--preset--spacing--30);line-height:1.6\">\n<h2 class=\"wp-block-heading has-custom-logo-color has-text-color has-link-color has-medium-font-size wp-elements-6406006b54589d5430af35238da22365\">What is IFS Broker?<\/h2>\n\n\n\n<p class=\"translation-block\"><p><strong>IFS Broker v.3.2<\/strong> is an international standard intended for assessing companies engaged in commercial brokerage, sales agencies, and the import of products such as food, household goods, personal hygiene products, and packaging materials. The standard applies to entities that typically do not have physical contact with the product but are responsible for its quality and safety throughout the entire supply chain.<\/p><\/p>\n\n\n\n<hr class=\"wp-block-separator has-text-color has-custom-logo-color has-alpha-channel-opacity has-custom-logo-background-color has-background is-style-wide\" style=\"margin-top:var(--wp--preset--spacing--40);margin-bottom:var(--wp--preset--spacing--40)\"\/>\n\n\n\n<p>The goal of IFS Broker is to ensure that the brokerage services provided by a given company guarantee the quality, safety, authenticity, and legality of the traded products. The assessment includes, among others, the method of selecting and verifying suppliers, supervision of service providers, response to incidents and complaints, as well as the ability to withdraw products from the market in case of a risk.<\/p>\n\n\n\n<hr class=\"wp-block-separator has-text-color has-custom-logo-color has-alpha-channel-opacity has-custom-logo-background-color has-background is-style-wide\" style=\"margin-top:var(--wp--preset--spacing--40);margin-bottom:var(--wp--preset--spacing--40)\"\/>\n\n\n\n<p class=\"translation-block\"><strong>The standard covers<\/strong> companies operating as brokers, commercial agents, importers, or traders dealing in goods on their own account. A key aspect is effective management of relationships within the supply chain and ensuring compliance with customer requirements and legal regulations.<\/p>\n\n\n\n<hr class=\"wp-block-separator has-text-color has-custom-logo-color has-alpha-channel-opacity has-custom-logo-background-color has-background is-style-wide\" style=\"margin-top:var(--wp--preset--spacing--40);margin-bottom:var(--wp--preset--spacing--40)\"\/>\n\n\n\n<p class=\"translation-block\">IFS Broker <strong>does not apply<\/strong> to activities related to processing, production, storage, or transportation of products. If a company performs such activities, other standards are used, such as IFS Logistics or IFS Food.<\/p>\n\n\n\n<hr class=\"wp-block-separator has-text-color has-custom-logo-color has-alpha-channel-opacity has-custom-logo-background-color has-background is-style-wide\" style=\"margin-top:var(--wp--preset--spacing--40);margin-bottom:var(--wp--preset--spacing--40)\"\/>\n\n\n\n<h2 class=\"wp-block-heading has-custom-logo-color has-text-color has-link-color has-medium-font-size wp-elements-a45c88926cdc09c5f552115ff1521822\">Certification with EVOCERT<\/h2>\n\n\n\n<p>EVOCERT is a team of experienced auditors and experts who will guide your company through the entire certification process \u2013 from the first conversation and answering questions, through conducting a reliable audit, to issuing the certificate. <\/p>\n\n\n\n<p class=\"translation-block\">Choose <strong>a reliable assessment<\/strong>, <strong>clear requirements<\/strong>, and the <strong>international prestige<\/strong> of the IFS Broker standard.<\/p>\n\n\n\n<p class=\"translation-block\"><p><a href=\"https:\/\/evocert.pl\/en\/kontakt\/\" target=\"_self\">Contact us<\/a> to start the certification process or learn more about the requirements of IFS Broker v. 3.2.<\/p><\/p>\n<\/div>","protected":false},"excerpt":{"rendered":"<p>Czym jest IFS Broker? IFS Broker v.3.2 to mi\u0119dzynarodowy standard przeznaczony do oceny firm zajmuj\u0105cych si\u0119 po\u015brednictwem handlowym, agencjami sprzeda\u017cy oraz importem produkt\u00f3w, takich jak \u017cywno\u015b\u0107, artyku\u0142y gospodarstwa domowego, produkty higieny osobistej czy materia\u0142y opakowaniowe. Standard dotyczy podmiot\u00f3w, kt\u00f3re najcz\u0119\u015bciej nie maj\u0105 fizycznego kontaktu z produktem, ale ponosz\u0105 odpowiedzialno\u015b\u0107 za jego jako\u015b\u0107 oraz bezpiecze\u0144stwo w [&hellip;]<\/p>","protected":false},"author":2,"featured_media":0,"parent":0,"menu_order":0,"comment_status":"closed","ping_status":"closed","template":"wp-custom-template-oferta-ifs-broker-og-lne","meta":{"footnotes":""},"class_list":["post-1696","page","type-page","status-publish","hentry"],"yoast_head":"<!-- This site is optimized with the Yoast SEO plugin v26.3 - https:\/\/yoast.com\/wordpress\/plugins\/seo\/ -->\n<title>IFS Broker - EVOCERT<\/title>\n<meta name=\"robots\" content=\"index, follow, max-snippet:-1, max-image-preview:large, max-video-preview:-1\" \/>\n<link rel=\"canonical\" href=\"https:\/\/evocert.pl\/en\/ifs-broker\/\" \/>\n<meta property=\"og:locale\" content=\"en_GB\" \/>\n<meta property=\"og:type\" content=\"article\" \/>\n<meta property=\"og:title\" content=\"IFS Broker - EVOCERT\" \/>\n<meta property=\"og:description\" content=\"Czym jest IFS Broker? IFS Broker v.3.2 to mi\u0119dzynarodowy standard przeznaczony do oceny firm zajmuj\u0105cych si\u0119 po\u015brednictwem handlowym, agencjami sprzeda\u017cy oraz importem produkt\u00f3w, takich jak \u017cywno\u015b\u0107, artyku\u0142y gospodarstwa domowego, produkty higieny osobistej czy materia\u0142y opakowaniowe. Standard dotyczy podmiot\u00f3w, kt\u00f3re najcz\u0119\u015bciej nie maj\u0105 fizycznego kontaktu z produktem, ale ponosz\u0105 odpowiedzialno\u015b\u0107 za jego jako\u015b\u0107 oraz bezpiecze\u0144stwo w [&hellip;]\" \/>\n<meta property=\"og:url\" content=\"https:\/\/evocert.pl\/en\/ifs-broker\/\" \/>\n<meta property=\"og:site_name\" content=\"EVOCERT\" \/>\n<meta property=\"article:modified_time\" content=\"2025-11-03T12:45:23+00:00\" \/>\n<meta property=\"og:image\" content=\"https:\/\/evocert.pl\/wp-content\/uploads\/2025\/01\/EVOCERT_logo_KOLOR_PNG.png\" \/>\n\t<meta property=\"og:image:width\" content=\"378\" \/>\n\t<meta property=\"og:image:height\" content=\"378\" \/>\n\t<meta property=\"og:image:type\" content=\"image\/png\" \/>\n<meta name=\"twitter:card\" content=\"summary_large_image\" \/>\n<meta name=\"twitter:label1\" content=\"Estimated reading time\" \/>\n\t<meta name=\"twitter:data1\" content=\"1 minute\" \/>\n<script type=\"application\/ld+json\" class=\"yoast-schema-graph\">{\"@context\":\"https:\/\/schema.org\",\"@graph\":[{\"@type\":\"WebPage\",\"@id\":\"https:\/\/evocert.pl\/ifs-broker\/\",\"url\":\"https:\/\/evocert.pl\/ifs-broker\/\",\"name\":\"IFS Broker - EVOCERT\",\"isPartOf\":{\"@id\":\"https:\/\/evocert.pl\/en\/#website\"},\"datePublished\":\"2025-01-02T11:43:31+00:00\",\"dateModified\":\"2025-11-03T12:45:23+00:00\",\"breadcrumb\":{\"@id\":\"https:\/\/evocert.pl\/ifs-broker\/#breadcrumb\"},\"inLanguage\":\"en-GB\",\"potentialAction\":[{\"@type\":\"ReadAction\",\"target\":[\"https:\/\/evocert.pl\/ifs-broker\/\"]}]},{\"@type\":\"BreadcrumbList\",\"@id\":\"https:\/\/evocert.pl\/ifs-broker\/#breadcrumb\",\"itemListElement\":[{\"@type\":\"ListItem\",\"position\":1,\"name\":\"Strona g\u0142\u00f3wna\",\"item\":\"https:\/\/evocert.pl\/en\/\"},{\"@type\":\"ListItem\",\"position\":2,\"name\":\"IFS Broker\"}]},{\"@type\":\"WebSite\",\"@id\":\"https:\/\/evocert.pl\/en\/#website\",\"url\":\"https:\/\/evocert.pl\/en\/\",\"name\":\"EVOCERT\",\"description\":\"Evolution in certification\",\"publisher\":{\"@id\":\"https:\/\/evocert.pl\/en\/#organization\"},\"potentialAction\":[{\"@type\":\"SearchAction\",\"target\":{\"@type\":\"EntryPoint\",\"urlTemplate\":\"https:\/\/evocert.pl\/en\/?s={search_term_string}\"},\"query-input\":{\"@type\":\"PropertyValueSpecification\",\"valueRequired\":true,\"valueName\":\"search_term_string\"}}],\"inLanguage\":\"en-GB\"},{\"@type\":\"Organization\",\"@id\":\"https:\/\/evocert.pl\/en\/#organization\",\"name\":\"EVOCERT\",\"url\":\"https:\/\/evocert.pl\/en\/\",\"logo\":{\"@type\":\"ImageObject\",\"inLanguage\":\"en-GB\",\"@id\":\"https:\/\/evocert.pl\/en\/#\/schema\/logo\/image\/\",\"url\":\"https:\/\/evocert.pl\/wp-content\/uploads\/2025\/01\/EVOCERT_logo_KOLOR_PNG.png\",\"contentUrl\":\"https:\/\/evocert.pl\/wp-content\/uploads\/2025\/01\/EVOCERT_logo_KOLOR_PNG.png\",\"width\":378,\"height\":378,\"caption\":\"EVOCERT\"},\"image\":{\"@id\":\"https:\/\/evocert.pl\/en\/#\/schema\/logo\/image\/\"},\"sameAs\":[\"https:\/\/www.linkedin.com\/company\/evocert-sp-z-o-o\"]}]}<\/script>\n<!-- \/ Yoast SEO plugin. -->","yoast_head_json":{"title":"IFS Broker - EVOCERT","robots":{"index":"index","follow":"follow","max-snippet":"max-snippet:-1","max-image-preview":"max-image-preview:large","max-video-preview":"max-video-preview:-1"},"canonical":"https:\/\/evocert.pl\/en\/ifs-broker\/","og_locale":"en_GB","og_type":"article","og_title":"IFS Broker - EVOCERT","og_description":"Czym jest IFS Broker? IFS Broker v.3.2 to mi\u0119dzynarodowy standard przeznaczony do oceny firm zajmuj\u0105cych si\u0119 po\u015brednictwem handlowym, agencjami sprzeda\u017cy oraz importem produkt\u00f3w, takich jak \u017cywno\u015b\u0107, artyku\u0142y gospodarstwa domowego, produkty higieny osobistej czy materia\u0142y opakowaniowe. Standard dotyczy podmiot\u00f3w, kt\u00f3re najcz\u0119\u015bciej nie maj\u0105 fizycznego kontaktu z produktem, ale ponosz\u0105 odpowiedzialno\u015b\u0107 za jego jako\u015b\u0107 oraz bezpiecze\u0144stwo w [&hellip;]","og_url":"https:\/\/evocert.pl\/en\/ifs-broker\/","og_site_name":"EVOCERT","article_modified_time":"2025-11-03T12:45:23+00:00","og_image":[{"width":378,"height":378,"url":"https:\/\/evocert.pl\/wp-content\/uploads\/2025\/01\/EVOCERT_logo_KOLOR_PNG.png","type":"image\/png"}],"twitter_card":"summary_large_image","twitter_misc":{"Estimated reading time":"1 minute"},"schema":{"@context":"https:\/\/schema.org","@graph":[{"@type":"WebPage","@id":"https:\/\/evocert.pl\/ifs-broker\/","url":"https:\/\/evocert.pl\/ifs-broker\/","name":"IFS Broker - EVOCERT","isPartOf":{"@id":"https:\/\/evocert.pl\/en\/#website"},"datePublished":"2025-01-02T11:43:31+00:00","dateModified":"2025-11-03T12:45:23+00:00","breadcrumb":{"@id":"https:\/\/evocert.pl\/ifs-broker\/#breadcrumb"},"inLanguage":"en-GB","potentialAction":[{"@type":"ReadAction","target":["https:\/\/evocert.pl\/ifs-broker\/"]}]},{"@type":"BreadcrumbList","@id":"https:\/\/evocert.pl\/ifs-broker\/#breadcrumb","itemListElement":[{"@type":"ListItem","position":1,"name":"Strona g\u0142\u00f3wna","item":"https:\/\/evocert.pl\/en\/"},{"@type":"ListItem","position":2,"name":"IFS Broker"}]},{"@type":"WebSite","@id":"https:\/\/evocert.pl\/en\/#website","url":"https:\/\/evocert.pl\/en\/","name":"EVOCERT","description":"Evolution in certification","publisher":{"@id":"https:\/\/evocert.pl\/en\/#organization"},"potentialAction":[{"@type":"SearchAction","target":{"@type":"EntryPoint","urlTemplate":"https:\/\/evocert.pl\/en\/?s={search_term_string}"},"query-input":{"@type":"PropertyValueSpecification","valueRequired":true,"valueName":"search_term_string"}}],"inLanguage":"en-GB"},{"@type":"Organization","@id":"https:\/\/evocert.pl\/en\/#organization","name":"EVOCERT","url":"https:\/\/evocert.pl\/en\/","logo":{"@type":"ImageObject","inLanguage":"en-GB","@id":"https:\/\/evocert.pl\/en\/#\/schema\/logo\/image\/","url":"https:\/\/evocert.pl\/wp-content\/uploads\/2025\/01\/EVOCERT_logo_KOLOR_PNG.png","contentUrl":"https:\/\/evocert.pl\/wp-content\/uploads\/2025\/01\/EVOCERT_logo_KOLOR_PNG.png","width":378,"height":378,"caption":"EVOCERT"},"image":{"@id":"https:\/\/evocert.pl\/en\/#\/schema\/logo\/image\/"},"sameAs":["https:\/\/www.linkedin.com\/company\/evocert-sp-z-o-o"]}]}},"_links":{"self":[{"href":"https:\/\/evocert.pl\/en\/wp-json\/wp\/v2\/pages\/1696","targetHints":{"allow":["GET"]}}],"collection":[{"href":"https:\/\/evocert.pl\/en\/wp-json\/wp\/v2\/pages"}],"about":[{"href":"https:\/\/evocert.pl\/en\/wp-json\/wp\/v2\/types\/page"}],"author":[{"embeddable":true,"href":"https:\/\/evocert.pl\/en\/wp-json\/wp\/v2\/users\/2"}],"replies":[{"embeddable":true,"href":"https:\/\/evocert.pl\/en\/wp-json\/wp\/v2\/comments?post=1696"}],"version-history":[{"count":5,"href":"https:\/\/evocert.pl\/en\/wp-json\/wp\/v2\/pages\/1696\/revisions"}],"predecessor-version":[{"id":5009,"href":"https:\/\/evocert.pl\/en\/wp-json\/wp\/v2\/pages\/1696\/revisions\/5009"}],"wp:attachment":[{"href":"https:\/\/evocert.pl\/en\/wp-json\/wp\/v2\/media?parent=1696"}],"curies":[{"name":"wp","href":"https:\/\/api.w.org\/{rel}","templated":true}]}}