{"id":1693,"date":"2025-01-02T12:43:19","date_gmt":"2025-01-02T11:43:19","guid":{"rendered":"https:\/\/evocert.pl\/?page_id=1693"},"modified":"2025-10-24T11:04:52","modified_gmt":"2025-10-24T09:04:52","slug":"ifs-logistics","status":"publish","type":"page","link":"https:\/\/evocert.pl\/en\/ifs-logistics\/","title":{"rendered":"IFS Logistics"},"content":{"rendered":"<div class=\"wp-block-group has-heading-color has-text-color has-link-color has-small-font-size wp-elements-05535aacf4c2cc465a5c550ac8c9483e is-vertical is-content-justification-stretch is-layout-flex wp-container-core-group-is-layout-a5b1d185 wp-block-group-is-layout-flex\" style=\"padding-right:var(--wp--preset--spacing--60);padding-bottom:var(--wp--preset--spacing--60);padding-left:var(--wp--preset--spacing--30);line-height:1.6\">\n<h2 class=\"wp-block-heading has-custom-logo-color has-text-color has-link-color has-medium-font-size wp-elements-635d2bb9a9a0e381c2e710b8466a391e\">What is IFS Logistics?<\/h2>\n\n\n\n<p class=\"translation-block\">The scope of the <strong>IFS Logistics v.3 Standard<\/strong> covers all types of transport and warehousing services within the logistics supply chain. This includes, among others, transportation by truck, train, ship, or airplane, as well as storage under controlled temperature or ambient conditions.<\/p>\n\n\n\n<hr class=\"wp-block-separator has-text-color has-custom-logo-color has-alpha-channel-opacity has-custom-logo-background-color has-background is-style-wide\" style=\"margin-top:var(--wp--preset--spacing--40);margin-bottom:var(--wp--preset--spacing--40)\"\/>\n\n\n\n<p>The IFS Logistics Standard applies to both food and non-food products. It covers all logistics activities such as loading, transport, unloading, warehousing, transshipment, and further distribution of products.<\/p>\n\n\n\n<p>The IFS Logistics Standard also applies to certain logistics processing services that may be carried out in addition to the main warehousing service at the audited site (freezing and defrosting, ripening of fruits and vegetables, simple quality sorting of fruits and vegetables, packing of already packaged products, labeling involving the application of pre-prepared labels to packaged products intended for the end consumer).<\/p>\n\n\n\n<p class=\"translation-block\">In addition, this Standard <strong>also applies<\/strong> to logistics companies:<\/p>\n\n\n\n<ul class=\"wp-block-list\">\n<li>using service providers for transport and\/or warehousing,<\/li>\n\n\n\n<li>exclusively organizing transport without having their own transport units,<\/li>\n\n\n\n<li>offering short-term storage and\/or transport of containers to their own container yard.<\/li>\n<\/ul>\n\n\n\n<hr class=\"wp-block-separator has-text-color has-custom-logo-color has-alpha-channel-opacity has-custom-logo-background-color has-background is-style-wide\" style=\"margin-top:var(--wp--preset--spacing--40);margin-bottom:var(--wp--preset--spacing--40)\"\/>\n\n\n\n<p class=\"translation-block\">The IFS Logistics Standard <strong>does not apply<\/strong> to the following activities:<\/p>\n\n\n\n<ul class=\"wp-block-list\">\n<li>the processing of food or non-food products (except for logistics processing services allowed within the scope of IFS Logistics, in accordance with Part 1, Figure 2 and Annex 1 of the Standard),<\/li>\n\n\n\n<li>import and trading of goods (e.g. typical brokerage companies engaged in purchasing activities),<\/li>\n\n\n\n<li>transport of live animals.<\/li>\n<\/ul>\n\n\n\n<hr class=\"wp-block-separator has-text-color has-custom-logo-color has-alpha-channel-opacity has-custom-logo-background-color has-background is-style-wide\" style=\"margin-top:var(--wp--preset--spacing--40);margin-bottom:var(--wp--preset--spacing--40)\"\/>\n\n\n\n<h2 class=\"wp-block-heading has-custom-logo-color has-text-color has-link-color has-medium-font-size wp-elements-a45c88926cdc09c5f552115ff1521822\">Certification with EVOCERT<\/h2>\n\n\n\n<p>EVOCERT is a team of experienced auditors and experts who will guide your company through the entire certification process \u2013 from the first conversation and answering questions, through conducting a reliable audit, to issuing the certificate. <\/p>\n\n\n\n<p class=\"translation-block\">Choose a <strong>reliable assessment<\/strong>, <strong>clear requirements<\/strong>, and the <strong>international prestige<\/strong> of the IFS Logistics Standard.<\/p>\n\n\n\n<p class=\"translation-block\"><a href=\"https:\/\/evocert.pl\/en\/kontakt\/\" target=\"_self\">Contact us<\/a> to start the certification process or learn more about the IFS Logistics v. 3 requirements.<\/p>\n<\/div>","protected":false},"excerpt":{"rendered":"<p>Czym jest IFS Logistics? Zakres Standardu IFS Logistics v.3 dotyczy wszystkich rodzaj\u00f3w us\u0142ug transportowych i magazynowych w logistycznym \u0142a\u0144cuchu dostaw. Obejmuje to mi\u0119dzy innymi transport ci\u0119\u017car\u00f3wk\u0105, poci\u0105giem, statkiem lub samolotem oraz przechowywanie w temperaturze kontrolowanej lub stabilnej temperaturze otoczenia. Standard IFS Logistics ma zastosowanie do produkt\u00f3w spo\u017cywczych i niespo\u017cywczych. Obejmuje on wszystkie dzia\u0142ania logistyczne, takie [&hellip;]<\/p>","protected":false},"author":2,"featured_media":0,"parent":0,"menu_order":0,"comment_status":"closed","ping_status":"closed","template":"wp-custom-template-oferta-ifs-logistics-og-lne","meta":{"footnotes":""},"class_list":["post-1693","page","type-page","status-publish","hentry"],"yoast_head":"<!-- This site is optimized with the Yoast SEO plugin v26.3 - https:\/\/yoast.com\/wordpress\/plugins\/seo\/ -->\n<title>IFS Logistics - EVOCERT<\/title>\n<meta name=\"robots\" content=\"index, follow, max-snippet:-1, max-image-preview:large, max-video-preview:-1\" \/>\n<link rel=\"canonical\" href=\"https:\/\/evocert.pl\/en\/ifs-logistics\/\" \/>\n<meta property=\"og:locale\" content=\"en_GB\" \/>\n<meta property=\"og:type\" content=\"article\" \/>\n<meta property=\"og:title\" content=\"IFS Logistics - EVOCERT\" \/>\n<meta property=\"og:description\" content=\"Czym jest IFS Logistics? Zakres Standardu IFS Logistics v.3 dotyczy wszystkich rodzaj\u00f3w us\u0142ug transportowych i magazynowych w logistycznym \u0142a\u0144cuchu dostaw. Obejmuje to mi\u0119dzy innymi transport ci\u0119\u017car\u00f3wk\u0105, poci\u0105giem, statkiem lub samolotem oraz przechowywanie w temperaturze kontrolowanej lub stabilnej temperaturze otoczenia. Standard IFS Logistics ma zastosowanie do produkt\u00f3w spo\u017cywczych i niespo\u017cywczych. Obejmuje on wszystkie dzia\u0142ania logistyczne, takie [&hellip;]\" \/>\n<meta property=\"og:url\" content=\"https:\/\/evocert.pl\/en\/ifs-logistics\/\" \/>\n<meta property=\"og:site_name\" content=\"EVOCERT\" \/>\n<meta property=\"article:modified_time\" content=\"2025-10-24T09:04:52+00:00\" \/>\n<meta property=\"og:image\" content=\"https:\/\/evocert.pl\/wp-content\/uploads\/2025\/01\/EVOCERT_logo_KOLOR_PNG.png\" \/>\n\t<meta property=\"og:image:width\" content=\"378\" \/>\n\t<meta property=\"og:image:height\" content=\"378\" \/>\n\t<meta property=\"og:image:type\" content=\"image\/png\" \/>\n<meta name=\"twitter:card\" content=\"summary_large_image\" \/>\n<meta name=\"twitter:label1\" content=\"Estimated reading time\" \/>\n\t<meta name=\"twitter:data1\" content=\"1 minute\" \/>\n<script type=\"application\/ld+json\" class=\"yoast-schema-graph\">{\"@context\":\"https:\/\/schema.org\",\"@graph\":[{\"@type\":\"WebPage\",\"@id\":\"https:\/\/evocert.pl\/ifs-logistics\/\",\"url\":\"https:\/\/evocert.pl\/ifs-logistics\/\",\"name\":\"IFS Logistics - EVOCERT\",\"isPartOf\":{\"@id\":\"https:\/\/evocert.pl\/en\/#website\"},\"datePublished\":\"2025-01-02T11:43:19+00:00\",\"dateModified\":\"2025-10-24T09:04:52+00:00\",\"breadcrumb\":{\"@id\":\"https:\/\/evocert.pl\/ifs-logistics\/#breadcrumb\"},\"inLanguage\":\"en-GB\",\"potentialAction\":[{\"@type\":\"ReadAction\",\"target\":[\"https:\/\/evocert.pl\/ifs-logistics\/\"]}]},{\"@type\":\"BreadcrumbList\",\"@id\":\"https:\/\/evocert.pl\/ifs-logistics\/#breadcrumb\",\"itemListElement\":[{\"@type\":\"ListItem\",\"position\":1,\"name\":\"Strona g\u0142\u00f3wna\",\"item\":\"https:\/\/evocert.pl\/en\/\"},{\"@type\":\"ListItem\",\"position\":2,\"name\":\"IFS Logistics\"}]},{\"@type\":\"WebSite\",\"@id\":\"https:\/\/evocert.pl\/en\/#website\",\"url\":\"https:\/\/evocert.pl\/en\/\",\"name\":\"EVOCERT\",\"description\":\"Evolution in certification\",\"publisher\":{\"@id\":\"https:\/\/evocert.pl\/en\/#organization\"},\"potentialAction\":[{\"@type\":\"SearchAction\",\"target\":{\"@type\":\"EntryPoint\",\"urlTemplate\":\"https:\/\/evocert.pl\/en\/?s={search_term_string}\"},\"query-input\":{\"@type\":\"PropertyValueSpecification\",\"valueRequired\":true,\"valueName\":\"search_term_string\"}}],\"inLanguage\":\"en-GB\"},{\"@type\":\"Organization\",\"@id\":\"https:\/\/evocert.pl\/en\/#organization\",\"name\":\"EVOCERT\",\"url\":\"https:\/\/evocert.pl\/en\/\",\"logo\":{\"@type\":\"ImageObject\",\"inLanguage\":\"en-GB\",\"@id\":\"https:\/\/evocert.pl\/en\/#\/schema\/logo\/image\/\",\"url\":\"https:\/\/evocert.pl\/wp-content\/uploads\/2025\/01\/EVOCERT_logo_KOLOR_PNG.png\",\"contentUrl\":\"https:\/\/evocert.pl\/wp-content\/uploads\/2025\/01\/EVOCERT_logo_KOLOR_PNG.png\",\"width\":378,\"height\":378,\"caption\":\"EVOCERT\"},\"image\":{\"@id\":\"https:\/\/evocert.pl\/en\/#\/schema\/logo\/image\/\"},\"sameAs\":[\"https:\/\/www.linkedin.com\/company\/evocert-sp-z-o-o\"]}]}<\/script>\n<!-- \/ Yoast SEO plugin. -->","yoast_head_json":{"title":"IFS Logistics - EVOCERT","robots":{"index":"index","follow":"follow","max-snippet":"max-snippet:-1","max-image-preview":"max-image-preview:large","max-video-preview":"max-video-preview:-1"},"canonical":"https:\/\/evocert.pl\/en\/ifs-logistics\/","og_locale":"en_GB","og_type":"article","og_title":"IFS Logistics - EVOCERT","og_description":"Czym jest IFS Logistics? Zakres Standardu IFS Logistics v.3 dotyczy wszystkich rodzaj\u00f3w us\u0142ug transportowych i magazynowych w logistycznym \u0142a\u0144cuchu dostaw. Obejmuje to mi\u0119dzy innymi transport ci\u0119\u017car\u00f3wk\u0105, poci\u0105giem, statkiem lub samolotem oraz przechowywanie w temperaturze kontrolowanej lub stabilnej temperaturze otoczenia. Standard IFS Logistics ma zastosowanie do produkt\u00f3w spo\u017cywczych i niespo\u017cywczych. Obejmuje on wszystkie dzia\u0142ania logistyczne, takie [&hellip;]","og_url":"https:\/\/evocert.pl\/en\/ifs-logistics\/","og_site_name":"EVOCERT","article_modified_time":"2025-10-24T09:04:52+00:00","og_image":[{"width":378,"height":378,"url":"https:\/\/evocert.pl\/wp-content\/uploads\/2025\/01\/EVOCERT_logo_KOLOR_PNG.png","type":"image\/png"}],"twitter_card":"summary_large_image","twitter_misc":{"Estimated reading time":"1 minute"},"schema":{"@context":"https:\/\/schema.org","@graph":[{"@type":"WebPage","@id":"https:\/\/evocert.pl\/ifs-logistics\/","url":"https:\/\/evocert.pl\/ifs-logistics\/","name":"IFS Logistics - EVOCERT","isPartOf":{"@id":"https:\/\/evocert.pl\/en\/#website"},"datePublished":"2025-01-02T11:43:19+00:00","dateModified":"2025-10-24T09:04:52+00:00","breadcrumb":{"@id":"https:\/\/evocert.pl\/ifs-logistics\/#breadcrumb"},"inLanguage":"en-GB","potentialAction":[{"@type":"ReadAction","target":["https:\/\/evocert.pl\/ifs-logistics\/"]}]},{"@type":"BreadcrumbList","@id":"https:\/\/evocert.pl\/ifs-logistics\/#breadcrumb","itemListElement":[{"@type":"ListItem","position":1,"name":"Strona g\u0142\u00f3wna","item":"https:\/\/evocert.pl\/en\/"},{"@type":"ListItem","position":2,"name":"IFS Logistics"}]},{"@type":"WebSite","@id":"https:\/\/evocert.pl\/en\/#website","url":"https:\/\/evocert.pl\/en\/","name":"EVOCERT","description":"Evolution in certification","publisher":{"@id":"https:\/\/evocert.pl\/en\/#organization"},"potentialAction":[{"@type":"SearchAction","target":{"@type":"EntryPoint","urlTemplate":"https:\/\/evocert.pl\/en\/?s={search_term_string}"},"query-input":{"@type":"PropertyValueSpecification","valueRequired":true,"valueName":"search_term_string"}}],"inLanguage":"en-GB"},{"@type":"Organization","@id":"https:\/\/evocert.pl\/en\/#organization","name":"EVOCERT","url":"https:\/\/evocert.pl\/en\/","logo":{"@type":"ImageObject","inLanguage":"en-GB","@id":"https:\/\/evocert.pl\/en\/#\/schema\/logo\/image\/","url":"https:\/\/evocert.pl\/wp-content\/uploads\/2025\/01\/EVOCERT_logo_KOLOR_PNG.png","contentUrl":"https:\/\/evocert.pl\/wp-content\/uploads\/2025\/01\/EVOCERT_logo_KOLOR_PNG.png","width":378,"height":378,"caption":"EVOCERT"},"image":{"@id":"https:\/\/evocert.pl\/en\/#\/schema\/logo\/image\/"},"sameAs":["https:\/\/www.linkedin.com\/company\/evocert-sp-z-o-o"]}]}},"_links":{"self":[{"href":"https:\/\/evocert.pl\/en\/wp-json\/wp\/v2\/pages\/1693","targetHints":{"allow":["GET"]}}],"collection":[{"href":"https:\/\/evocert.pl\/en\/wp-json\/wp\/v2\/pages"}],"about":[{"href":"https:\/\/evocert.pl\/en\/wp-json\/wp\/v2\/types\/page"}],"author":[{"embeddable":true,"href":"https:\/\/evocert.pl\/en\/wp-json\/wp\/v2\/users\/2"}],"replies":[{"embeddable":true,"href":"https:\/\/evocert.pl\/en\/wp-json\/wp\/v2\/comments?post=1693"}],"version-history":[{"count":6,"href":"https:\/\/evocert.pl\/en\/wp-json\/wp\/v2\/pages\/1693\/revisions"}],"predecessor-version":[{"id":4972,"href":"https:\/\/evocert.pl\/en\/wp-json\/wp\/v2\/pages\/1693\/revisions\/4972"}],"wp:attachment":[{"href":"https:\/\/evocert.pl\/en\/wp-json\/wp\/v2\/media?parent=1693"}],"curies":[{"name":"wp","href":"https:\/\/api.w.org\/{rel}","templated":true}]}}