{"id":1690,"date":"2025-01-02T12:43:05","date_gmt":"2025-01-02T11:43:05","guid":{"rendered":"https:\/\/evocert.pl\/?page_id=1690"},"modified":"2025-08-21T11:12:48","modified_gmt":"2025-08-21T09:12:48","slug":"ifs-food","status":"publish","type":"page","link":"https:\/\/evocert.pl\/en\/ifs-food\/","title":{"rendered":"IFS Food"},"content":{"rendered":"<div class=\"wp-block-group has-heading-color has-text-color has-link-color has-small-font-size wp-elements-d7bee8eaf44b00b0ecba0cec248b2f04 is-vertical is-content-justification-stretch is-layout-flex wp-container-core-group-is-layout-a5b1d185 wp-block-group-is-layout-flex\" style=\"padding-right:var(--wp--preset--spacing--60);padding-bottom:var(--wp--preset--spacing--60);padding-left:var(--wp--preset--spacing--30);line-height:1.6\">\n<h2 class=\"wp-block-heading has-custom-logo-color has-text-color has-link-color has-medium-font-size wp-elements-157cb632afbf79e532757c68f73d4c66\">What is IFS Food?<\/h2>\n\n\n\n<p class=\"translation-block\">IFS Food v. 8 is an international standard for food safety and quality. It is one of the most widely recognized tools used to assess the safety and quality of food products. Developed with the involvement of industry experts, retailers, and certification bodies, it has been approved by the Global Food Safety Initiative (GFSI) as a comprehensive solution for food manufacturers.<\/p>\n\n\n\n<p class=\"translation-block\">The IFS Food standard applies wherever food is processed or where there is a risk of contamination during primary packaging. It is particularly important for companies producing private label products, where compliance with customer requirements and transparency of processes are essential.<\/p>\n\n\n\n<p>The standard's requirements focus on five key areas:<\/p>\n\n\n\n<ul class=\"wp-block-list\">\n<li>Management commitment and responsibility for the quality system<\/li>\n\n\n\n<li>Quality and food safety management system<\/li>\n\n\n\n<li>Resource management (personnel, infrastructure, work environment)<\/li>\n\n\n\n<li>Operational processes, including production and packaging<\/li>\n\n\n\n<li>Monitoring, analysis, and continuous improvement<\/li>\n<\/ul>\n\n\n\n<p>Obtaining the IFS Food certificate confirms that a company has implemented the principles of the IFS Food Standard, operates in accordance with industry best practices, meets market expectations and ensures food safety.<\/p>\n\n\n\n<hr class=\"wp-block-separator has-text-color has-custom-logo-color has-alpha-channel-opacity has-custom-logo-background-color has-background is-style-wide\" style=\"margin-top:var(--wp--preset--spacing--40);margin-bottom:var(--wp--preset--spacing--40)\"\/>\n\n\n\n<h2 class=\"wp-block-heading has-custom-logo-color has-text-color has-link-color has-medium-font-size wp-elements-a45c88926cdc09c5f552115ff1521822\">Certification with EVOCERT<\/h2>\n\n\n\n<p>EVOCERT is a team of experienced auditors and experts who will guide your company through the entire certification process \u2013 from the initial interview, through conducting a thorough audit, to issuing the certificate. Our activities are consistent with the latest edition of the IFS Food v. 8 standard.<\/p>\n\n\n\n<p class=\"translation-block\">Choose reliable assessment, clear requirements, and the international prestige of the IFS Food standard.<\/p>\n\n\n\n<p><a href=\"https:\/\/evocert.pl\/en\/kontakt\/\">Contact us<\/a>to start the certification process or learn more about IFS Food v. 8 requirements.<\/p>\n<\/div>","protected":false},"excerpt":{"rendered":"<p>Czym jest IFS Food? Standard IFS Food v. 8 to mi\u0119dzynarodowy standard bezpiecze\u0144stwa i jako\u015bci \u017cywno\u015bci. Stanowi jedno z najbardziej uznanych narz\u0119dzi s\u0142u\u017c\u0105cych do oceny bezpiecze\u0144stwa i jako\u015bci produkt\u00f3w spo\u017cywczych. Opracowany z udzia\u0142em ekspert\u00f3w bran\u017cy, detalist\u00f3w i jednostek certyfikuj\u0105cych, zosta\u0142 zatwierdzony przez Global Food Safety Initiative (GFSI) jako kompleksowe rozwi\u0105zanie dla producent\u00f3w \u017cywno\u015bci. Standard IFS [&hellip;]<\/p>","protected":false},"author":2,"featured_media":0,"parent":0,"menu_order":0,"comment_status":"closed","ping_status":"closed","template":"wp-custom-template-oferta-ifs-food-og-lne","meta":{"footnotes":""},"class_list":["post-1690","page","type-page","status-publish","hentry"],"yoast_head":"<!-- This site is optimized with the Yoast SEO plugin v26.3 - https:\/\/yoast.com\/wordpress\/plugins\/seo\/ -->\n<title>IFS Food - EVOCERT<\/title>\n<meta name=\"description\" content=\"Certyfikacja - Standard IFS Food v. 8 prowadzona przez EVOCERT: jak wygl\u0105da, jakie s\u0105 wymagania i co zrobi\u0107, aby uzyska\u0107 uznany certyfikat!\" \/>\n<meta name=\"robots\" content=\"index, follow, max-snippet:-1, max-image-preview:large, max-video-preview:-1\" \/>\n<link rel=\"canonical\" href=\"https:\/\/evocert.pl\/en\/ifs-food\/\" \/>\n<meta property=\"og:locale\" content=\"en_GB\" \/>\n<meta property=\"og:type\" content=\"article\" \/>\n<meta property=\"og:title\" content=\"IFS Food - EVOCERT\" \/>\n<meta property=\"og:description\" content=\"Certyfikacja - Standard IFS Food v. 8 prowadzona przez EVOCERT: jak wygl\u0105da, jakie s\u0105 wymagania i co zrobi\u0107, aby uzyska\u0107 uznany certyfikat!\" \/>\n<meta property=\"og:url\" content=\"https:\/\/evocert.pl\/en\/ifs-food\/\" \/>\n<meta property=\"og:site_name\" content=\"EVOCERT\" \/>\n<meta property=\"article:modified_time\" content=\"2025-08-21T09:12:48+00:00\" \/>\n<meta property=\"og:image\" content=\"https:\/\/evocert.pl\/wp-content\/uploads\/2025\/01\/EVOCERT_logo_KOLOR_PNG.png\" \/>\n\t<meta property=\"og:image:width\" content=\"378\" \/>\n\t<meta property=\"og:image:height\" content=\"378\" \/>\n\t<meta property=\"og:image:type\" content=\"image\/png\" \/>\n<meta name=\"twitter:card\" content=\"summary_large_image\" \/>\n<meta name=\"twitter:label1\" content=\"Estimated reading time\" \/>\n\t<meta name=\"twitter:data1\" content=\"2 minutes\" \/>\n<script type=\"application\/ld+json\" class=\"yoast-schema-graph\">{\"@context\":\"https:\/\/schema.org\",\"@graph\":[{\"@type\":\"WebPage\",\"@id\":\"https:\/\/evocert.pl\/ifs-food\/\",\"url\":\"https:\/\/evocert.pl\/ifs-food\/\",\"name\":\"IFS Food - EVOCERT\",\"isPartOf\":{\"@id\":\"https:\/\/evocert.pl\/en\/#website\"},\"datePublished\":\"2025-01-02T11:43:05+00:00\",\"dateModified\":\"2025-08-21T09:12:48+00:00\",\"description\":\"Certyfikacja - Standard IFS Food v. 8 prowadzona przez EVOCERT: jak wygl\u0105da, jakie s\u0105 wymagania i co zrobi\u0107, aby uzyska\u0107 uznany certyfikat!\",\"breadcrumb\":{\"@id\":\"https:\/\/evocert.pl\/ifs-food\/#breadcrumb\"},\"inLanguage\":\"en-GB\",\"potentialAction\":[{\"@type\":\"ReadAction\",\"target\":[\"https:\/\/evocert.pl\/ifs-food\/\"]}]},{\"@type\":\"BreadcrumbList\",\"@id\":\"https:\/\/evocert.pl\/ifs-food\/#breadcrumb\",\"itemListElement\":[{\"@type\":\"ListItem\",\"position\":1,\"name\":\"Strona g\u0142\u00f3wna\",\"item\":\"https:\/\/evocert.pl\/en\/\"},{\"@type\":\"ListItem\",\"position\":2,\"name\":\"IFS Food\"}]},{\"@type\":\"WebSite\",\"@id\":\"https:\/\/evocert.pl\/en\/#website\",\"url\":\"https:\/\/evocert.pl\/en\/\",\"name\":\"EVOCERT\",\"description\":\"Evolution in certification\",\"publisher\":{\"@id\":\"https:\/\/evocert.pl\/en\/#organization\"},\"potentialAction\":[{\"@type\":\"SearchAction\",\"target\":{\"@type\":\"EntryPoint\",\"urlTemplate\":\"https:\/\/evocert.pl\/en\/?s={search_term_string}\"},\"query-input\":{\"@type\":\"PropertyValueSpecification\",\"valueRequired\":true,\"valueName\":\"search_term_string\"}}],\"inLanguage\":\"en-GB\"},{\"@type\":\"Organization\",\"@id\":\"https:\/\/evocert.pl\/en\/#organization\",\"name\":\"EVOCERT\",\"url\":\"https:\/\/evocert.pl\/en\/\",\"logo\":{\"@type\":\"ImageObject\",\"inLanguage\":\"en-GB\",\"@id\":\"https:\/\/evocert.pl\/en\/#\/schema\/logo\/image\/\",\"url\":\"https:\/\/evocert.pl\/wp-content\/uploads\/2025\/01\/EVOCERT_logo_KOLOR_PNG.png\",\"contentUrl\":\"https:\/\/evocert.pl\/wp-content\/uploads\/2025\/01\/EVOCERT_logo_KOLOR_PNG.png\",\"width\":378,\"height\":378,\"caption\":\"EVOCERT\"},\"image\":{\"@id\":\"https:\/\/evocert.pl\/en\/#\/schema\/logo\/image\/\"},\"sameAs\":[\"https:\/\/www.linkedin.com\/company\/evocert-sp-z-o-o\"]}]}<\/script>\n<!-- \/ Yoast SEO plugin. -->","yoast_head_json":{"title":"IFS Food - EVOCERT","description":"Certyfikacja - Standard IFS Food v. 8 prowadzona przez EVOCERT: jak wygl\u0105da, jakie s\u0105 wymagania i co zrobi\u0107, aby uzyska\u0107 uznany certyfikat!","robots":{"index":"index","follow":"follow","max-snippet":"max-snippet:-1","max-image-preview":"max-image-preview:large","max-video-preview":"max-video-preview:-1"},"canonical":"https:\/\/evocert.pl\/en\/ifs-food\/","og_locale":"en_GB","og_type":"article","og_title":"IFS Food - EVOCERT","og_description":"Certyfikacja - Standard IFS Food v. 8 prowadzona przez EVOCERT: jak wygl\u0105da, jakie s\u0105 wymagania i co zrobi\u0107, aby uzyska\u0107 uznany certyfikat!","og_url":"https:\/\/evocert.pl\/en\/ifs-food\/","og_site_name":"EVOCERT","article_modified_time":"2025-08-21T09:12:48+00:00","og_image":[{"width":378,"height":378,"url":"https:\/\/evocert.pl\/wp-content\/uploads\/2025\/01\/EVOCERT_logo_KOLOR_PNG.png","type":"image\/png"}],"twitter_card":"summary_large_image","twitter_misc":{"Estimated reading time":"2 minutes"},"schema":{"@context":"https:\/\/schema.org","@graph":[{"@type":"WebPage","@id":"https:\/\/evocert.pl\/ifs-food\/","url":"https:\/\/evocert.pl\/ifs-food\/","name":"IFS Food - EVOCERT","isPartOf":{"@id":"https:\/\/evocert.pl\/en\/#website"},"datePublished":"2025-01-02T11:43:05+00:00","dateModified":"2025-08-21T09:12:48+00:00","description":"Certyfikacja - Standard IFS Food v. 8 prowadzona przez EVOCERT: jak wygl\u0105da, jakie s\u0105 wymagania i co zrobi\u0107, aby uzyska\u0107 uznany certyfikat!","breadcrumb":{"@id":"https:\/\/evocert.pl\/ifs-food\/#breadcrumb"},"inLanguage":"en-GB","potentialAction":[{"@type":"ReadAction","target":["https:\/\/evocert.pl\/ifs-food\/"]}]},{"@type":"BreadcrumbList","@id":"https:\/\/evocert.pl\/ifs-food\/#breadcrumb","itemListElement":[{"@type":"ListItem","position":1,"name":"Strona g\u0142\u00f3wna","item":"https:\/\/evocert.pl\/en\/"},{"@type":"ListItem","position":2,"name":"IFS Food"}]},{"@type":"WebSite","@id":"https:\/\/evocert.pl\/en\/#website","url":"https:\/\/evocert.pl\/en\/","name":"EVOCERT","description":"Evolution in certification","publisher":{"@id":"https:\/\/evocert.pl\/en\/#organization"},"potentialAction":[{"@type":"SearchAction","target":{"@type":"EntryPoint","urlTemplate":"https:\/\/evocert.pl\/en\/?s={search_term_string}"},"query-input":{"@type":"PropertyValueSpecification","valueRequired":true,"valueName":"search_term_string"}}],"inLanguage":"en-GB"},{"@type":"Organization","@id":"https:\/\/evocert.pl\/en\/#organization","name":"EVOCERT","url":"https:\/\/evocert.pl\/en\/","logo":{"@type":"ImageObject","inLanguage":"en-GB","@id":"https:\/\/evocert.pl\/en\/#\/schema\/logo\/image\/","url":"https:\/\/evocert.pl\/wp-content\/uploads\/2025\/01\/EVOCERT_logo_KOLOR_PNG.png","contentUrl":"https:\/\/evocert.pl\/wp-content\/uploads\/2025\/01\/EVOCERT_logo_KOLOR_PNG.png","width":378,"height":378,"caption":"EVOCERT"},"image":{"@id":"https:\/\/evocert.pl\/en\/#\/schema\/logo\/image\/"},"sameAs":["https:\/\/www.linkedin.com\/company\/evocert-sp-z-o-o"]}]}},"_links":{"self":[{"href":"https:\/\/evocert.pl\/en\/wp-json\/wp\/v2\/pages\/1690","targetHints":{"allow":["GET"]}}],"collection":[{"href":"https:\/\/evocert.pl\/en\/wp-json\/wp\/v2\/pages"}],"about":[{"href":"https:\/\/evocert.pl\/en\/wp-json\/wp\/v2\/types\/page"}],"author":[{"embeddable":true,"href":"https:\/\/evocert.pl\/en\/wp-json\/wp\/v2\/users\/2"}],"replies":[{"embeddable":true,"href":"https:\/\/evocert.pl\/en\/wp-json\/wp\/v2\/comments?post=1690"}],"version-history":[{"count":15,"href":"https:\/\/evocert.pl\/en\/wp-json\/wp\/v2\/pages\/1690\/revisions"}],"predecessor-version":[{"id":4818,"href":"https:\/\/evocert.pl\/en\/wp-json\/wp\/v2\/pages\/1690\/revisions\/4818"}],"wp:attachment":[{"href":"https:\/\/evocert.pl\/en\/wp-json\/wp\/v2\/media?parent=1690"}],"curies":[{"name":"wp","href":"https:\/\/api.w.org\/{rel}","templated":true}]}}