{"id":112,"date":"2024-12-12T12:49:16","date_gmt":"2024-12-12T11:49:16","guid":{"rendered":"http:\/\/evocert.pl\/?page_id=112"},"modified":"2025-07-29T12:19:58","modified_gmt":"2025-07-29T10:19:58","slug":"polityka-prywatnosci","status":"publish","type":"page","link":"https:\/\/evocert.pl\/en\/polityka-prywatnosci\/","title":{"rendered":"Privacy policy"},"content":{"rendered":"<p class=\"has-heading-color has-text-color has-link-color has-body-text-font-size wp-elements-7f23c334f2d25325d56597d4c8f8728f\" style=\"line-height:1.6\">Dear Sir or Madam,<\/p>\n\n\n\n<p class=\"has-heading-color has-text-color has-link-color has-body-text-font-size wp-elements-4efb896d590e330096a2ab13b989d319 translation-block\" style=\"line-height:2\">W zwi\u0105zku z realizacj\u0105 wymog\u00f3w Rozporz\u0105dzenia Parlamentu Europejskiego i Rady (UE) 2016\/679 z dnia 27 kwietnia 2016 r. w sprawie ochrony os\u00f3b fizycznych w zwi\u0105zku z przetwarzaniem danych osobowych i w sprawie swobodnego przep\u0142ywu takich danych oraz uchylenia dyrektywy 95\/46\/WE (og\u00f3lne rozporz\u0105dzenie o ochronie danych \u201eRODO\u201d), informujemy o zasadach przetwarzania Pani\/Pana danych osobowych oraz o przys\u0142uguj\u0105cych Pani\/Panu prawach z tym zwi\u0105zanych.<br>Prosimy o zapoznanie si\u0119 z Klauzul\u0105 dotycz\u0105cymi przetwarzania danych osobowych.<\/p>\n\n\n\n<details class=\"wp-block-details is-layout-flow wp-block-details-is-layout-flow\" style=\"margin-top:var(--wp--preset--spacing--60)\"><summary>Download privacy policy files<\/summary>\n<div class=\"wp-block-group has-heading-color has-text-color has-link-color has-small-font-size wp-elements-8ef3a5ede5ba6eee233386972b856293 is-vertical is-layout-flex wp-container-core-group-is-layout-569dc0ea wp-block-group-is-layout-flex\" style=\"margin-top:var(--wp--preset--spacing--50);padding-top:var(--wp--preset--spacing--30);padding-right:0;padding-bottom:var(--wp--preset--spacing--30);padding-left:0\">\n<div class=\"wp-block-group is-nowrap is-layout-flex wp-container-core-group-is-layout-c0d5ccf6 wp-block-group-is-layout-flex\">\n<div class=\"wp-block-wpzoom-blocks-social-icons is-style-without-canvas\" style=\"--wpz-social-icons-block-item-font-size:20px;--wpz-social-icons-block-item-padding-horizontal:6px;--wpz-social-icons-block-item-padding-vertical:6px;--wpz-social-icons-block-item-margin-horizontal:5px;--wpz-social-icons-block-item-margin-vertical:5px;--wpz-social-icons-block-item-border-radius:5px;--wpz-social-icons-block-label-font-size:16px;--wpz-social-icons-block-label-color:#2e3131;--wpz-social-icons-block-label-color-hover:#2e3131;--wpz-social-icons-alignment:flex-end\"><a href=\"https:\/\/evocert.pl\/wp-content\/uploads\/2025\/01\/KZ1_00_00_05_Polityka_Prywatnosci_2025_01_05.pdf\" class=\"social-icon-link\" title=\"Download\" style=\"--wpz-social-icons-block-item-color:#107a10;--wpz-social-icons-block-item-color-hover:#107a10\"><span class=\"social-icon genericon genericon-download\"><\/span><\/a><\/div>\n\n\n\n<div class=\"wp-block-file\" style=\"margin-top:0;margin-left:0\"><a id=\"wp-block-file--media-96771981-0937-479f-8bdd-c38e99d91b32\" href=\"https:\/\/evocert.pl\/wp-content\/uploads\/2025\/07\/Polityka-Prywatnosci-PL-29.07.2025-1.pdf\">Polityka Prywatno\u015bci PL 29.07.2025<\/a><\/div>\n<\/div>\n\n\n\n<div class=\"wp-block-group is-nowrap is-layout-flex wp-container-core-group-is-layout-c0d5ccf6 wp-block-group-is-layout-flex\">\n<div class=\"wp-block-wpzoom-blocks-social-icons is-style-without-canvas\" style=\"--wpz-social-icons-block-item-font-size:20px;--wpz-social-icons-block-item-padding-horizontal:6px;--wpz-social-icons-block-item-padding-vertical:6px;--wpz-social-icons-block-item-margin-horizontal:5px;--wpz-social-icons-block-item-margin-vertical:5px;--wpz-social-icons-block-item-border-radius:5px;--wpz-social-icons-block-label-font-size:16px;--wpz-social-icons-block-label-color:#2e3131;--wpz-social-icons-block-label-color-hover:#2e3131;--wpz-social-icons-alignment:flex-end\"><a href=\"https:\/\/evocert.pl\/wp-content\/uploads\/2025\/01\/KZ1_00_00_05_Polityka_Prywatnosci_2025_01_05.pdf\" class=\"social-icon-link\" title=\"Download\" style=\"--wpz-social-icons-block-item-color:#107a10;--wpz-social-icons-block-item-color-hover:#107a10\"><span class=\"social-icon genericon genericon-download\"><\/span><\/a><\/div>\n\n\n\n<div class=\"wp-block-file\" style=\"margin-top:0;margin-left:0\"><a id=\"wp-block-file--media-cddb629b-b705-40bc-a471-3cf68f0ea97f\" href=\"https:\/\/evocert.pl\/wp-content\/uploads\/2025\/07\/Privacy-Policy-EN-29.07.2025.pdf\">Privacy Policy EN 29.07.2025<\/a><\/div>\n<\/div>\n<\/div>\n<\/details>","protected":false},"excerpt":{"rendered":"<p>Szanowni Pa\u0144stwo, W zwi\u0105zku z realizacj\u0105 wymog\u00f3w Rozporz\u0105dzenia Parlamentu Europejskiego i Rady (UE) 2016\/679 z dnia 27 kwietnia 2016 r. w sprawie ochrony os\u00f3b fizycznych w zwi\u0105zku z przetwarzaniem danych osobowych i w sprawie swobodnego przep\u0142ywu takich danych oraz uchylenia dyrektywy 95\/46\/WE (og\u00f3lne rozporz\u0105dzenie o ochronie danych \u201eRODO\u201d), informujemy o zasadach przetwarzania Pani\/Pana danych osobowych [&hellip;]<\/p>\n","protected":false},"author":2,"featured_media":0,"parent":0,"menu_order":0,"comment_status":"closed","ping_status":"closed","template":"","meta":{"footnotes":""},"class_list":["post-112","page","type-page","status-publish","hentry"],"yoast_head":"<!-- This site is optimized with the Yoast SEO plugin v27.5 - https:\/\/yoast.com\/product\/yoast-seo-wordpress\/ -->\n<title>Polityka prywatno\u015bci - EVOCERT<\/title>\n<meta name=\"robots\" content=\"index, follow, max-snippet:-1, max-image-preview:large, max-video-preview:-1\" \/>\n<link rel=\"canonical\" href=\"https:\/\/evocert.pl\/en\/polityka-prywatnosci\/\" \/>\n<meta property=\"og:locale\" content=\"en_GB\" \/>\n<meta property=\"og:type\" content=\"article\" \/>\n<meta property=\"og:title\" content=\"Polityka prywatno\u015bci - EVOCERT\" \/>\n<meta property=\"og:description\" content=\"Szanowni Pa\u0144stwo, W zwi\u0105zku z realizacj\u0105 wymog\u00f3w Rozporz\u0105dzenia Parlamentu Europejskiego i Rady (UE) 2016\/679 z dnia 27 kwietnia 2016 r. w sprawie ochrony os\u00f3b fizycznych w zwi\u0105zku z przetwarzaniem danych osobowych i w sprawie swobodnego przep\u0142ywu takich danych oraz uchylenia dyrektywy 95\/46\/WE (og\u00f3lne rozporz\u0105dzenie o ochronie danych \u201eRODO\u201d), informujemy o zasadach przetwarzania Pani\/Pana danych osobowych [&hellip;]\" \/>\n<meta property=\"og:url\" content=\"https:\/\/evocert.pl\/en\/polityka-prywatnosci\/\" \/>\n<meta property=\"og:site_name\" content=\"EVOCERT\" \/>\n<meta property=\"article:modified_time\" content=\"2025-07-29T10:19:58+00:00\" \/>\n<meta property=\"og:image\" content=\"https:\/\/evocert.pl\/wp-content\/uploads\/2025\/01\/EVOCERT_logo_KOLOR_PNG.png\" \/>\n\t<meta property=\"og:image:width\" content=\"378\" \/>\n\t<meta property=\"og:image:height\" content=\"378\" \/>\n\t<meta property=\"og:image:type\" content=\"image\/png\" \/>\n<meta name=\"twitter:card\" content=\"summary_large_image\" \/>\n<script type=\"application\/ld+json\" class=\"yoast-schema-graph\">{\"@context\":\"https:\\\/\\\/schema.org\",\"@graph\":[{\"@type\":\"WebPage\",\"@id\":\"https:\\\/\\\/evocert.pl\\\/en\\\/polityka-prywatnosci\\\/\",\"url\":\"https:\\\/\\\/evocert.pl\\\/en\\\/polityka-prywatnosci\\\/\",\"name\":\"Polityka prywatno\u015bci - EVOCERT\",\"isPartOf\":{\"@id\":\"https:\\\/\\\/evocert.pl\\\/en\\\/#website\"},\"datePublished\":\"2024-12-12T11:49:16+00:00\",\"dateModified\":\"2025-07-29T10:19:58+00:00\",\"breadcrumb\":{\"@id\":\"https:\\\/\\\/evocert.pl\\\/en\\\/polityka-prywatnosci\\\/#breadcrumb\"},\"inLanguage\":\"en-GB\",\"potentialAction\":[{\"@type\":\"ReadAction\",\"target\":[\"https:\\\/\\\/evocert.pl\\\/en\\\/polityka-prywatnosci\\\/\"]}]},{\"@type\":\"BreadcrumbList\",\"@id\":\"https:\\\/\\\/evocert.pl\\\/en\\\/polityka-prywatnosci\\\/#breadcrumb\",\"itemListElement\":[{\"@type\":\"ListItem\",\"position\":1,\"name\":\"Strona g\u0142\u00f3wna\",\"item\":\"https:\\\/\\\/evocert.pl\\\/en\\\/\"},{\"@type\":\"ListItem\",\"position\":2,\"name\":\"Polityka prywatno\u015bci\"}]},{\"@type\":\"WebSite\",\"@id\":\"https:\\\/\\\/evocert.pl\\\/en\\\/#website\",\"url\":\"https:\\\/\\\/evocert.pl\\\/en\\\/\",\"name\":\"EVOCERT\",\"description\":\"Evolution in certification\",\"publisher\":{\"@id\":\"https:\\\/\\\/evocert.pl\\\/en\\\/#organization\"},\"potentialAction\":[{\"@type\":\"SearchAction\",\"target\":{\"@type\":\"EntryPoint\",\"urlTemplate\":\"https:\\\/\\\/evocert.pl\\\/en\\\/?s={search_term_string}\"},\"query-input\":{\"@type\":\"PropertyValueSpecification\",\"valueRequired\":true,\"valueName\":\"search_term_string\"}}],\"inLanguage\":\"en-GB\"},{\"@type\":\"Organization\",\"@id\":\"https:\\\/\\\/evocert.pl\\\/en\\\/#organization\",\"name\":\"EVOCERT\",\"url\":\"https:\\\/\\\/evocert.pl\\\/en\\\/\",\"logo\":{\"@type\":\"ImageObject\",\"inLanguage\":\"en-GB\",\"@id\":\"https:\\\/\\\/evocert.pl\\\/en\\\/#\\\/schema\\\/logo\\\/image\\\/\",\"url\":\"https:\\\/\\\/evocert.pl\\\/wp-content\\\/uploads\\\/2025\\\/01\\\/EVOCERT_logo_KOLOR_PNG.png\",\"contentUrl\":\"https:\\\/\\\/evocert.pl\\\/wp-content\\\/uploads\\\/2025\\\/01\\\/EVOCERT_logo_KOLOR_PNG.png\",\"width\":378,\"height\":378,\"caption\":\"EVOCERT\"},\"image\":{\"@id\":\"https:\\\/\\\/evocert.pl\\\/en\\\/#\\\/schema\\\/logo\\\/image\\\/\"},\"sameAs\":[\"https:\\\/\\\/www.linkedin.com\\\/company\\\/evocert-sp-z-o-o\"]}]}<\/script>\n<!-- \/ Yoast SEO plugin. -->","yoast_head_json":{"title":"Polityka prywatno\u015bci - EVOCERT","robots":{"index":"index","follow":"follow","max-snippet":"max-snippet:-1","max-image-preview":"max-image-preview:large","max-video-preview":"max-video-preview:-1"},"canonical":"https:\/\/evocert.pl\/en\/polityka-prywatnosci\/","og_locale":"en_GB","og_type":"article","og_title":"Polityka prywatno\u015bci - EVOCERT","og_description":"Szanowni Pa\u0144stwo, W zwi\u0105zku z realizacj\u0105 wymog\u00f3w Rozporz\u0105dzenia Parlamentu Europejskiego i Rady (UE) 2016\/679 z dnia 27 kwietnia 2016 r. w sprawie ochrony os\u00f3b fizycznych w zwi\u0105zku z przetwarzaniem danych osobowych i w sprawie swobodnego przep\u0142ywu takich danych oraz uchylenia dyrektywy 95\/46\/WE (og\u00f3lne rozporz\u0105dzenie o ochronie danych \u201eRODO\u201d), informujemy o zasadach przetwarzania Pani\/Pana danych osobowych [&hellip;]","og_url":"https:\/\/evocert.pl\/en\/polityka-prywatnosci\/","og_site_name":"EVOCERT","article_modified_time":"2025-07-29T10:19:58+00:00","og_image":[{"width":378,"height":378,"url":"https:\/\/evocert.pl\/wp-content\/uploads\/2025\/01\/EVOCERT_logo_KOLOR_PNG.png","type":"image\/png"}],"twitter_card":"summary_large_image","schema":{"@context":"https:\/\/schema.org","@graph":[{"@type":"WebPage","@id":"https:\/\/evocert.pl\/en\/polityka-prywatnosci\/","url":"https:\/\/evocert.pl\/en\/polityka-prywatnosci\/","name":"Polityka prywatno\u015bci - EVOCERT","isPartOf":{"@id":"https:\/\/evocert.pl\/en\/#website"},"datePublished":"2024-12-12T11:49:16+00:00","dateModified":"2025-07-29T10:19:58+00:00","breadcrumb":{"@id":"https:\/\/evocert.pl\/en\/polityka-prywatnosci\/#breadcrumb"},"inLanguage":"en-GB","potentialAction":[{"@type":"ReadAction","target":["https:\/\/evocert.pl\/en\/polityka-prywatnosci\/"]}]},{"@type":"BreadcrumbList","@id":"https:\/\/evocert.pl\/en\/polityka-prywatnosci\/#breadcrumb","itemListElement":[{"@type":"ListItem","position":1,"name":"Strona g\u0142\u00f3wna","item":"https:\/\/evocert.pl\/en\/"},{"@type":"ListItem","position":2,"name":"Polityka prywatno\u015bci"}]},{"@type":"WebSite","@id":"https:\/\/evocert.pl\/en\/#website","url":"https:\/\/evocert.pl\/en\/","name":"EVOCERT","description":"Evolution in certification","publisher":{"@id":"https:\/\/evocert.pl\/en\/#organization"},"potentialAction":[{"@type":"SearchAction","target":{"@type":"EntryPoint","urlTemplate":"https:\/\/evocert.pl\/en\/?s={search_term_string}"},"query-input":{"@type":"PropertyValueSpecification","valueRequired":true,"valueName":"search_term_string"}}],"inLanguage":"en-GB"},{"@type":"Organization","@id":"https:\/\/evocert.pl\/en\/#organization","name":"EVOCERT","url":"https:\/\/evocert.pl\/en\/","logo":{"@type":"ImageObject","inLanguage":"en-GB","@id":"https:\/\/evocert.pl\/en\/#\/schema\/logo\/image\/","url":"https:\/\/evocert.pl\/wp-content\/uploads\/2025\/01\/EVOCERT_logo_KOLOR_PNG.png","contentUrl":"https:\/\/evocert.pl\/wp-content\/uploads\/2025\/01\/EVOCERT_logo_KOLOR_PNG.png","width":378,"height":378,"caption":"EVOCERT"},"image":{"@id":"https:\/\/evocert.pl\/en\/#\/schema\/logo\/image\/"},"sameAs":["https:\/\/www.linkedin.com\/company\/evocert-sp-z-o-o"]}]}},"_links":{"self":[{"href":"https:\/\/evocert.pl\/en\/wp-json\/wp\/v2\/pages\/112","targetHints":{"allow":["GET"]}}],"collection":[{"href":"https:\/\/evocert.pl\/en\/wp-json\/wp\/v2\/pages"}],"about":[{"href":"https:\/\/evocert.pl\/en\/wp-json\/wp\/v2\/types\/page"}],"author":[{"embeddable":true,"href":"https:\/\/evocert.pl\/en\/wp-json\/wp\/v2\/users\/2"}],"replies":[{"embeddable":true,"href":"https:\/\/evocert.pl\/en\/wp-json\/wp\/v2\/comments?post=112"}],"version-history":[{"count":24,"href":"https:\/\/evocert.pl\/en\/wp-json\/wp\/v2\/pages\/112\/revisions"}],"predecessor-version":[{"id":4773,"href":"https:\/\/evocert.pl\/en\/wp-json\/wp\/v2\/pages\/112\/revisions\/4773"}],"wp:attachment":[{"href":"https:\/\/evocert.pl\/en\/wp-json\/wp\/v2\/media?parent=112"}],"curies":[{"name":"wp","href":"https:\/\/api.w.org\/{rel}","templated":true}]}}